{"id":313298,"date":"2024-09-09T12:18:43","date_gmt":"2024-09-09T12:18:43","guid":{"rendered":"https:\/\/www.nahrungsmittel-intoleranz.com\/the-h2-breath-test\/"},"modified":"2024-09-09T12:24:59","modified_gmt":"2024-09-09T12:24:59","slug":"the-h2-breath-test","status":"publish","type":"page","link":"https:\/\/www.nahrungsmittel-intoleranz.com\/en\/the-h2-breath-test\/","title":{"rendered":"The H2 breath test"},"content":{"rendered":"\n<p>The hydrogen breath test or H2 breath test helps to detect intolerances to lactose<a href=\"https:\/\/www.nahrungsmittel-intoleranz.com\/en\/diagnosis-of-lactose-intolerance\/\">(lactose intolerance<\/a>), fructose<a href=\"https:\/\/www.nahrungsmittel-intoleranz.com\/en\/diagnosis-of-fructose-intolerance\/\">(fructose malabsorption<\/a>) or sorbitol (sorbitol intolerance).\nIt can also be used to diagnose <a href=\"https:\/\/www.nahrungsmittel-intoleranz.com\/en\/small-bowel-colonization\/\">bacterial overgrowth in the small intestine<\/a>. <\/p>\n\n<h2 class=\"wp-block-heading\" id=\"h-tabelle-der-haufigsten-atemtests\">Table of the most common breath tests<\/h2>\n\n<table id=\"tablepress-2\" class=\"tablepress tablepress-id-2 tbody-has-connected-cells\">\n<thead>\n<tr class=\"row-1\">\n\t<th class=\"column-1\">Diagnose der<\/th><th class=\"column-2\">Testsubstanz<\/th><th class=\"column-3\">Menge<\/th><th class=\"column-4\">Pust-Intervall<\/th><th class=\"column-5\">Dauer des Tests<\/th>\n<\/tr>\n<\/thead>\n<tbody class=\"row-striping\">\n<tr class=\"row-2\">\n\t<td class=\"column-1\">Laktoseintoleranz<\/td><td class=\"column-2\">Laktose<\/td><td class=\"column-3\">25-50g<\/td><td class=\"column-4\">15 oder 30 min<\/td><td class=\"column-5\">2 Stunden*<\/td>\n<\/tr>\n<tr class=\"row-3\">\n\t<td class=\"column-1\">Fruktoseintoleranz<\/td><td class=\"column-2\">Fruktose<\/td><td class=\"column-3\">25g<\/td><td class=\"column-4\">15 oder 30 min<\/td><td class=\"column-5\">2 Stunden*<\/td>\n<\/tr>\n<tr class=\"row-4\">\n\t<td class=\"column-1\">DDFB<\/td><td class=\"column-2\">Glukose<\/td><td class=\"column-3\">50g<\/td><td class=\"column-4\">10-20 min<\/td><td class=\"column-5\">3 Stunden<\/td>\n<\/tr>\n<tr class=\"row-5\">\n\t<td class=\"column-1\">DDFB<\/td><td class=\"column-2\">Laktulose<\/td><td class=\"column-3\">10g<\/td><td class=\"column-4\">10-20 min<\/td><td class=\"column-5\">3 Stunden<\/td>\n<\/tr>\n<tr class=\"row-6\">\n\t<td class=\"column-1\">Sorbitintoleranz<\/td><td class=\"column-2\">Sorbit<\/td><td class=\"column-3\">5-12g<\/td><td class=\"column-4\">ca. 20 min<\/td><td class=\"column-5\">3 Stunden<\/td>\n<\/tr>\n<tr class=\"row-7\">\n\t<td colspan=\"5\" class=\"column-1\">* Sind die Werte nach 2 Stunden maximal 10-20 ppm \u00fcber den Basalwert gestiegen, sollte der Test auf 4 Stunden verl\u00e4ngert werden.<\/td>\n<\/tr>\n<\/tbody>\n<\/table>\n<!-- #tablepress-2 from cache -->\n<div class=\"wp-block-image\">\n<figure class=\"alignleft\"><img decoding=\"async\" width=\"650\" height=\"393\" src=\"https:\/\/www.nahrungsmittel-intoleranz.com\/wp-content\/uploads\/H2-Atemtest-FI-web.jpg\" alt=\"H2 breath test fructose intolerance diagnosis\" class=\"wp-image-5136\" srcset=\"https:\/\/www.nahrungsmittel-intoleranz.com\/wp-content\/uploads\/H2-Atemtest-FI-web.jpg 650w, https:\/\/www.nahrungsmittel-intoleranz.com\/wp-content\/uploads\/H2-Atemtest-FI-web-300x181.jpg 300w\" sizes=\"(max-width: 650px) 100vw, 650px\" \/><\/figure>\n<\/div>\n<p><strong>Explanations for image1<sup>)<\/sup>:<\/strong><br\/>The gray line shows a test person who does not have fructose intolerance.\nIt should be noted that the measurement with 4 measuring points (yellow line) in comparison to the frequent measurement (orange line) diagnoses intestinal fructose intolerance, but cannot make any statement about small intestine overgrowth (DDFB).\nThe blue line shows a test subject with fructose intolerance but without DDFB.  <\/p>\n\n<h2 class=\"wp-block-heading\" id=\"h-h2-atemtest-fur-dunndarmfehlbesiedelung\">H2 breath test for small intestine colonization<\/h2>\n\n<p>As <a href=\"https:\/\/www.nahrungsmittel-intoleranz.com\/en\/diagnosis-of-fructose-intolerance\/\" target=\"_blank\" rel=\"noreferrer noopener\">mentioned in this article<\/a>, you can also use the fructose breath test to diagnose small bowel dysbiosis (DDFB).\nSo if you take a fructose breath test, you can kill two birds with one stone.\nHowever, there are two other test substances that are suitable for this purpose: Lactulose and glucose.  <\/p>\n\n<p><strong>With lactulose:<\/strong> If the value after 90 minutes has already risen by more than 20 ppm or is higher than the values after 120 or 180 minutes, a small intestine overgrowth can be assumed.<\/p>\n\n<p><strong>With glucose:<\/strong> An increase of more than 20 ppm from the initial value is generally considered a positive finding.\nGlucose is absorbed very quickly and often does not even reach the posterior sections of the small intestine, which is why the lactulose test should be preferred for the diagnosis of DDFB. <\/p>\n\n<h2 class=\"wp-block-heading\" id=\"h-probleme-der-h2-atemtests\">Problems with H2 breath tests<\/h2>\n\n<p>Around 10 % of the population are <strong><sub>non-H2<\/sub> producers<\/strong>. They have bacteria that immediately metabolize the hydrogen produced. As a result, it does not get into the breath and therefore cannot be measured. However, as the diagnosis is also based on the symptoms, these patients can also be diagnosed. If severe symptoms occur during the course of the day, the test is also positive despite the hydrogen levels in the breath not increasing. This is why it is so important to document the symptoms on that day and, if necessary, report them to the doctor immediately. Actually, in addition to hydrogen, methane should also be measured in the breath, as this allows non-responders to be identified. However, as these test devices are more expensive, these tests are very rarely carried out in practice.<\/p>\n\n<p>If possible, your doctor should carry out a blood test to determine other blood values (in the case of fructose intolerance, these are primarily folic acid, B12, serum amylase, lipase, zinc and iron).<\/p>\n\n<h2 class=\"wp-block-heading\" id=\"h-funktionieren-h2-heimtests\">Do H2 home tests work?<\/h2>\n\n<p>Breath H2 samples remain stable at room temperature for up to six hours.\nIf longer storage is required, the samples should be stored at -20 \u00b0C, as approximately one third of the hydrogen escapes from the container within a few days2<sup>)<\/sup>.\nDue to this limitation, home testing by mail is not recommended.  <\/p>\n\n<h2 class=\"wp-block-heading\" id=\"h-quellen\">Sources:<\/h2>\n\n<p class=\"has-small-font-size\">1) Zechmann-Khreis, M., own figure<br\/>2) Corazza, G. R. <em>et al.<\/em> Methodology of the H2 breath test.\nI. Collection and storage for gas measurement.   <em>Ital.\nJ. Gastroenterol. <\/em> <strong>22<\/strong>, 200-204 (1990).<br\/>3) Satish S.C. Rao, Ashok Attaluri, Leslie Anderson, Phyllis Stumbo; &#8220;Ability of the Normal Human Small Intestine to Absorb Fructose: Evaluation by Breath Testing&#8221;; Clinical Gastroenterology and Hepatology 2007;5:959-963<br\/>4) Mastropaolo, G., &amp; Rees, W. D. (1987). Evaluation of the hydrogen breath test in man: definition and elimination of the early hydrogen peak. Gut, 28(6), 721-5.<br\/>5) Simr\u00e9n, M., &amp; Stotzer, P.-O. (2006). Use and abuse of hydrogen breath tests. Gut, 55(3), 297-303. doi:10.1136\/gut.2005.075127<br\/>6) Yang, J.-F., Fox, M., Chu, H., Zheng, X., Long, Y.-Q., Pohl, D., &#8230; Dai, N. (2015). Four-sample lactose hydrogen breath test for diagnosis of lactose malabsorption in irritable bowel syndrome patients with diarrhea. World Journal of Gastroenterology, 21(24), 7563. doi:10.3748\/wjg.v21.i24.7563<br\/>7) Methodology and Indications of H2-Breath Testing in Gastrointestinal Diseases: the Rome Consensus Conference. Alimentary Pharmacology &amp; Therapeutics, 29: 1-49. 2009.\ndoi:10.1111\/j.1365-2036.2009.03951.x<br\/>8) Atemtests bei gastrointestinalen Erkrankungen, \u00d6STERREICHISCHE \u00c4RZTEZEITUNG, mai 2022, CAZ State of the Art <\/p>\n\n<ol class=\"wp-block-list\">\n<li><\/li>\n<\/ol>\n\n<ol class=\"wp-block-list\">\n<li><\/li>\n<\/ol>\n","protected":false},"excerpt":{"rendered":"<p>The hydrogen breath test or H2 breath test helps to detect intolerances to lactose(lactose intolerance), fructose(fructose malabsorption) or sorbitol (sorbitol intolerance). It can also be used to diagnose bacterial overgrowth in the small intestine. Table of the most common breath tests Explanations for image1):The gray line shows a test person who does not have fructose [&hellip;]<\/p>\n","protected":false},"author":2,"featured_media":313146,"parent":0,"menu_order":17,"comment_status":"closed","ping_status":"closed","template":"","meta":{"_lmt_disableupdate":"","_lmt_disable":"","wprm-recipe-roundup-name":"","wprm-recipe-roundup-description":"","footnotes":""},"class_list":["post-313298","page","type-page","status-publish","has-post-thumbnail","hentry"],"yoast_head":"<!-- This site is optimized with the Yoast SEO Premium plugin v27.3 (Yoast SEO v27.3) - https:\/\/yoast.com\/product\/yoast-seo-premium-wordpress\/ -->\n<title>The H2 breath test &#8211; nmi-Portal \u2013 Ern\u00e4hrung im Fokus<\/title>\n<meta name=\"description\" content=\"What are H2 breath tests and how do they work? Click here &amp; learn all about The H2 breath test at food-intolerance.com\" \/>\n<meta name=\"robots\" content=\"index, follow, max-snippet:-1, max-image-preview:large, max-video-preview:-1\" \/>\n<link rel=\"canonical\" href=\"https:\/\/www.nahrungsmittel-intoleranz.com\/en\/the-h2-breath-test\/\" \/>\n<meta property=\"og:locale\" content=\"en_US\" \/>\n<meta property=\"og:type\" content=\"article\" \/>\n<meta property=\"og:title\" content=\"The H2 breath test\" \/>\n<meta property=\"og:description\" content=\"What are H2 breath tests and how do they work? Click here &amp; learn all about The H2 breath test at food-intolerance.com\" \/>\n<meta property=\"og:url\" content=\"https:\/\/www.nahrungsmittel-intoleranz.com\/en\/the-h2-breath-test\/\" \/>\n<meta property=\"og:site_name\" content=\"nmi-Portal \u2013 Ern\u00e4hrung im Fokus\" \/>\n<meta property=\"article:publisher\" content=\"https:\/\/www.researchgate.net\/profile\/Michael_Zechmann\" \/>\n<meta property=\"article:modified_time\" content=\"2024-09-09T12:24:59+00:00\" \/>\n<meta property=\"og:image\" content=\"https:\/\/www.nahrungsmittel-intoleranz.com\/wp-content\/uploads\/H2-Atemtest_KIBing_MZK.jpg\" \/>\n\t<meta property=\"og:image:width\" content=\"1024\" \/>\n\t<meta property=\"og:image:height\" content=\"1024\" \/>\n\t<meta property=\"og:image:type\" content=\"image\/jpeg\" \/>\n<meta name=\"twitter:card\" content=\"summary_large_image\" \/>\n<script type=\"application\/ld+json\" class=\"yoast-schema-graph\">{\"@context\":\"https:\\\/\\\/schema.org\",\"@graph\":[{\"@type\":\"Article\",\"@id\":\"https:\\\/\\\/www.nahrungsmittel-intoleranz.com\\\/en\\\/the-h2-breath-test\\\/#article\",\"isPartOf\":{\"@id\":\"https:\\\/\\\/www.nahrungsmittel-intoleranz.com\\\/en\\\/the-h2-breath-test\\\/\"},\"author\":{\"name\":\"Dr. Michael Zechmann-Khreis\",\"@id\":\"https:\\\/\\\/www.nahrungsmittel-intoleranz.com\\\/en\\\/#\\\/schema\\\/person\\\/886bf98ff51d901de32aa6e29968eb8d\"},\"headline\":\"The H2 breath test\",\"datePublished\":\"2024-09-09T12:18:43+00:00\",\"dateModified\":\"2024-09-09T12:24:59+00:00\",\"mainEntityOfPage\":{\"@id\":\"https:\\\/\\\/www.nahrungsmittel-intoleranz.com\\\/en\\\/the-h2-breath-test\\\/\"},\"wordCount\":650,\"publisher\":{\"@id\":\"https:\\\/\\\/www.nahrungsmittel-intoleranz.com\\\/#organization\"},\"image\":{\"@id\":\"https:\\\/\\\/www.nahrungsmittel-intoleranz.com\\\/en\\\/the-h2-breath-test\\\/#primaryimage\"},\"thumbnailUrl\":\"https:\\\/\\\/www.nahrungsmittel-intoleranz.com\\\/wp-content\\\/uploads\\\/H2-Atemtest_KIBing_MZK.jpg\",\"inLanguage\":\"en-US\"},{\"@type\":[\"WebPage\",\"MedicalWebPage\"],\"@id\":\"https:\\\/\\\/www.nahrungsmittel-intoleranz.com\\\/en\\\/the-h2-breath-test\\\/\",\"url\":\"https:\\\/\\\/www.nahrungsmittel-intoleranz.com\\\/en\\\/the-h2-breath-test\\\/\",\"name\":\"The H2 breath test &#8211; nmi-Portal \u2013 Ern\u00e4hrung im Fokus\",\"isPartOf\":{\"@id\":\"https:\\\/\\\/www.nahrungsmittel-intoleranz.com\\\/en\\\/#website\"},\"primaryImageOfPage\":{\"@id\":\"https:\\\/\\\/www.nahrungsmittel-intoleranz.com\\\/en\\\/the-h2-breath-test\\\/#primaryimage\"},\"image\":{\"@id\":\"https:\\\/\\\/www.nahrungsmittel-intoleranz.com\\\/en\\\/the-h2-breath-test\\\/#primaryimage\"},\"thumbnailUrl\":\"https:\\\/\\\/www.nahrungsmittel-intoleranz.com\\\/wp-content\\\/uploads\\\/H2-Atemtest_KIBing_MZK.jpg\",\"datePublished\":\"2024-09-09T12:18:43+00:00\",\"dateModified\":\"2024-09-09T12:24:59+00:00\",\"description\":\"What are H2 breath tests and how do they work? Click here & learn all about The H2 breath test at food-intolerance.com\",\"breadcrumb\":{\"@id\":\"https:\\\/\\\/www.nahrungsmittel-intoleranz.com\\\/en\\\/the-h2-breath-test\\\/#breadcrumb\"},\"inLanguage\":\"en-US\",\"potentialAction\":[{\"@type\":\"ReadAction\",\"target\":[\"https:\\\/\\\/www.nahrungsmittel-intoleranz.com\\\/en\\\/the-h2-breath-test\\\/\"]}]},{\"@type\":\"ImageObject\",\"inLanguage\":\"en-US\",\"@id\":\"https:\\\/\\\/www.nahrungsmittel-intoleranz.com\\\/en\\\/the-h2-breath-test\\\/#primaryimage\",\"url\":\"https:\\\/\\\/www.nahrungsmittel-intoleranz.com\\\/wp-content\\\/uploads\\\/H2-Atemtest_KIBing_MZK.jpg\",\"contentUrl\":\"https:\\\/\\\/www.nahrungsmittel-intoleranz.com\\\/wp-content\\\/uploads\\\/H2-Atemtest_KIBing_MZK.jpg\",\"width\":1024,\"height\":1024,\"caption\":\"Person macht H2 Atemtest\"},{\"@type\":\"BreadcrumbList\",\"@id\":\"https:\\\/\\\/www.nahrungsmittel-intoleranz.com\\\/en\\\/the-h2-breath-test\\\/#breadcrumb\",\"itemListElement\":[{\"@type\":\"ListItem\",\"position\":1,\"name\":\"Startseite\",\"item\":\"https:\\\/\\\/www.nahrungsmittel-intoleranz.com\\\/en\\\/\"},{\"@type\":\"ListItem\",\"position\":2,\"name\":\"The H2 breath test\"}]},{\"@type\":\"WebSite\",\"@id\":\"https:\\\/\\\/www.nahrungsmittel-intoleranz.com\\\/en\\\/#website\",\"url\":\"https:\\\/\\\/www.nahrungsmittel-intoleranz.com\\\/en\\\/\",\"name\":\"nmi-Portal \u2013 Ern\u00e4hrung im Fokus\",\"description\":\"Laktose, Fruktose, Histaminintoleranz &amp; Darm\",\"publisher\":{\"@id\":\"https:\\\/\\\/www.nahrungsmittel-intoleranz.com\\\/#organization\"},\"alternateName\":\"Portal f\u00fcr Nahrungsmittelintoleranz\",\"potentialAction\":[{\"@type\":\"SearchAction\",\"target\":{\"@type\":\"EntryPoint\",\"urlTemplate\":\"https:\\\/\\\/www.nahrungsmittel-intoleranz.com\\\/en\\\/?s={search_term_string}\"},\"query-input\":{\"@type\":\"PropertyValueSpecification\",\"valueRequired\":true,\"valueName\":\"search_term_string\"}}],\"inLanguage\":\"en-US\"},{\"@type\":\"Person\",\"@id\":\"https:\\\/\\\/www.nahrungsmittel-intoleranz.com\\\/en\\\/#\\\/schema\\\/person\\\/886bf98ff51d901de32aa6e29968eb8d\",\"name\":\"Dr. Michael Zechmann-Khreis\",\"image\":{\"@type\":\"ImageObject\",\"inLanguage\":\"en-US\",\"@id\":\"https:\\\/\\\/www.nahrungsmittel-intoleranz.com\\\/wp-content\\\/uploads\\\/Zechmann__web.jpg\",\"url\":\"https:\\\/\\\/www.nahrungsmittel-intoleranz.com\\\/wp-content\\\/uploads\\\/Zechmann__web.jpg\",\"contentUrl\":\"https:\\\/\\\/www.nahrungsmittel-intoleranz.com\\\/wp-content\\\/uploads\\\/Zechmann__web.jpg\",\"width\":800,\"height\":800,\"caption\":\"Dr. Michael Zechmann-Khreis\"},\"logo\":{\"@id\":\"https:\\\/\\\/www.nahrungsmittel-intoleranz.com\\\/wp-content\\\/uploads\\\/Zechmann__web.jpg\"},\"description\":\"Dr. Michael Zechmann-Khreis ist Ern\u00e4hrungsbiologe und Gr\u00fcnder des nmi-Portals. Er ist Professor an der P\u00e4dagogischen Hochschule Tirol (Professur f\u00fcr Ern\u00e4hrungswissenschaft, Nachhaltigkeit und Gesundheit), ist Autor verschiedener Ern\u00e4hrungsb\u00fccher und bloggt hier \u00fcber seine Erfahrungen als Betroffener (Laktose- und Fruktoseintoleranz) sowie \u00fcber allgemeine Ern\u00e4hrungsthemen.\",\"sameAs\":[\"https:\\\/\\\/scholar.google.com\\\/citations?user=8ZsLoCgAAAAJ&amp;hl=de\",\"https:\\\/\\\/www.researchgate.net\\\/profile\\\/Michael_Zechmann\",\"https:\\\/\\\/orcid.org\\\/0009-0004-7792-935X\",\"https:\\\/\\\/oesterreichwiki.org\\\/wiki\\\/Michael_Zechmann-Khreis\"],\"honorificPrefix\":\"Mag. Dr.\",\"gender\":\"m\u00e4nnlich\",\"knowsLanguage\":[\"Deutsch\",\"Englisch\"],\"worksFor\":{\"@type\":\"Organization\",\"name\":\"P\u00e4dagogische Hochschule Tirol\",\"url\":\"https:\\\/\\\/www.ph-tirol.ac.at\\\/\"},\"url\":\"https:\\\/\\\/www.nahrungsmittel-intoleranz.com\\\/en\\\/author\\\/michaelzechmann\\\/\"}]}<\/script>\n<!-- \/ Yoast SEO Premium plugin. -->","yoast_head_json":{"title":"The H2 breath test &#8211; nmi-Portal \u2013 Ern\u00e4hrung im Fokus","description":"What are H2 breath tests and how do they work? Click here & learn all about The H2 breath test at food-intolerance.com","robots":{"index":"index","follow":"follow","max-snippet":"max-snippet:-1","max-image-preview":"max-image-preview:large","max-video-preview":"max-video-preview:-1"},"canonical":"https:\/\/www.nahrungsmittel-intoleranz.com\/en\/the-h2-breath-test\/","og_locale":"en_US","og_type":"article","og_title":"The H2 breath test","og_description":"What are H2 breath tests and how do they work? Click here & learn all about The H2 breath test at food-intolerance.com","og_url":"https:\/\/www.nahrungsmittel-intoleranz.com\/en\/the-h2-breath-test\/","og_site_name":"nmi-Portal \u2013 Ern\u00e4hrung im Fokus","article_publisher":"https:\/\/www.researchgate.net\/profile\/Michael_Zechmann","article_modified_time":"2024-09-09T12:24:59+00:00","og_image":[{"width":1024,"height":1024,"url":"https:\/\/www.nahrungsmittel-intoleranz.com\/wp-content\/uploads\/H2-Atemtest_KIBing_MZK.jpg","type":"image\/jpeg"}],"twitter_card":"summary_large_image","schema":{"@context":"https:\/\/schema.org","@graph":[{"@type":"Article","@id":"https:\/\/www.nahrungsmittel-intoleranz.com\/en\/the-h2-breath-test\/#article","isPartOf":{"@id":"https:\/\/www.nahrungsmittel-intoleranz.com\/en\/the-h2-breath-test\/"},"author":{"name":"Dr. Michael Zechmann-Khreis","@id":"https:\/\/www.nahrungsmittel-intoleranz.com\/en\/#\/schema\/person\/886bf98ff51d901de32aa6e29968eb8d"},"headline":"The H2 breath test","datePublished":"2024-09-09T12:18:43+00:00","dateModified":"2024-09-09T12:24:59+00:00","mainEntityOfPage":{"@id":"https:\/\/www.nahrungsmittel-intoleranz.com\/en\/the-h2-breath-test\/"},"wordCount":650,"publisher":{"@id":"https:\/\/www.nahrungsmittel-intoleranz.com\/#organization"},"image":{"@id":"https:\/\/www.nahrungsmittel-intoleranz.com\/en\/the-h2-breath-test\/#primaryimage"},"thumbnailUrl":"https:\/\/www.nahrungsmittel-intoleranz.com\/wp-content\/uploads\/H2-Atemtest_KIBing_MZK.jpg","inLanguage":"en-US"},{"@type":["WebPage","MedicalWebPage"],"@id":"https:\/\/www.nahrungsmittel-intoleranz.com\/en\/the-h2-breath-test\/","url":"https:\/\/www.nahrungsmittel-intoleranz.com\/en\/the-h2-breath-test\/","name":"The H2 breath test &#8211; nmi-Portal \u2013 Ern\u00e4hrung im Fokus","isPartOf":{"@id":"https:\/\/www.nahrungsmittel-intoleranz.com\/en\/#website"},"primaryImageOfPage":{"@id":"https:\/\/www.nahrungsmittel-intoleranz.com\/en\/the-h2-breath-test\/#primaryimage"},"image":{"@id":"https:\/\/www.nahrungsmittel-intoleranz.com\/en\/the-h2-breath-test\/#primaryimage"},"thumbnailUrl":"https:\/\/www.nahrungsmittel-intoleranz.com\/wp-content\/uploads\/H2-Atemtest_KIBing_MZK.jpg","datePublished":"2024-09-09T12:18:43+00:00","dateModified":"2024-09-09T12:24:59+00:00","description":"What are H2 breath tests and how do they work? Click here & learn all about The H2 breath test at food-intolerance.com","breadcrumb":{"@id":"https:\/\/www.nahrungsmittel-intoleranz.com\/en\/the-h2-breath-test\/#breadcrumb"},"inLanguage":"en-US","potentialAction":[{"@type":"ReadAction","target":["https:\/\/www.nahrungsmittel-intoleranz.com\/en\/the-h2-breath-test\/"]}]},{"@type":"ImageObject","inLanguage":"en-US","@id":"https:\/\/www.nahrungsmittel-intoleranz.com\/en\/the-h2-breath-test\/#primaryimage","url":"https:\/\/www.nahrungsmittel-intoleranz.com\/wp-content\/uploads\/H2-Atemtest_KIBing_MZK.jpg","contentUrl":"https:\/\/www.nahrungsmittel-intoleranz.com\/wp-content\/uploads\/H2-Atemtest_KIBing_MZK.jpg","width":1024,"height":1024,"caption":"Person macht H2 Atemtest"},{"@type":"BreadcrumbList","@id":"https:\/\/www.nahrungsmittel-intoleranz.com\/en\/the-h2-breath-test\/#breadcrumb","itemListElement":[{"@type":"ListItem","position":1,"name":"Startseite","item":"https:\/\/www.nahrungsmittel-intoleranz.com\/en\/"},{"@type":"ListItem","position":2,"name":"The H2 breath test"}]},{"@type":"WebSite","@id":"https:\/\/www.nahrungsmittel-intoleranz.com\/en\/#website","url":"https:\/\/www.nahrungsmittel-intoleranz.com\/en\/","name":"nmi-Portal \u2013 Ern\u00e4hrung im Fokus","description":"Laktose, Fruktose, Histaminintoleranz &amp; Darm","publisher":{"@id":"https:\/\/www.nahrungsmittel-intoleranz.com\/#organization"},"alternateName":"Portal f\u00fcr Nahrungsmittelintoleranz","potentialAction":[{"@type":"SearchAction","target":{"@type":"EntryPoint","urlTemplate":"https:\/\/www.nahrungsmittel-intoleranz.com\/en\/?s={search_term_string}"},"query-input":{"@type":"PropertyValueSpecification","valueRequired":true,"valueName":"search_term_string"}}],"inLanguage":"en-US"},{"@type":"Person","@id":"https:\/\/www.nahrungsmittel-intoleranz.com\/en\/#\/schema\/person\/886bf98ff51d901de32aa6e29968eb8d","name":"Dr. Michael Zechmann-Khreis","image":{"@type":"ImageObject","inLanguage":"en-US","@id":"https:\/\/www.nahrungsmittel-intoleranz.com\/wp-content\/uploads\/Zechmann__web.jpg","url":"https:\/\/www.nahrungsmittel-intoleranz.com\/wp-content\/uploads\/Zechmann__web.jpg","contentUrl":"https:\/\/www.nahrungsmittel-intoleranz.com\/wp-content\/uploads\/Zechmann__web.jpg","width":800,"height":800,"caption":"Dr. Michael Zechmann-Khreis"},"logo":{"@id":"https:\/\/www.nahrungsmittel-intoleranz.com\/wp-content\/uploads\/Zechmann__web.jpg"},"description":"Dr. Michael Zechmann-Khreis ist Ern\u00e4hrungsbiologe und Gr\u00fcnder des nmi-Portals. Er ist Professor an der P\u00e4dagogischen Hochschule Tirol (Professur f\u00fcr Ern\u00e4hrungswissenschaft, Nachhaltigkeit und Gesundheit), ist Autor verschiedener Ern\u00e4hrungsb\u00fccher und bloggt hier \u00fcber seine Erfahrungen als Betroffener (Laktose- und Fruktoseintoleranz) sowie \u00fcber allgemeine Ern\u00e4hrungsthemen.","sameAs":["https:\/\/scholar.google.com\/citations?user=8ZsLoCgAAAAJ&amp;hl=de","https:\/\/www.researchgate.net\/profile\/Michael_Zechmann","https:\/\/orcid.org\/0009-0004-7792-935X","https:\/\/oesterreichwiki.org\/wiki\/Michael_Zechmann-Khreis"],"honorificPrefix":"Mag. Dr.","gender":"m\u00e4nnlich","knowsLanguage":["Deutsch","Englisch"],"worksFor":{"@type":"Organization","name":"P\u00e4dagogische Hochschule Tirol","url":"https:\/\/www.ph-tirol.ac.at\/"},"url":"https:\/\/www.nahrungsmittel-intoleranz.com\/en\/author\/michaelzechmann\/"}]}},"_links":{"self":[{"href":"https:\/\/www.nahrungsmittel-intoleranz.com\/en\/wp-json\/wp\/v2\/pages\/313298","targetHints":{"allow":["GET"]}}],"collection":[{"href":"https:\/\/www.nahrungsmittel-intoleranz.com\/en\/wp-json\/wp\/v2\/pages"}],"about":[{"href":"https:\/\/www.nahrungsmittel-intoleranz.com\/en\/wp-json\/wp\/v2\/types\/page"}],"author":[{"embeddable":true,"href":"https:\/\/www.nahrungsmittel-intoleranz.com\/en\/wp-json\/wp\/v2\/users\/2"}],"replies":[{"embeddable":true,"href":"https:\/\/www.nahrungsmittel-intoleranz.com\/en\/wp-json\/wp\/v2\/comments?post=313298"}],"version-history":[{"count":0,"href":"https:\/\/www.nahrungsmittel-intoleranz.com\/en\/wp-json\/wp\/v2\/pages\/313298\/revisions"}],"wp:featuredmedia":[{"embeddable":true,"href":"https:\/\/www.nahrungsmittel-intoleranz.com\/en\/wp-json\/wp\/v2\/media\/313146"}],"wp:attachment":[{"href":"https:\/\/www.nahrungsmittel-intoleranz.com\/en\/wp-json\/wp\/v2\/media?parent=313298"}],"curies":[{"name":"wp","href":"https:\/\/api.w.org\/{rel}","templated":true}]}}