{"id":307793,"date":"2019-04-08T19:34:36","date_gmt":"2019-04-08T19:34:36","guid":{"rendered":"https:\/\/www.nahrungsmittel-intoleranz.com\/lactose-what-is-it\/"},"modified":"2024-09-05T12:07:23","modified_gmt":"2024-09-05T12:07:23","slug":"lactose-what-is-it","status":"publish","type":"page","link":"https:\/\/www.nahrungsmittel-intoleranz.com\/en\/lactose-what-is-it\/","title":{"rendered":"Lactose: What is it?"},"content":{"rendered":"\n<p>The milk of mammals contains a significant amount of sugar, known as <strong>milk sugar <\/strong>or <strong>lactose <\/strong>.\nIn nature, there are different types of sugar, all of which consist of carbon atoms and usually combine in ring form to form a unit.\nThese units can occur as <strong>single sugars <\/strong>(monosaccharides), <strong>double sugars<\/strong> (disaccharides) or <strong>multiple sugars <\/strong>(polysaccharides).\nLactose is a disaccharide consisting of the two simple sugars galactose (mucilage sugar) and glucose (grape sugar)<sup>.1<\/sup>.   <\/p>\n\n<h2 class=\"wp-block-heading\" id=\"h-woher-kommt-die-bezeichnung-laktose\">Where does the term &#8220;lactose&#8221; come from?<\/h2>\n\n<p>The name &#8220;lactose&#8221; comes from the Latin word for milk (&#8220;lac, lactis&#8221;).\nIn nature, lactose is found exclusively in the milk of mammals, including human breast milk.\nAll types of milk that we consume today &#8211; whether cow&#8217;s milk, goat&#8217;s milk or sheep&#8217;s milk &#8211; contain approximately the same amount of lactose.\nThis also applies to products made from these types of milk, such as sheep&#8217;s or goat&#8217;s cheese.\nOnly very few animals, such as kangaroos and sea lions, have almost lactose-free breast milk<sup>.2,3<\/sup>.    <\/p>\n\n<h2 class=\"wp-block-heading\" id=\"h-laktose-wird-im-darm-gespalten\">Lactose is broken down in the intestine<\/h2>\n<div class=\"wp-block-image\">\n<figure class=\"alignleft size-full is-resized\"><img decoding=\"async\" width=\"4476\" height=\"2984\" src=\"https:\/\/www.nahrungsmittel-intoleranz.com\/wp-content\/uploads\/jagoda-kondratiuk-sDeGlMAwcH4-unsplash.jpg\" alt=\"Photo by Jagoda Kondratiuk on Unsplash\" class=\"wp-image-2270\" style=\"width:300px\" srcset=\"https:\/\/www.nahrungsmittel-intoleranz.com\/wp-content\/uploads\/jagoda-kondratiuk-sDeGlMAwcH4-unsplash.jpg 4476w, https:\/\/www.nahrungsmittel-intoleranz.com\/wp-content\/uploads\/jagoda-kondratiuk-sDeGlMAwcH4-unsplash-300x200.jpg 300w, https:\/\/www.nahrungsmittel-intoleranz.com\/wp-content\/uploads\/jagoda-kondratiuk-sDeGlMAwcH4-unsplash-768x512.jpg 768w, https:\/\/www.nahrungsmittel-intoleranz.com\/wp-content\/uploads\/jagoda-kondratiuk-sDeGlMAwcH4-unsplash-1024x683.jpg 1024w\" sizes=\"(max-width: 4476px) 100vw, 4476px\" \/><\/figure>\n<\/div>\n<p>Lactose is broken down into two individual sugars in our intestines by the <strong>enzyme lactase <\/strong>, as only these individual sugars can be absorbed into our bloodstream via the wall of the small intestine.\nIf this lactase enzyme is not present in sufficient quantities or does not function properly, this is known as <strong><a title=\"Lactose intolerance information\" href=\"https:\/\/www.nahrungsmittel-intoleranz.com\/en\/what-is-lactose-intolerance\/\">lactose intolerance<\/a><\/strong>.  But it&#8217;s not just our intestines that can break down lactose, bacteria can do it too. This happens in our intestines in the same way as, for example, during cheese production or the maturing of yoghurt. This is why many cheeses that have been matured for a long time are lactose-free.<\/p>\n\n<h2 class=\"wp-block-heading\" id=\"h-laktose-in-der-industrie\">Lactose in the industry<\/h2>\n\n<p>Lactose is a by-product of the dairy industry. It is obtained from whey left over from cheese production. Lactose is correspondingly cheap and has only 20% of the sweetening power of household sugar <strong>sucrose<\/strong>. Lactose is therefore well suited as a filler and carrier for medicines or doughs. It has many other properties that are often used by the food industry. For example, lactose creates a pleasant creamy feeling in the mouth or a nice tan when heated. This is why lactose is often found in products where you would not normally expect to find it. It is found in bread, snacks, sausages and chips. So if you have a lactose intolerance, you should always check the &#8220;lactose-free&#8221; label or read the list of ingredients &#8211; even if the product should not contain any lactose according to common sense. Lactose (or milk) must be labeled in the EU.<\/p>\n\n<h2 class=\"wp-block-heading\" id=\"h-laktose-in-medikamenten\">Lactose in medicines<\/h2>\n\n<p>The amount of lactose in medicines is usually too low to cause problems in the case of lactose intolerance. Caution is nevertheless advisable. It is best to talk to your pharmacist.<\/p>\n\n<h3 class=\"wp-block-heading\" id=\"h-quellen\">Sources:<br\/><\/h3>\n\n<p class=\"has-small-font-size\">1) Stryer, L., Biochemie, Specktrum Akademischer Verlag, 4th edition<br\/>2) King J.E., 1983:<a rel=\"noreferrer noopener\" href=\"https:\/\/doi.org\/10.1017\/S0030605300019062\" target=\"_blank\">&#8220;Seals of the world&#8221;, Oxford Universitv Press<\/a><br\/>3) Weiss, Eugen; &#8220;Grundriss der speziellen pathologischen Anatomie der Haustiere&#8221;, 6th edition; Verlag Enke; 2007; p.324<\/p>\n","protected":false},"excerpt":{"rendered":"<p>The milk of mammals contains a significant amount of sugar, known as milk sugar or lactose . In nature, there are different types of sugar, all of which consist of carbon atoms and usually combine in ring form to form a unit. These units can occur as single sugars (monosaccharides), double sugars (disaccharides) or multiple [&hellip;]<\/p>\n","protected":false},"author":2,"featured_media":307599,"parent":0,"menu_order":100,"comment_status":"closed","ping_status":"closed","template":"","meta":{"_lmt_disableupdate":"","_lmt_disable":"","wprm-recipe-roundup-name":"","wprm-recipe-roundup-description":"","footnotes":""},"class_list":["post-307793","page","type-page","status-publish","has-post-thumbnail","hentry"],"yoast_head":"<!-- This site is optimized with the Yoast SEO Premium plugin v27.4 (Yoast SEO v27.4) - https:\/\/yoast.com\/product\/yoast-seo-premium-wordpress\/ -->\n<title>Lactose: What is it? Where is lactose found? All information here.<\/title>\n<meta name=\"description\" content=\"What is lactose? Which foods contain lactose? Click here &amp; find out everything you need to know about lactose and lactose intolerance.\" \/>\n<meta name=\"robots\" content=\"index, follow, max-snippet:-1, max-image-preview:large, max-video-preview:-1\" \/>\n<link rel=\"canonical\" href=\"https:\/\/www.nahrungsmittel-intoleranz.com\/en\/lactose-what-is-it\/\" \/>\n<meta property=\"og:locale\" content=\"en_US\" \/>\n<meta property=\"og:type\" content=\"article\" \/>\n<meta property=\"og:title\" content=\"Lactose: What is it?\" \/>\n<meta property=\"og:description\" content=\"What is lactose? Which foods contain lactose? Click here &amp; find out everything you need to know about lactose and lactose intolerance.\" \/>\n<meta property=\"og:url\" content=\"https:\/\/www.nahrungsmittel-intoleranz.com\/en\/lactose-what-is-it\/\" \/>\n<meta property=\"og:site_name\" content=\"nmi-Portal \u2013 Ern\u00e4hrung im Fokus\" \/>\n<meta property=\"article:publisher\" content=\"https:\/\/www.researchgate.net\/profile\/Michael_Zechmann\" \/>\n<meta property=\"article:modified_time\" content=\"2024-09-05T12:07:23+00:00\" \/>\n<meta property=\"og:image\" content=\"https:\/\/www.nahrungsmittel-intoleranz.com\/wp-content\/uploads\/jagoda-kondratiuk-sDeGlMAwcH4-unsplash.jpg\" \/>\n\t<meta property=\"og:image:width\" content=\"4476\" \/>\n\t<meta property=\"og:image:height\" content=\"2984\" \/>\n\t<meta property=\"og:image:type\" content=\"image\/jpeg\" \/>\n<meta name=\"twitter:card\" content=\"summary_large_image\" \/>\n<script type=\"application\/ld+json\" class=\"yoast-schema-graph\">{\"@context\":\"https:\\\/\\\/schema.org\",\"@graph\":[{\"@type\":\"Article\",\"@id\":\"https:\\\/\\\/www.nahrungsmittel-intoleranz.com\\\/en\\\/lactose-what-is-it\\\/#article\",\"isPartOf\":{\"@id\":\"https:\\\/\\\/www.nahrungsmittel-intoleranz.com\\\/en\\\/lactose-what-is-it\\\/\"},\"author\":{\"name\":\"Dr. Michael Zechmann-Khreis\",\"@id\":\"https:\\\/\\\/www.nahrungsmittel-intoleranz.com\\\/en\\\/#\\\/schema\\\/person\\\/886bf98ff51d901de32aa6e29968eb8d\"},\"headline\":\"Lactose: What is it?\",\"datePublished\":\"2019-04-08T19:34:36+00:00\",\"dateModified\":\"2024-09-05T12:07:23+00:00\",\"mainEntityOfPage\":{\"@id\":\"https:\\\/\\\/www.nahrungsmittel-intoleranz.com\\\/en\\\/lactose-what-is-it\\\/\"},\"wordCount\":504,\"publisher\":{\"@id\":\"https:\\\/\\\/www.nahrungsmittel-intoleranz.com\\\/#organization\"},\"image\":{\"@id\":\"https:\\\/\\\/www.nahrungsmittel-intoleranz.com\\\/en\\\/lactose-what-is-it\\\/#primaryimage\"},\"thumbnailUrl\":\"https:\\\/\\\/www.nahrungsmittel-intoleranz.com\\\/wp-content\\\/uploads\\\/jagoda-kondratiuk-sDeGlMAwcH4-unsplash.jpg\",\"articleSection\":[\"Lactose intolerance information\"],\"inLanguage\":\"en-US\"},{\"@type\":[\"WebPage\",\"MedicalWebPage\"],\"@id\":\"https:\\\/\\\/www.nahrungsmittel-intoleranz.com\\\/en\\\/lactose-what-is-it\\\/\",\"url\":\"https:\\\/\\\/www.nahrungsmittel-intoleranz.com\\\/en\\\/lactose-what-is-it\\\/\",\"name\":\"Lactose: What is it? Where is lactose found? All information here.\",\"isPartOf\":{\"@id\":\"https:\\\/\\\/www.nahrungsmittel-intoleranz.com\\\/en\\\/#website\"},\"primaryImageOfPage\":{\"@id\":\"https:\\\/\\\/www.nahrungsmittel-intoleranz.com\\\/en\\\/lactose-what-is-it\\\/#primaryimage\"},\"image\":{\"@id\":\"https:\\\/\\\/www.nahrungsmittel-intoleranz.com\\\/en\\\/lactose-what-is-it\\\/#primaryimage\"},\"thumbnailUrl\":\"https:\\\/\\\/www.nahrungsmittel-intoleranz.com\\\/wp-content\\\/uploads\\\/jagoda-kondratiuk-sDeGlMAwcH4-unsplash.jpg\",\"datePublished\":\"2019-04-08T19:34:36+00:00\",\"dateModified\":\"2024-09-05T12:07:23+00:00\",\"description\":\"What is lactose? Which foods contain lactose? Click here & find out everything you need to know about lactose and lactose intolerance.\",\"breadcrumb\":{\"@id\":\"https:\\\/\\\/www.nahrungsmittel-intoleranz.com\\\/en\\\/lactose-what-is-it\\\/#breadcrumb\"},\"inLanguage\":\"en-US\",\"potentialAction\":[{\"@type\":\"ReadAction\",\"target\":[\"https:\\\/\\\/www.nahrungsmittel-intoleranz.com\\\/en\\\/lactose-what-is-it\\\/\"]}]},{\"@type\":\"ImageObject\",\"inLanguage\":\"en-US\",\"@id\":\"https:\\\/\\\/www.nahrungsmittel-intoleranz.com\\\/en\\\/lactose-what-is-it\\\/#primaryimage\",\"url\":\"https:\\\/\\\/www.nahrungsmittel-intoleranz.com\\\/wp-content\\\/uploads\\\/jagoda-kondratiuk-sDeGlMAwcH4-unsplash.jpg\",\"contentUrl\":\"https:\\\/\\\/www.nahrungsmittel-intoleranz.com\\\/wp-content\\\/uploads\\\/jagoda-kondratiuk-sDeGlMAwcH4-unsplash.jpg\",\"width\":4476,\"height\":2984,\"caption\":\"Photo by Jagoda Kondratiuk on Unsplash\"},{\"@type\":\"BreadcrumbList\",\"@id\":\"https:\\\/\\\/www.nahrungsmittel-intoleranz.com\\\/en\\\/lactose-what-is-it\\\/#breadcrumb\",\"itemListElement\":[{\"@type\":\"ListItem\",\"position\":1,\"name\":\"Startseite\",\"item\":\"https:\\\/\\\/www.nahrungsmittel-intoleranz.com\\\/en\\\/\"},{\"@type\":\"ListItem\",\"position\":2,\"name\":\"Lactose: What is it?\"}]},{\"@type\":\"WebSite\",\"@id\":\"https:\\\/\\\/www.nahrungsmittel-intoleranz.com\\\/en\\\/#website\",\"url\":\"https:\\\/\\\/www.nahrungsmittel-intoleranz.com\\\/en\\\/\",\"name\":\"nmi-Portal \u2013 Ern\u00e4hrung im Fokus\",\"description\":\"Laktose, Fruktose, Histaminintoleranz &amp; Darm\",\"publisher\":{\"@id\":\"https:\\\/\\\/www.nahrungsmittel-intoleranz.com\\\/#organization\"},\"alternateName\":\"Portal f\u00fcr Nahrungsmittelintoleranz\",\"potentialAction\":[{\"@type\":\"SearchAction\",\"target\":{\"@type\":\"EntryPoint\",\"urlTemplate\":\"https:\\\/\\\/www.nahrungsmittel-intoleranz.com\\\/en\\\/?s={search_term_string}\"},\"query-input\":{\"@type\":\"PropertyValueSpecification\",\"valueRequired\":true,\"valueName\":\"search_term_string\"}}],\"inLanguage\":\"en-US\"},{\"@type\":\"Person\",\"@id\":\"https:\\\/\\\/www.nahrungsmittel-intoleranz.com\\\/en\\\/#\\\/schema\\\/person\\\/886bf98ff51d901de32aa6e29968eb8d\",\"name\":\"Dr. Michael Zechmann-Khreis\",\"image\":{\"@type\":\"ImageObject\",\"inLanguage\":\"en-US\",\"@id\":\"https:\\\/\\\/www.nahrungsmittel-intoleranz.com\\\/wp-content\\\/uploads\\\/Zechmann__web.jpg\",\"url\":\"https:\\\/\\\/www.nahrungsmittel-intoleranz.com\\\/wp-content\\\/uploads\\\/Zechmann__web.jpg\",\"contentUrl\":\"https:\\\/\\\/www.nahrungsmittel-intoleranz.com\\\/wp-content\\\/uploads\\\/Zechmann__web.jpg\",\"width\":800,\"height\":800,\"caption\":\"Dr. Michael Zechmann-Khreis\"},\"logo\":{\"@id\":\"https:\\\/\\\/www.nahrungsmittel-intoleranz.com\\\/wp-content\\\/uploads\\\/Zechmann__web.jpg\"},\"description\":\"Dr. Michael Zechmann-Khreis ist Ern\u00e4hrungsbiologe und Gr\u00fcnder des nmi-Portals. Er ist Professor an der P\u00e4dagogischen Hochschule Tirol (Professur f\u00fcr Ern\u00e4hrungswissenschaft, Nachhaltigkeit und Gesundheit), ist Autor verschiedener Ern\u00e4hrungsb\u00fccher und bloggt hier \u00fcber seine Erfahrungen als Betroffener (Laktose- und Fruktoseintoleranz) sowie \u00fcber allgemeine Ern\u00e4hrungsthemen.\",\"sameAs\":[\"https:\\\/\\\/scholar.google.com\\\/citations?user=8ZsLoCgAAAAJ&amp;hl=de\",\"https:\\\/\\\/www.researchgate.net\\\/profile\\\/Michael_Zechmann\",\"https:\\\/\\\/orcid.org\\\/0009-0004-7792-935X\",\"https:\\\/\\\/oesterreichwiki.org\\\/wiki\\\/Michael_Zechmann-Khreis\"],\"honorificPrefix\":\"Mag. Dr.\",\"gender\":\"m\u00e4nnlich\",\"knowsLanguage\":[\"Deutsch\",\"Englisch\"],\"worksFor\":{\"@type\":\"Organization\",\"name\":\"P\u00e4dagogische Hochschule Tirol\",\"url\":\"https:\\\/\\\/www.ph-tirol.ac.at\\\/\"},\"url\":\"https:\\\/\\\/www.nahrungsmittel-intoleranz.com\\\/en\\\/author\\\/michaelzechmann\\\/\"}]}<\/script>\n<!-- \/ Yoast SEO Premium plugin. -->","yoast_head_json":{"title":"Lactose: What is it? Where is lactose found? All information here.","description":"What is lactose? Which foods contain lactose? Click here & find out everything you need to know about lactose and lactose intolerance.","robots":{"index":"index","follow":"follow","max-snippet":"max-snippet:-1","max-image-preview":"max-image-preview:large","max-video-preview":"max-video-preview:-1"},"canonical":"https:\/\/www.nahrungsmittel-intoleranz.com\/en\/lactose-what-is-it\/","og_locale":"en_US","og_type":"article","og_title":"Lactose: What is it?","og_description":"What is lactose? Which foods contain lactose? Click here & find out everything you need to know about lactose and lactose intolerance.","og_url":"https:\/\/www.nahrungsmittel-intoleranz.com\/en\/lactose-what-is-it\/","og_site_name":"nmi-Portal \u2013 Ern\u00e4hrung im Fokus","article_publisher":"https:\/\/www.researchgate.net\/profile\/Michael_Zechmann","article_modified_time":"2024-09-05T12:07:23+00:00","og_image":[{"width":4476,"height":2984,"url":"https:\/\/www.nahrungsmittel-intoleranz.com\/wp-content\/uploads\/jagoda-kondratiuk-sDeGlMAwcH4-unsplash.jpg","type":"image\/jpeg"}],"twitter_card":"summary_large_image","schema":{"@context":"https:\/\/schema.org","@graph":[{"@type":"Article","@id":"https:\/\/www.nahrungsmittel-intoleranz.com\/en\/lactose-what-is-it\/#article","isPartOf":{"@id":"https:\/\/www.nahrungsmittel-intoleranz.com\/en\/lactose-what-is-it\/"},"author":{"name":"Dr. Michael Zechmann-Khreis","@id":"https:\/\/www.nahrungsmittel-intoleranz.com\/en\/#\/schema\/person\/886bf98ff51d901de32aa6e29968eb8d"},"headline":"Lactose: What is it?","datePublished":"2019-04-08T19:34:36+00:00","dateModified":"2024-09-05T12:07:23+00:00","mainEntityOfPage":{"@id":"https:\/\/www.nahrungsmittel-intoleranz.com\/en\/lactose-what-is-it\/"},"wordCount":504,"publisher":{"@id":"https:\/\/www.nahrungsmittel-intoleranz.com\/#organization"},"image":{"@id":"https:\/\/www.nahrungsmittel-intoleranz.com\/en\/lactose-what-is-it\/#primaryimage"},"thumbnailUrl":"https:\/\/www.nahrungsmittel-intoleranz.com\/wp-content\/uploads\/jagoda-kondratiuk-sDeGlMAwcH4-unsplash.jpg","articleSection":["Lactose intolerance information"],"inLanguage":"en-US"},{"@type":["WebPage","MedicalWebPage"],"@id":"https:\/\/www.nahrungsmittel-intoleranz.com\/en\/lactose-what-is-it\/","url":"https:\/\/www.nahrungsmittel-intoleranz.com\/en\/lactose-what-is-it\/","name":"Lactose: What is it? Where is lactose found? All information here.","isPartOf":{"@id":"https:\/\/www.nahrungsmittel-intoleranz.com\/en\/#website"},"primaryImageOfPage":{"@id":"https:\/\/www.nahrungsmittel-intoleranz.com\/en\/lactose-what-is-it\/#primaryimage"},"image":{"@id":"https:\/\/www.nahrungsmittel-intoleranz.com\/en\/lactose-what-is-it\/#primaryimage"},"thumbnailUrl":"https:\/\/www.nahrungsmittel-intoleranz.com\/wp-content\/uploads\/jagoda-kondratiuk-sDeGlMAwcH4-unsplash.jpg","datePublished":"2019-04-08T19:34:36+00:00","dateModified":"2024-09-05T12:07:23+00:00","description":"What is lactose? Which foods contain lactose? Click here & find out everything you need to know about lactose and lactose intolerance.","breadcrumb":{"@id":"https:\/\/www.nahrungsmittel-intoleranz.com\/en\/lactose-what-is-it\/#breadcrumb"},"inLanguage":"en-US","potentialAction":[{"@type":"ReadAction","target":["https:\/\/www.nahrungsmittel-intoleranz.com\/en\/lactose-what-is-it\/"]}]},{"@type":"ImageObject","inLanguage":"en-US","@id":"https:\/\/www.nahrungsmittel-intoleranz.com\/en\/lactose-what-is-it\/#primaryimage","url":"https:\/\/www.nahrungsmittel-intoleranz.com\/wp-content\/uploads\/jagoda-kondratiuk-sDeGlMAwcH4-unsplash.jpg","contentUrl":"https:\/\/www.nahrungsmittel-intoleranz.com\/wp-content\/uploads\/jagoda-kondratiuk-sDeGlMAwcH4-unsplash.jpg","width":4476,"height":2984,"caption":"Photo by Jagoda Kondratiuk on Unsplash"},{"@type":"BreadcrumbList","@id":"https:\/\/www.nahrungsmittel-intoleranz.com\/en\/lactose-what-is-it\/#breadcrumb","itemListElement":[{"@type":"ListItem","position":1,"name":"Startseite","item":"https:\/\/www.nahrungsmittel-intoleranz.com\/en\/"},{"@type":"ListItem","position":2,"name":"Lactose: What is it?"}]},{"@type":"WebSite","@id":"https:\/\/www.nahrungsmittel-intoleranz.com\/en\/#website","url":"https:\/\/www.nahrungsmittel-intoleranz.com\/en\/","name":"nmi-Portal \u2013 Ern\u00e4hrung im Fokus","description":"Laktose, Fruktose, Histaminintoleranz &amp; Darm","publisher":{"@id":"https:\/\/www.nahrungsmittel-intoleranz.com\/#organization"},"alternateName":"Portal f\u00fcr Nahrungsmittelintoleranz","potentialAction":[{"@type":"SearchAction","target":{"@type":"EntryPoint","urlTemplate":"https:\/\/www.nahrungsmittel-intoleranz.com\/en\/?s={search_term_string}"},"query-input":{"@type":"PropertyValueSpecification","valueRequired":true,"valueName":"search_term_string"}}],"inLanguage":"en-US"},{"@type":"Person","@id":"https:\/\/www.nahrungsmittel-intoleranz.com\/en\/#\/schema\/person\/886bf98ff51d901de32aa6e29968eb8d","name":"Dr. Michael Zechmann-Khreis","image":{"@type":"ImageObject","inLanguage":"en-US","@id":"https:\/\/www.nahrungsmittel-intoleranz.com\/wp-content\/uploads\/Zechmann__web.jpg","url":"https:\/\/www.nahrungsmittel-intoleranz.com\/wp-content\/uploads\/Zechmann__web.jpg","contentUrl":"https:\/\/www.nahrungsmittel-intoleranz.com\/wp-content\/uploads\/Zechmann__web.jpg","width":800,"height":800,"caption":"Dr. Michael Zechmann-Khreis"},"logo":{"@id":"https:\/\/www.nahrungsmittel-intoleranz.com\/wp-content\/uploads\/Zechmann__web.jpg"},"description":"Dr. Michael Zechmann-Khreis ist Ern\u00e4hrungsbiologe und Gr\u00fcnder des nmi-Portals. Er ist Professor an der P\u00e4dagogischen Hochschule Tirol (Professur f\u00fcr Ern\u00e4hrungswissenschaft, Nachhaltigkeit und Gesundheit), ist Autor verschiedener Ern\u00e4hrungsb\u00fccher und bloggt hier \u00fcber seine Erfahrungen als Betroffener (Laktose- und Fruktoseintoleranz) sowie \u00fcber allgemeine Ern\u00e4hrungsthemen.","sameAs":["https:\/\/scholar.google.com\/citations?user=8ZsLoCgAAAAJ&amp;hl=de","https:\/\/www.researchgate.net\/profile\/Michael_Zechmann","https:\/\/orcid.org\/0009-0004-7792-935X","https:\/\/oesterreichwiki.org\/wiki\/Michael_Zechmann-Khreis"],"honorificPrefix":"Mag. Dr.","gender":"m\u00e4nnlich","knowsLanguage":["Deutsch","Englisch"],"worksFor":{"@type":"Organization","name":"P\u00e4dagogische Hochschule Tirol","url":"https:\/\/www.ph-tirol.ac.at\/"},"url":"https:\/\/www.nahrungsmittel-intoleranz.com\/en\/author\/michaelzechmann\/"}]}},"_links":{"self":[{"href":"https:\/\/www.nahrungsmittel-intoleranz.com\/en\/wp-json\/wp\/v2\/pages\/307793","targetHints":{"allow":["GET"]}}],"collection":[{"href":"https:\/\/www.nahrungsmittel-intoleranz.com\/en\/wp-json\/wp\/v2\/pages"}],"about":[{"href":"https:\/\/www.nahrungsmittel-intoleranz.com\/en\/wp-json\/wp\/v2\/types\/page"}],"author":[{"embeddable":true,"href":"https:\/\/www.nahrungsmittel-intoleranz.com\/en\/wp-json\/wp\/v2\/users\/2"}],"replies":[{"embeddable":true,"href":"https:\/\/www.nahrungsmittel-intoleranz.com\/en\/wp-json\/wp\/v2\/comments?post=307793"}],"version-history":[{"count":0,"href":"https:\/\/www.nahrungsmittel-intoleranz.com\/en\/wp-json\/wp\/v2\/pages\/307793\/revisions"}],"wp:featuredmedia":[{"embeddable":true,"href":"https:\/\/www.nahrungsmittel-intoleranz.com\/en\/wp-json\/wp\/v2\/media\/307599"}],"wp:attachment":[{"href":"https:\/\/www.nahrungsmittel-intoleranz.com\/en\/wp-json\/wp\/v2\/media?parent=307793"}],"curies":[{"name":"wp","href":"https:\/\/api.w.org\/{rel}","templated":true}]}}