{"id":307773,"date":"2019-06-21T07:11:28","date_gmt":"2019-06-21T07:11:28","guid":{"rendered":"https:\/\/www.nahrungsmittel-intoleranz.com\/cooperation-partners\/"},"modified":"2023-12-09T12:55:24","modified_gmt":"2023-12-09T12:55:24","slug":"cooperation-partners","status":"publish","type":"page","link":"https:\/\/www.nahrungsmittel-intoleranz.com\/en\/cooperation-partners\/","title":{"rendered":"Cooperation partners &amp; friends"},"content":{"rendered":"\n<p>We are pleased to be able to work with many national and international cooperation partners. Here you will also find websites that the editors think are good and would like to recommend to you.<\/p>\n\n<h2 class=\"wp-block-heading\" id=\"h-fachpersonal\">Specialist staff<a href=\"https:\/\/www.nahrungsmittel-intoleranz.com\/de\/component\/weblinks\/weblink\/241-kooperationspartner\/101-ganzmed-haus-der-gesundheit.html\" target=\"_blank\" rel=\"noreferrer noopener\"><\/a><\/h2>\n\n<h3 class=\"wp-block-heading\" id=\"h-eat4fun-ernahrungsberatung\">EAT4FUN &#8211; Nutritional advice<\/h3>\n\n<p><a aria-label=\"Die Praxis f&#xFC;r Ern&#xE4;hrung und Bewegung des Di&#xE4;tologen Alexander Osl (&#xF6;ffnet in neuem Tab)\" href=\"https:\/\/www.eat4fun.eu\/\" target=\"_blank\" rel=\"noreferrer noopener\">Dietician Alexander Osl&#8217;s practice for nutrition and exercise<\/a> is part of a network of dieticians, doctors, psychologists and sports trainers. Alexander Osl is a scientific advisor at the nmi portal. Registered office: W\u00f6rgl, Austria<\/p>\n\n<h3 class=\"wp-block-heading\" id=\"h-ganzmed-haus-der-gesundheit\">Ganzmed &#8211; House of Health<\/h3>\n\n<p><a aria-label=\"Die Praxis der Heil- und Chiropraktiker (&#xF6;ffnet in neuem Tab)\" href=\"https:\/\/www.ulmheilpraktiker.de\/\" target=\"_blank\" rel=\"noreferrer noopener\">The practice of naturopaths and chiropractors<\/a> offers a concept of modern medicine and sound scientific naturopathy. The head of the practice, Anastasios Sitaridis, is a scientific advisor to the nmi portal. Registered office: Ulm, Germany<a href=\"https:\/\/www.nahrungsmittel-intoleranz.com\/de\/component\/weblinks\/weblink\/241-kooperationspartner\/102-eat4fun-ernaehrungsberatung.html\" target=\"_blank\" rel=\"noreferrer noopener\"><\/a><\/p>\n\n<h2 class=\"wp-block-heading\" id=\"h-webseiten-projekte-organisationen\">Websites, projects, organizations<\/h2>\n\n<h3 class=\"wp-block-heading\" id=\"h-osterreichischer-pollenwarndienst\">Austrian pollen warning service  <\/h3>\n\n<p>The <a aria-label=\"&#xD6;sterreischische Pollenwarndienst (&#xF6;ffnet in neuem Tab)\" href=\"https:\/\/www.pollenwarndienst.at\/\" target=\"_blank\" rel=\"noreferrer noopener\">Austrian Pollen Monitoring Service<\/a> provides information about the current pollen count in Austria. The information is based on measured values and is scientifically sound. The Austrian Pollen Monitoring Service came into being through the voluntary association and cooperation of experts from the federal states and produces cross-state situation reports and forecasts. Registered office: Vienna, Austria<br\/>It also offers a free app that provides very good information on the current pollen count.  <\/p>\n\n<h3 class=\"wp-block-heading\" id=\"h-naturlich-lecker\">Naturally delicious<\/h3>\n\n<p>A recipe site that does not specialize in intolerances, but whose <a href=\"https:\/\/www.natuerlichlecker.net\" target=\"_blank\" rel=\"noreferrer noopener\">recipes can provide a lot of inspiration<\/a>. Many recipes can be easily modified. There are also over 850 cooking videos to fuel your cooking inspiration.<\/p>\n\n<h3 class=\"wp-block-heading\" id=\"h-mitohnekochen-com\">withohnekochen.com<\/h3>\n\n<p>This website is a large <a href=\"https:\/\/www.mitohnekochen.com\" target=\"_blank\" rel=\"noreferrer noopener\" aria-label=\"Rezeptdatenbank f&#xFC;r Menschen mit Nahrungsmittel-Intoleranzen (&#xF6;ffnet in neuem Tab)\">recipe database for people with food intolerances<\/a> and food allergies. You can filter and search all recipes according to your personal food intolerances free of charge.  <\/p>\n\n<h3 class=\"wp-block-heading\" id=\"h-frusano\">Frusano  <\/h3>\n\n<p><a aria-label=\"Hersteller fructosefreier Lebensmittel (&#xF6;ffnet in neuem Tab)\" href=\"https:\/\/www.frusano.de\" target=\"_blank\" rel=\"noreferrer noopener\">Manufacturer of fructose-free foods <\/a>without added granulated sugar with dextrose and fructose-free glucose syrup. The German company Frusano was founded in 2006 and has been developing more and more fructose-free foods ever since.<\/p>\n\n<h3 class=\"wp-block-heading\" id=\"h-was-vegetarier-wollen\">What vegetarians want<\/h3>\n\n<p>A vegetarian diet can contribute to better health and a more ecological lifestyle. Our cooperation partner provides feedback on menus, analyzes the food on offer and advises restaurants on the benefits of vegetarian options in restaurants. You can find the range of <a href=\"https:\/\/www.was-vegetarier-wollen.at\" target=\"_blank\" rel=\"noreferrer noopener\">What vegetarians want<\/a> here.<\/p>\n\n<h3 class=\"wp-block-heading\" id=\"h-histamine-intolerance-awareness\">Histamine Intolerance Awareness  <\/h3>\n\n<p>The campaign aims to raise <a href=\"https:\/\/www.histamineintolerance.org.uk\/\" target=\"_blank\" rel=\"noreferrer noopener\" aria-label=\"Bewu&#xDF;tsein f&#xFC;r Histaminintoleranz (&#xF6;ffnet in neuem Tab)\">awareness of histamine intolerance<\/a> in the UK and other English-speaking countries. The founder, Genny Masterman, works closely with the nmi portal and is co-author of our first book. Registered office: England<\/p>\n","protected":false},"excerpt":{"rendered":"<p>We are pleased to be able to work with many national and international cooperation partners. Here you will also find websites that the editors think are good and would like to recommend to you. Specialist staff EAT4FUN &#8211; Nutritional advice Dietician Alexander Osl&#8217;s practice for nutrition and exercise is part of a network of dieticians, [&hellip;]<\/p>\n","protected":false},"author":2,"featured_media":0,"parent":0,"menu_order":55,"comment_status":"closed","ping_status":"closed","template":"","meta":{"_lmt_disableupdate":"","_lmt_disable":"","wprm-recipe-roundup-name":"","wprm-recipe-roundup-description":"","footnotes":""},"class_list":["post-307773","page","type-page","status-publish","hentry"],"yoast_head":"<!-- This site is optimized with the Yoast SEO Premium plugin v27.4 (Yoast SEO v27.4) - https:\/\/yoast.com\/product\/yoast-seo-premium-wordpress\/ -->\n<title>Cooperation partners &amp; friends &#8211; nmi-Portal \u2013 Ern\u00e4hrung im Fokus<\/title>\n<meta name=\"description\" content=\"These companies and partners form the network of the nmi portal.\" \/>\n<meta name=\"robots\" content=\"index, follow, max-snippet:-1, max-image-preview:large, max-video-preview:-1\" \/>\n<link rel=\"canonical\" href=\"https:\/\/www.nahrungsmittel-intoleranz.com\/en\/cooperation-partners\/\" \/>\n<meta property=\"og:locale\" content=\"en_US\" \/>\n<meta property=\"og:type\" content=\"article\" \/>\n<meta property=\"og:title\" content=\"Cooperation partners &amp; friends\" \/>\n<meta property=\"og:description\" content=\"These companies and partners form the network of the nmi portal.\" \/>\n<meta property=\"og:url\" content=\"https:\/\/www.nahrungsmittel-intoleranz.com\/en\/cooperation-partners\/\" \/>\n<meta property=\"og:site_name\" content=\"nmi-Portal \u2013 Ern\u00e4hrung im Fokus\" \/>\n<meta property=\"article:publisher\" content=\"https:\/\/www.researchgate.net\/profile\/Michael_Zechmann\" \/>\n<meta property=\"article:modified_time\" content=\"2023-12-09T12:55:24+00:00\" \/>\n<meta property=\"og:image\" content=\"https:\/\/www.nahrungsmittel-intoleranz.com\/wp-content\/uploads\/Close-up-extreme-macro-photograph-of-fresh-chicken-tomato-salad-and-a-glass-of-white-wine.-Moody-low-key-lighting-strong-shadows-emphasizing-textures.jpg\" \/>\n\t<meta property=\"og:image:width\" content=\"1024\" \/>\n\t<meta property=\"og:image:height\" content=\"1024\" \/>\n\t<meta property=\"og:image:type\" content=\"image\/jpeg\" \/>\n<meta name=\"twitter:card\" content=\"summary_large_image\" \/>\n<script type=\"application\/ld+json\" class=\"yoast-schema-graph\">{\"@context\":\"https:\\\/\\\/schema.org\",\"@graph\":[{\"@type\":\"Article\",\"@id\":\"https:\\\/\\\/www.nahrungsmittel-intoleranz.com\\\/en\\\/cooperation-partners\\\/#article\",\"isPartOf\":{\"@id\":\"https:\\\/\\\/www.nahrungsmittel-intoleranz.com\\\/en\\\/cooperation-partners\\\/\"},\"author\":{\"name\":\"Dr. Michael Zechmann-Khreis\",\"@id\":\"https:\\\/\\\/www.nahrungsmittel-intoleranz.com\\\/en\\\/#\\\/schema\\\/person\\\/886bf98ff51d901de32aa6e29968eb8d\"},\"headline\":\"Cooperation partners &amp; friends\",\"datePublished\":\"2019-06-21T07:11:28+00:00\",\"dateModified\":\"2023-12-09T12:55:24+00:00\",\"mainEntityOfPage\":{\"@id\":\"https:\\\/\\\/www.nahrungsmittel-intoleranz.com\\\/en\\\/cooperation-partners\\\/\"},\"wordCount\":390,\"publisher\":{\"@id\":\"https:\\\/\\\/www.nahrungsmittel-intoleranz.com\\\/#organization\"},\"inLanguage\":\"en-US\"},{\"@type\":[\"WebPage\",\"MedicalWebPage\"],\"@id\":\"https:\\\/\\\/www.nahrungsmittel-intoleranz.com\\\/en\\\/cooperation-partners\\\/\",\"url\":\"https:\\\/\\\/www.nahrungsmittel-intoleranz.com\\\/en\\\/cooperation-partners\\\/\",\"name\":\"Cooperation partners &amp; friends &#8211; nmi-Portal \u2013 Ern\u00e4hrung im Fokus\",\"isPartOf\":{\"@id\":\"https:\\\/\\\/www.nahrungsmittel-intoleranz.com\\\/en\\\/#website\"},\"datePublished\":\"2019-06-21T07:11:28+00:00\",\"dateModified\":\"2023-12-09T12:55:24+00:00\",\"description\":\"These companies and partners form the network of the nmi portal.\",\"breadcrumb\":{\"@id\":\"https:\\\/\\\/www.nahrungsmittel-intoleranz.com\\\/en\\\/cooperation-partners\\\/#breadcrumb\"},\"inLanguage\":\"en-US\",\"potentialAction\":[{\"@type\":\"ReadAction\",\"target\":[\"https:\\\/\\\/www.nahrungsmittel-intoleranz.com\\\/en\\\/cooperation-partners\\\/\"]}]},{\"@type\":\"BreadcrumbList\",\"@id\":\"https:\\\/\\\/www.nahrungsmittel-intoleranz.com\\\/en\\\/cooperation-partners\\\/#breadcrumb\",\"itemListElement\":[{\"@type\":\"ListItem\",\"position\":1,\"name\":\"Startseite\",\"item\":\"https:\\\/\\\/www.nahrungsmittel-intoleranz.com\\\/en\\\/\"},{\"@type\":\"ListItem\",\"position\":2,\"name\":\"Cooperation partners &amp; friends\"}]},{\"@type\":\"WebSite\",\"@id\":\"https:\\\/\\\/www.nahrungsmittel-intoleranz.com\\\/en\\\/#website\",\"url\":\"https:\\\/\\\/www.nahrungsmittel-intoleranz.com\\\/en\\\/\",\"name\":\"nmi-Portal \u2013 Ern\u00e4hrung im Fokus\",\"description\":\"Laktose, Fruktose, Histaminintoleranz &amp; Darm\",\"publisher\":{\"@id\":\"https:\\\/\\\/www.nahrungsmittel-intoleranz.com\\\/#organization\"},\"alternateName\":\"Portal f\u00fcr Nahrungsmittelintoleranz\",\"potentialAction\":[{\"@type\":\"SearchAction\",\"target\":{\"@type\":\"EntryPoint\",\"urlTemplate\":\"https:\\\/\\\/www.nahrungsmittel-intoleranz.com\\\/en\\\/?s={search_term_string}\"},\"query-input\":{\"@type\":\"PropertyValueSpecification\",\"valueRequired\":true,\"valueName\":\"search_term_string\"}}],\"inLanguage\":\"en-US\"},{\"@type\":\"Person\",\"@id\":\"https:\\\/\\\/www.nahrungsmittel-intoleranz.com\\\/en\\\/#\\\/schema\\\/person\\\/886bf98ff51d901de32aa6e29968eb8d\",\"name\":\"Dr. Michael Zechmann-Khreis\",\"image\":{\"@type\":\"ImageObject\",\"inLanguage\":\"en-US\",\"@id\":\"https:\\\/\\\/www.nahrungsmittel-intoleranz.com\\\/wp-content\\\/uploads\\\/Zechmann__web.jpg\",\"url\":\"https:\\\/\\\/www.nahrungsmittel-intoleranz.com\\\/wp-content\\\/uploads\\\/Zechmann__web.jpg\",\"contentUrl\":\"https:\\\/\\\/www.nahrungsmittel-intoleranz.com\\\/wp-content\\\/uploads\\\/Zechmann__web.jpg\",\"width\":800,\"height\":800,\"caption\":\"Dr. Michael Zechmann-Khreis\"},\"logo\":{\"@id\":\"https:\\\/\\\/www.nahrungsmittel-intoleranz.com\\\/wp-content\\\/uploads\\\/Zechmann__web.jpg\"},\"description\":\"Dr. Michael Zechmann-Khreis ist Ern\u00e4hrungsbiologe und Gr\u00fcnder des nmi-Portals. Er ist Professor an der P\u00e4dagogischen Hochschule Tirol (Professur f\u00fcr Ern\u00e4hrungswissenschaft, Nachhaltigkeit und Gesundheit), ist Autor verschiedener Ern\u00e4hrungsb\u00fccher und bloggt hier \u00fcber seine Erfahrungen als Betroffener (Laktose- und Fruktoseintoleranz) sowie \u00fcber allgemeine Ern\u00e4hrungsthemen.\",\"sameAs\":[\"https:\\\/\\\/scholar.google.com\\\/citations?user=8ZsLoCgAAAAJ&amp;hl=de\",\"https:\\\/\\\/www.researchgate.net\\\/profile\\\/Michael_Zechmann\",\"https:\\\/\\\/orcid.org\\\/0009-0004-7792-935X\",\"https:\\\/\\\/oesterreichwiki.org\\\/wiki\\\/Michael_Zechmann-Khreis\"],\"honorificPrefix\":\"Mag. Dr.\",\"gender\":\"m\u00e4nnlich\",\"knowsLanguage\":[\"Deutsch\",\"Englisch\"],\"worksFor\":{\"@type\":\"Organization\",\"name\":\"P\u00e4dagogische Hochschule Tirol\",\"url\":\"https:\\\/\\\/www.ph-tirol.ac.at\\\/\"},\"url\":\"https:\\\/\\\/www.nahrungsmittel-intoleranz.com\\\/en\\\/author\\\/michaelzechmann\\\/\"}]}<\/script>\n<!-- \/ Yoast SEO Premium plugin. -->","yoast_head_json":{"title":"Cooperation partners &amp; friends &#8211; nmi-Portal \u2013 Ern\u00e4hrung im Fokus","description":"These companies and partners form the network of the nmi portal.","robots":{"index":"index","follow":"follow","max-snippet":"max-snippet:-1","max-image-preview":"max-image-preview:large","max-video-preview":"max-video-preview:-1"},"canonical":"https:\/\/www.nahrungsmittel-intoleranz.com\/en\/cooperation-partners\/","og_locale":"en_US","og_type":"article","og_title":"Cooperation partners &amp; friends","og_description":"These companies and partners form the network of the nmi portal.","og_url":"https:\/\/www.nahrungsmittel-intoleranz.com\/en\/cooperation-partners\/","og_site_name":"nmi-Portal \u2013 Ern\u00e4hrung im Fokus","article_publisher":"https:\/\/www.researchgate.net\/profile\/Michael_Zechmann","article_modified_time":"2023-12-09T12:55:24+00:00","og_image":[{"width":1024,"height":1024,"url":"https:\/\/www.nahrungsmittel-intoleranz.com\/wp-content\/uploads\/Close-up-extreme-macro-photograph-of-fresh-chicken-tomato-salad-and-a-glass-of-white-wine.-Moody-low-key-lighting-strong-shadows-emphasizing-textures.jpg","type":"image\/jpeg"}],"twitter_card":"summary_large_image","schema":{"@context":"https:\/\/schema.org","@graph":[{"@type":"Article","@id":"https:\/\/www.nahrungsmittel-intoleranz.com\/en\/cooperation-partners\/#article","isPartOf":{"@id":"https:\/\/www.nahrungsmittel-intoleranz.com\/en\/cooperation-partners\/"},"author":{"name":"Dr. Michael Zechmann-Khreis","@id":"https:\/\/www.nahrungsmittel-intoleranz.com\/en\/#\/schema\/person\/886bf98ff51d901de32aa6e29968eb8d"},"headline":"Cooperation partners &amp; friends","datePublished":"2019-06-21T07:11:28+00:00","dateModified":"2023-12-09T12:55:24+00:00","mainEntityOfPage":{"@id":"https:\/\/www.nahrungsmittel-intoleranz.com\/en\/cooperation-partners\/"},"wordCount":390,"publisher":{"@id":"https:\/\/www.nahrungsmittel-intoleranz.com\/#organization"},"inLanguage":"en-US"},{"@type":["WebPage","MedicalWebPage"],"@id":"https:\/\/www.nahrungsmittel-intoleranz.com\/en\/cooperation-partners\/","url":"https:\/\/www.nahrungsmittel-intoleranz.com\/en\/cooperation-partners\/","name":"Cooperation partners &amp; friends &#8211; nmi-Portal \u2013 Ern\u00e4hrung im Fokus","isPartOf":{"@id":"https:\/\/www.nahrungsmittel-intoleranz.com\/en\/#website"},"datePublished":"2019-06-21T07:11:28+00:00","dateModified":"2023-12-09T12:55:24+00:00","description":"These companies and partners form the network of the nmi portal.","breadcrumb":{"@id":"https:\/\/www.nahrungsmittel-intoleranz.com\/en\/cooperation-partners\/#breadcrumb"},"inLanguage":"en-US","potentialAction":[{"@type":"ReadAction","target":["https:\/\/www.nahrungsmittel-intoleranz.com\/en\/cooperation-partners\/"]}]},{"@type":"BreadcrumbList","@id":"https:\/\/www.nahrungsmittel-intoleranz.com\/en\/cooperation-partners\/#breadcrumb","itemListElement":[{"@type":"ListItem","position":1,"name":"Startseite","item":"https:\/\/www.nahrungsmittel-intoleranz.com\/en\/"},{"@type":"ListItem","position":2,"name":"Cooperation partners &amp; friends"}]},{"@type":"WebSite","@id":"https:\/\/www.nahrungsmittel-intoleranz.com\/en\/#website","url":"https:\/\/www.nahrungsmittel-intoleranz.com\/en\/","name":"nmi-Portal \u2013 Ern\u00e4hrung im Fokus","description":"Laktose, Fruktose, Histaminintoleranz &amp; Darm","publisher":{"@id":"https:\/\/www.nahrungsmittel-intoleranz.com\/#organization"},"alternateName":"Portal f\u00fcr Nahrungsmittelintoleranz","potentialAction":[{"@type":"SearchAction","target":{"@type":"EntryPoint","urlTemplate":"https:\/\/www.nahrungsmittel-intoleranz.com\/en\/?s={search_term_string}"},"query-input":{"@type":"PropertyValueSpecification","valueRequired":true,"valueName":"search_term_string"}}],"inLanguage":"en-US"},{"@type":"Person","@id":"https:\/\/www.nahrungsmittel-intoleranz.com\/en\/#\/schema\/person\/886bf98ff51d901de32aa6e29968eb8d","name":"Dr. Michael Zechmann-Khreis","image":{"@type":"ImageObject","inLanguage":"en-US","@id":"https:\/\/www.nahrungsmittel-intoleranz.com\/wp-content\/uploads\/Zechmann__web.jpg","url":"https:\/\/www.nahrungsmittel-intoleranz.com\/wp-content\/uploads\/Zechmann__web.jpg","contentUrl":"https:\/\/www.nahrungsmittel-intoleranz.com\/wp-content\/uploads\/Zechmann__web.jpg","width":800,"height":800,"caption":"Dr. Michael Zechmann-Khreis"},"logo":{"@id":"https:\/\/www.nahrungsmittel-intoleranz.com\/wp-content\/uploads\/Zechmann__web.jpg"},"description":"Dr. Michael Zechmann-Khreis ist Ern\u00e4hrungsbiologe und Gr\u00fcnder des nmi-Portals. Er ist Professor an der P\u00e4dagogischen Hochschule Tirol (Professur f\u00fcr Ern\u00e4hrungswissenschaft, Nachhaltigkeit und Gesundheit), ist Autor verschiedener Ern\u00e4hrungsb\u00fccher und bloggt hier \u00fcber seine Erfahrungen als Betroffener (Laktose- und Fruktoseintoleranz) sowie \u00fcber allgemeine Ern\u00e4hrungsthemen.","sameAs":["https:\/\/scholar.google.com\/citations?user=8ZsLoCgAAAAJ&amp;hl=de","https:\/\/www.researchgate.net\/profile\/Michael_Zechmann","https:\/\/orcid.org\/0009-0004-7792-935X","https:\/\/oesterreichwiki.org\/wiki\/Michael_Zechmann-Khreis"],"honorificPrefix":"Mag. Dr.","gender":"m\u00e4nnlich","knowsLanguage":["Deutsch","Englisch"],"worksFor":{"@type":"Organization","name":"P\u00e4dagogische Hochschule Tirol","url":"https:\/\/www.ph-tirol.ac.at\/"},"url":"https:\/\/www.nahrungsmittel-intoleranz.com\/en\/author\/michaelzechmann\/"}]}},"_links":{"self":[{"href":"https:\/\/www.nahrungsmittel-intoleranz.com\/en\/wp-json\/wp\/v2\/pages\/307773","targetHints":{"allow":["GET"]}}],"collection":[{"href":"https:\/\/www.nahrungsmittel-intoleranz.com\/en\/wp-json\/wp\/v2\/pages"}],"about":[{"href":"https:\/\/www.nahrungsmittel-intoleranz.com\/en\/wp-json\/wp\/v2\/types\/page"}],"author":[{"embeddable":true,"href":"https:\/\/www.nahrungsmittel-intoleranz.com\/en\/wp-json\/wp\/v2\/users\/2"}],"replies":[{"embeddable":true,"href":"https:\/\/www.nahrungsmittel-intoleranz.com\/en\/wp-json\/wp\/v2\/comments?post=307773"}],"version-history":[{"count":0,"href":"https:\/\/www.nahrungsmittel-intoleranz.com\/en\/wp-json\/wp\/v2\/pages\/307773\/revisions"}],"wp:attachment":[{"href":"https:\/\/www.nahrungsmittel-intoleranz.com\/en\/wp-json\/wp\/v2\/media?parent=307773"}],"curies":[{"name":"wp","href":"https:\/\/api.w.org\/{rel}","templated":true}]}}