{"id":307768,"date":"2019-05-17T07:35:11","date_gmt":"2019-05-17T07:35:11","guid":{"rendered":"https:\/\/www.nahrungsmittel-intoleranz.com\/what-is-fructose-intolerance\/"},"modified":"2023-12-11T19:03:53","modified_gmt":"2023-12-11T19:03:53","slug":"what-is-fructose-intolerance","status":"publish","type":"page","link":"https:\/\/www.nahrungsmittel-intoleranz.com\/en\/what-is-fructose-intolerance\/","title":{"rendered":"What is fructose intolerance?"},"content":{"rendered":"\n<p>There are basically two forms of fructose intolerance. However, these two forms have nothing to do with each other and are very different from a medical point of view. <strong>Hereditary fructose intolerance<\/strong> is a hereditary disease characterized by a congenital deficiency of the enzyme fructose-1-phosphate aldolase. The <a href=\"https:\/\/www.nahrungsmittel-intoleranz.com\/en\/fructose-what-is-it\/\" target=\"_blank\" rel=\"noreferrer noopener\">fructose <\/a>is absorbed into the body via the intestine without any problems, but cannot be broken down properly in the liver. This form is extremely rare and leads to liver damage, kidney damage and hypoglycemia even in childhood. This serious illness occurs from the first complementary feeding. A healthy adult can no longer develop this disease. <strong>The term hereditary<\/strong> means &#8220;hereditary, inherited&#8221;.<\/p>\n\n<p><strong>Intestinal fructose intolerance<\/strong><strong>(fructose malabsorption<\/strong>, <strong>fructose intolerance<\/strong>), on the other hand, is an acquired disease that is probably due to a defective and <a href=\"https:\/\/www.nahrungsmittel-intoleranz.com\/en\/fructose-intolerance-what-happens-in-the-body\/\">reduced transport system<\/a> (GLUT-5 or GLUT-7) in the small intestine, i.e. fructose cannot be sufficiently absorbed into the body. However, once it has made it into the body, it can be broken down without any problems. This form affects about 15-30% of the population. The term <strong>intestinal<\/strong> means &#8220;belonging to the intestine&#8221;.  <\/p>\n\n<p>The simplified term<strong>&#8220;fructose intolerance<\/strong>&#8221; is used in public almost exclusively for <strong>intestinal fructose intolerance<\/strong>. We therefore also use this term here on the nmi portal. However, hereditary fructose intolerance is never meant (unless explicitly mentioned)!<\/p>\n\n<h3 class=\"wp-block-heading\" id=\"h-noch-ein-unterschied-intoleranz-oder-malabsorption\">Another difference: intolerance or malabsorption?<\/h3>\n\n<p><strong>Maldigestion<\/strong>: means &#8220;poor digestion&#8221; &#8211; the  \nThe substance in question is not broken down properly in the stomach or small intestine\n  and therefore cannot be digested properly<\/p>\n\n<p><strong>Malabsorption:<\/strong> means &#8220;poor absorption&#8221; &#8211; the  \nThe substance in question can only be transferred poorly or not at all via the  \ndigestive system and absorbed into the body<\/p>\n\n<p><strong>Intolerance<\/strong>: the malabsorbed substance causes symptoms<\/p>\n\n<p>The difference between these terms lies in the detail and is not normally relevant for those affected. This is why the terms are usually used interchangeably. This means that <strong>fructose malabsorption <\/strong>is <strong>intestinal fructose intolerance<\/strong>. The same applies to the German term for intolerance. Fructose malabsorption is therefore also a <strong>fructose intolerance<\/strong>. The same applies to lactose intolerance, a <strong>lactose maldigestion <\/strong>is a <strong><a href=\"https:\/\/www.nahrungsmittel-intoleranz.com\/en\/what-is-lactose-intolerance\/\">lactose intolerance<\/a> <\/strong>. From a medical point of view, things are different. For an exact diagnosis, the terms must of course be separated. Maldigestion can lead to malabsorption, which in turn can &#8211; but does not necessarily have to &#8211; lead to intolerance.<\/p>\n\n<p>This means that there may be patients who have fructose malabsorption, but since they do not describe any noticeable symptoms, they do not suffer from intolerance. In medical practice, however, this will rarely occur, as patients usually come because of symptoms, i.e. they already have an intolerance. Malabsorption should also be treated, as this will also lead to problems in the future, even if the patient is unaware of it. This should certainly be taken into account in the case of multiple intolerances or patients with impaired self-perception!<\/p>\n\n<p>In the <a href=\"https:\/\/www.nahrungsmittel-intoleranz.com\/en\/diagnosis-of-fructose-intolerance\/\">diagnosis<\/a>, the terms should therefore be broken down correctly wherever possible, but clear definitions used in the non-medical field should be used in communication with the patient. The diagnosis should be broken down even more clearly than stated here.<\/p>\n\n<h2 class=\"wp-block-heading\" id=\"h-ab-wann-spricht-man-von-fructoseintoleranz\">When do we start talking about fructose intolerance?<\/h2>\n\n<p>It is currently assumed that if <a href=\"https:\/\/www.nahrungsmittel-intoleranz.com\/en\/diagnosis-of-fructose-intolerance\/\">less than 25g of fructose<\/a> leads <a href=\"https:\/\/www.nahrungsmittel-intoleranz.com\/en\/diagnosis-of-fructose-intolerance\/\">to symptoms<\/a> in the <a href=\"https:\/\/www.nahrungsmittel-intoleranz.com\/en\/diagnosis-of-fructose-intolerance\/\">H2 breath test<\/a>, you are suffering from fructose intolerance. Normally, a person can absorb up to 50g of fructose without any problems. Does a healthy person eat more than these 50g, or is he influenced by medication or e.g. sugar alcohols, he may also experience temporary symptoms (temporary fructose intolerance).<\/p>\n\n<h2 class=\"wp-block-heading\" id=\"h-intestinale-fructoseintoleranz-das-passiert-im-korper\">Intestinal fructose intolerance: what happens in the body<\/h2>\n\n<p>It is not yet known exactly how fructose intolerance works, i.e. what does not work in the intestine. This is also because we do not know exactly how the absorption of sugars actually works. It is assumed that sugars <a href=\"https:\/\/www.nahrungsmittel-intoleranz.com\/en\/fructose-intolerance-what-happens-in-the-body\/\">are absorbed in the intestine<\/a> with the help of <a href=\"https:\/\/www.nahrungsmittel-intoleranz.com\/en\/fructose-intolerance-what-happens-in-the-body\/\">transport proteins (GLUT, SGLT)<\/a>. The <strong>GLUT-5 transporter<\/strong> is responsible for fructose, but it can also be absorbed via GLUT-2 and GLUT-7 <sup>(5<\/sup> ). These transporters bring the fructose from the intestine into the small intestinal cell, some of these transporters then bring the sugars out of the cell on the other side, into the blood. However, such transporters also react to other substances. Some sugar alcohols such as sorbitol, for example, block the GLUT-5 transporter, while <strong>glucose<\/strong>  (glucose) may stimulate its activity. However, glucose has another effect. If there is a lot of it in the intestine, the GLUT-2 transporters migrate to the intestinal cell wall. As they also absorb fructose, more fructose can be digested. It used to be said: &#8220;Each molecule of glucose enables one molecule of fructose to be absorbed.&#8221; This sentence is probably not physiologically correct, but in practice this mnemonic still works.<\/p>\n\n<p>This is why people with fructose malabsorption should avoid most <a href=\"https:\/\/www.nahrungsmittel-intoleranz.com\/en\/sweetening-fructose-intolerance\/\">sugar alcohols such as sorbitol, mannitol, isomalt, etc.<\/a> and can eat glucose if they need to consume a lot of fructose (after the elimination period). But be careful: you shouldn&#8217;t do this too often and certainly not permanently, otherwise you run the risk of developing insulin resistance.<\/p>\n\n<p>It is not yet clear why some people develop fructose intolerance.<\/p>\n\n<h3 class=\"wp-block-heading\" id=\"h-quellen\">Sources<\/h3>\n\n<p class=\"smalldark\">(1) Rainer Klinke, Hans-Christian Pape, Stefan Silbernagl (eds.): &#8220;Lehrbuch der Physiologie&#8221;, 5th edition. Thieme, Stuttgart 2005  <br\/>(2) Ledochowski M, Widner B, Fuchs D. &#8220;Fructose malabsorption&#8221;. J Ern\u00e4hrungsmed 2000; 2: 10-14<br\/>(3) Born Peter, World J Gastroenterol 2007 November 21;13(43): 5687-5691 &#8220;Carbohydrate malabsorption in patients with non-specific abdominal complaints&#8221;<br\/>(4) Manir Ali, Peter Rellos, Timothy M Cox, ItMed Genet 1998;35:353-365, &#8220;Hereditary fructose intolerance&#8221;<br\/>(5) Li Q, Manolescu A, Ritzel M, Yao S, Slugoski M, Young JD, Chen XZ, Cheeseman CI. Cloning and functional characterization of the human GLUT7 isoform SLC2A7 from the small intestine. Am J Physiol Gastrointest Liver Physiol 2004; 287: G236-G242  <br\/>(6): Clinical Dictionary Pschyrembel, 261st edition, 2007; Verlag Walter de Gruyter<br\/>(7): H2 breath tests, M. Ledochowski, Ledochowski publishing house, 2008<br\/>(8): Ern\u00e4hrungsmedizin, K.Widhalm (ed.), Verlagshaus der \u00c4rzte, 3rd edition, 2009  <\/p>\n","protected":false},"excerpt":{"rendered":"<p>There are basically two forms of fructose intolerance. However, these two forms have nothing to do with each other and are very different from a medical point of view. Hereditary fructose intolerance is a hereditary disease characterized by a congenital deficiency of the enzyme fructose-1-phosphate aldolase. The fructose is absorbed into the body via the [&hellip;]<\/p>\n","protected":false},"author":2,"featured_media":0,"parent":0,"menu_order":85,"comment_status":"closed","ping_status":"closed","template":"","meta":{"_lmt_disableupdate":"","_lmt_disable":"","wprm-recipe-roundup-name":"","wprm-recipe-roundup-description":"","footnotes":""},"class_list":["post-307768","page","type-page","status-publish","hentry"],"yoast_head":"<!-- This site is optimized with the Yoast SEO Premium plugin v27.4 (Yoast SEO v27.4) - https:\/\/yoast.com\/product\/yoast-seo-premium-wordpress\/ -->\n<title>Fructose intolerance: what exactly is it? What forms are there?<\/title>\n<meta name=\"description\" content=\"Find out all about fructose intolerance here. What are the differences between intolerance and malabsorption? Is it genetic?\" \/>\n<meta name=\"robots\" content=\"index, follow, max-snippet:-1, max-image-preview:large, max-video-preview:-1\" \/>\n<link rel=\"canonical\" href=\"https:\/\/www.nahrungsmittel-intoleranz.com\/en\/what-is-fructose-intolerance\/\" \/>\n<meta property=\"og:locale\" content=\"en_US\" \/>\n<meta property=\"og:type\" content=\"article\" \/>\n<meta property=\"og:title\" content=\"What is fructose intolerance? Scientifically explained.\" \/>\n<meta property=\"og:description\" content=\"Find out all about fructose intolerance here. What are the differences between intolerance and malabsorption? Is it genetic?\" \/>\n<meta property=\"og:url\" content=\"https:\/\/www.nahrungsmittel-intoleranz.com\/en\/what-is-fructose-intolerance\/\" \/>\n<meta property=\"og:site_name\" content=\"nmi-Portal \u2013 Ern\u00e4hrung im Fokus\" \/>\n<meta property=\"article:publisher\" content=\"https:\/\/www.researchgate.net\/profile\/Michael_Zechmann\" \/>\n<meta property=\"article:modified_time\" content=\"2023-12-11T19:03:53+00:00\" \/>\n<meta property=\"og:image\" content=\"https:\/\/www.nahrungsmittel-intoleranz.com\/wp-content\/uploads\/Close-up-extreme-macro-photograph-of-fresh-chicken-tomato-salad-and-a-glass-of-white-wine.-Moody-low-key-lighting-strong-shadows-emphasizing-textures.jpg\" \/>\n\t<meta property=\"og:image:width\" content=\"1024\" \/>\n\t<meta property=\"og:image:height\" content=\"1024\" \/>\n\t<meta property=\"og:image:type\" content=\"image\/jpeg\" \/>\n<meta name=\"twitter:card\" content=\"summary_large_image\" \/>\n<meta name=\"twitter:title\" content=\"What is fructose intolerance?\" \/>\n<script type=\"application\/ld+json\" class=\"yoast-schema-graph\">{\"@context\":\"https:\\\/\\\/schema.org\",\"@graph\":[{\"@type\":\"Article\",\"@id\":\"https:\\\/\\\/www.nahrungsmittel-intoleranz.com\\\/en\\\/what-is-fructose-intolerance\\\/#article\",\"isPartOf\":{\"@id\":\"https:\\\/\\\/www.nahrungsmittel-intoleranz.com\\\/en\\\/what-is-fructose-intolerance\\\/\"},\"author\":{\"name\":\"Dr. Michael Zechmann-Khreis\",\"@id\":\"https:\\\/\\\/www.nahrungsmittel-intoleranz.com\\\/en\\\/#\\\/schema\\\/person\\\/886bf98ff51d901de32aa6e29968eb8d\"},\"headline\":\"What is fructose intolerance?\",\"datePublished\":\"2019-05-17T07:35:11+00:00\",\"dateModified\":\"2023-12-11T19:03:53+00:00\",\"mainEntityOfPage\":{\"@id\":\"https:\\\/\\\/www.nahrungsmittel-intoleranz.com\\\/en\\\/what-is-fructose-intolerance\\\/\"},\"wordCount\":994,\"publisher\":{\"@id\":\"https:\\\/\\\/www.nahrungsmittel-intoleranz.com\\\/#organization\"},\"inLanguage\":\"en-US\"},{\"@type\":[\"WebPage\",\"MedicalWebPage\"],\"@id\":\"https:\\\/\\\/www.nahrungsmittel-intoleranz.com\\\/en\\\/what-is-fructose-intolerance\\\/\",\"url\":\"https:\\\/\\\/www.nahrungsmittel-intoleranz.com\\\/en\\\/what-is-fructose-intolerance\\\/\",\"name\":\"Fructose intolerance: what exactly is it? What forms are there?\",\"isPartOf\":{\"@id\":\"https:\\\/\\\/www.nahrungsmittel-intoleranz.com\\\/en\\\/#website\"},\"datePublished\":\"2019-05-17T07:35:11+00:00\",\"dateModified\":\"2023-12-11T19:03:53+00:00\",\"description\":\"Find out all about fructose intolerance here. What are the differences between intolerance and malabsorption? Is it genetic?\",\"breadcrumb\":{\"@id\":\"https:\\\/\\\/www.nahrungsmittel-intoleranz.com\\\/en\\\/what-is-fructose-intolerance\\\/#breadcrumb\"},\"inLanguage\":\"en-US\",\"potentialAction\":[{\"@type\":\"ReadAction\",\"target\":[\"https:\\\/\\\/www.nahrungsmittel-intoleranz.com\\\/en\\\/what-is-fructose-intolerance\\\/\"]}]},{\"@type\":\"BreadcrumbList\",\"@id\":\"https:\\\/\\\/www.nahrungsmittel-intoleranz.com\\\/en\\\/what-is-fructose-intolerance\\\/#breadcrumb\",\"itemListElement\":[{\"@type\":\"ListItem\",\"position\":1,\"name\":\"Startseite\",\"item\":\"https:\\\/\\\/www.nahrungsmittel-intoleranz.com\\\/en\\\/\"},{\"@type\":\"ListItem\",\"position\":2,\"name\":\"What is fructose intolerance?\"}]},{\"@type\":\"WebSite\",\"@id\":\"https:\\\/\\\/www.nahrungsmittel-intoleranz.com\\\/en\\\/#website\",\"url\":\"https:\\\/\\\/www.nahrungsmittel-intoleranz.com\\\/en\\\/\",\"name\":\"nmi-Portal \u2013 Ern\u00e4hrung im Fokus\",\"description\":\"Laktose, Fruktose, Histaminintoleranz &amp; Darm\",\"publisher\":{\"@id\":\"https:\\\/\\\/www.nahrungsmittel-intoleranz.com\\\/#organization\"},\"alternateName\":\"Portal f\u00fcr Nahrungsmittelintoleranz\",\"potentialAction\":[{\"@type\":\"SearchAction\",\"target\":{\"@type\":\"EntryPoint\",\"urlTemplate\":\"https:\\\/\\\/www.nahrungsmittel-intoleranz.com\\\/en\\\/?s={search_term_string}\"},\"query-input\":{\"@type\":\"PropertyValueSpecification\",\"valueRequired\":true,\"valueName\":\"search_term_string\"}}],\"inLanguage\":\"en-US\"},{\"@type\":\"Person\",\"@id\":\"https:\\\/\\\/www.nahrungsmittel-intoleranz.com\\\/en\\\/#\\\/schema\\\/person\\\/886bf98ff51d901de32aa6e29968eb8d\",\"name\":\"Dr. Michael Zechmann-Khreis\",\"image\":{\"@type\":\"ImageObject\",\"inLanguage\":\"en-US\",\"@id\":\"https:\\\/\\\/www.nahrungsmittel-intoleranz.com\\\/wp-content\\\/uploads\\\/Zechmann__web.jpg\",\"url\":\"https:\\\/\\\/www.nahrungsmittel-intoleranz.com\\\/wp-content\\\/uploads\\\/Zechmann__web.jpg\",\"contentUrl\":\"https:\\\/\\\/www.nahrungsmittel-intoleranz.com\\\/wp-content\\\/uploads\\\/Zechmann__web.jpg\",\"width\":800,\"height\":800,\"caption\":\"Dr. Michael Zechmann-Khreis\"},\"logo\":{\"@id\":\"https:\\\/\\\/www.nahrungsmittel-intoleranz.com\\\/wp-content\\\/uploads\\\/Zechmann__web.jpg\"},\"description\":\"Dr. Michael Zechmann-Khreis ist Ern\u00e4hrungsbiologe und Gr\u00fcnder des nmi-Portals. Er ist Professor an der P\u00e4dagogischen Hochschule Tirol (Professur f\u00fcr Ern\u00e4hrungswissenschaft, Nachhaltigkeit und Gesundheit), ist Autor verschiedener Ern\u00e4hrungsb\u00fccher und bloggt hier \u00fcber seine Erfahrungen als Betroffener (Laktose- und Fruktoseintoleranz) sowie \u00fcber allgemeine Ern\u00e4hrungsthemen.\",\"sameAs\":[\"https:\\\/\\\/scholar.google.com\\\/citations?user=8ZsLoCgAAAAJ&amp;hl=de\",\"https:\\\/\\\/www.researchgate.net\\\/profile\\\/Michael_Zechmann\",\"https:\\\/\\\/orcid.org\\\/0009-0004-7792-935X\",\"https:\\\/\\\/oesterreichwiki.org\\\/wiki\\\/Michael_Zechmann-Khreis\"],\"honorificPrefix\":\"Mag. Dr.\",\"gender\":\"m\u00e4nnlich\",\"knowsLanguage\":[\"Deutsch\",\"Englisch\"],\"worksFor\":{\"@type\":\"Organization\",\"name\":\"P\u00e4dagogische Hochschule Tirol\",\"url\":\"https:\\\/\\\/www.ph-tirol.ac.at\\\/\"},\"url\":\"https:\\\/\\\/www.nahrungsmittel-intoleranz.com\\\/en\\\/author\\\/michaelzechmann\\\/\"}]}<\/script>\n<!-- \/ Yoast SEO Premium plugin. -->","yoast_head_json":{"title":"Fructose intolerance: what exactly is it? What forms are there?","description":"Find out all about fructose intolerance here. What are the differences between intolerance and malabsorption? Is it genetic?","robots":{"index":"index","follow":"follow","max-snippet":"max-snippet:-1","max-image-preview":"max-image-preview:large","max-video-preview":"max-video-preview:-1"},"canonical":"https:\/\/www.nahrungsmittel-intoleranz.com\/en\/what-is-fructose-intolerance\/","og_locale":"en_US","og_type":"article","og_title":"What is fructose intolerance? Scientifically explained.","og_description":"Find out all about fructose intolerance here. What are the differences between intolerance and malabsorption? Is it genetic?","og_url":"https:\/\/www.nahrungsmittel-intoleranz.com\/en\/what-is-fructose-intolerance\/","og_site_name":"nmi-Portal \u2013 Ern\u00e4hrung im Fokus","article_publisher":"https:\/\/www.researchgate.net\/profile\/Michael_Zechmann","article_modified_time":"2023-12-11T19:03:53+00:00","og_image":[{"width":1024,"height":1024,"url":"https:\/\/www.nahrungsmittel-intoleranz.com\/wp-content\/uploads\/Close-up-extreme-macro-photograph-of-fresh-chicken-tomato-salad-and-a-glass-of-white-wine.-Moody-low-key-lighting-strong-shadows-emphasizing-textures.jpg","type":"image\/jpeg"}],"twitter_card":"summary_large_image","twitter_title":"What is fructose intolerance?","schema":{"@context":"https:\/\/schema.org","@graph":[{"@type":"Article","@id":"https:\/\/www.nahrungsmittel-intoleranz.com\/en\/what-is-fructose-intolerance\/#article","isPartOf":{"@id":"https:\/\/www.nahrungsmittel-intoleranz.com\/en\/what-is-fructose-intolerance\/"},"author":{"name":"Dr. Michael Zechmann-Khreis","@id":"https:\/\/www.nahrungsmittel-intoleranz.com\/en\/#\/schema\/person\/886bf98ff51d901de32aa6e29968eb8d"},"headline":"What is fructose intolerance?","datePublished":"2019-05-17T07:35:11+00:00","dateModified":"2023-12-11T19:03:53+00:00","mainEntityOfPage":{"@id":"https:\/\/www.nahrungsmittel-intoleranz.com\/en\/what-is-fructose-intolerance\/"},"wordCount":994,"publisher":{"@id":"https:\/\/www.nahrungsmittel-intoleranz.com\/#organization"},"inLanguage":"en-US"},{"@type":["WebPage","MedicalWebPage"],"@id":"https:\/\/www.nahrungsmittel-intoleranz.com\/en\/what-is-fructose-intolerance\/","url":"https:\/\/www.nahrungsmittel-intoleranz.com\/en\/what-is-fructose-intolerance\/","name":"Fructose intolerance: what exactly is it? What forms are there?","isPartOf":{"@id":"https:\/\/www.nahrungsmittel-intoleranz.com\/en\/#website"},"datePublished":"2019-05-17T07:35:11+00:00","dateModified":"2023-12-11T19:03:53+00:00","description":"Find out all about fructose intolerance here. What are the differences between intolerance and malabsorption? Is it genetic?","breadcrumb":{"@id":"https:\/\/www.nahrungsmittel-intoleranz.com\/en\/what-is-fructose-intolerance\/#breadcrumb"},"inLanguage":"en-US","potentialAction":[{"@type":"ReadAction","target":["https:\/\/www.nahrungsmittel-intoleranz.com\/en\/what-is-fructose-intolerance\/"]}]},{"@type":"BreadcrumbList","@id":"https:\/\/www.nahrungsmittel-intoleranz.com\/en\/what-is-fructose-intolerance\/#breadcrumb","itemListElement":[{"@type":"ListItem","position":1,"name":"Startseite","item":"https:\/\/www.nahrungsmittel-intoleranz.com\/en\/"},{"@type":"ListItem","position":2,"name":"What is fructose intolerance?"}]},{"@type":"WebSite","@id":"https:\/\/www.nahrungsmittel-intoleranz.com\/en\/#website","url":"https:\/\/www.nahrungsmittel-intoleranz.com\/en\/","name":"nmi-Portal \u2013 Ern\u00e4hrung im Fokus","description":"Laktose, Fruktose, Histaminintoleranz &amp; Darm","publisher":{"@id":"https:\/\/www.nahrungsmittel-intoleranz.com\/#organization"},"alternateName":"Portal f\u00fcr Nahrungsmittelintoleranz","potentialAction":[{"@type":"SearchAction","target":{"@type":"EntryPoint","urlTemplate":"https:\/\/www.nahrungsmittel-intoleranz.com\/en\/?s={search_term_string}"},"query-input":{"@type":"PropertyValueSpecification","valueRequired":true,"valueName":"search_term_string"}}],"inLanguage":"en-US"},{"@type":"Person","@id":"https:\/\/www.nahrungsmittel-intoleranz.com\/en\/#\/schema\/person\/886bf98ff51d901de32aa6e29968eb8d","name":"Dr. Michael Zechmann-Khreis","image":{"@type":"ImageObject","inLanguage":"en-US","@id":"https:\/\/www.nahrungsmittel-intoleranz.com\/wp-content\/uploads\/Zechmann__web.jpg","url":"https:\/\/www.nahrungsmittel-intoleranz.com\/wp-content\/uploads\/Zechmann__web.jpg","contentUrl":"https:\/\/www.nahrungsmittel-intoleranz.com\/wp-content\/uploads\/Zechmann__web.jpg","width":800,"height":800,"caption":"Dr. Michael Zechmann-Khreis"},"logo":{"@id":"https:\/\/www.nahrungsmittel-intoleranz.com\/wp-content\/uploads\/Zechmann__web.jpg"},"description":"Dr. Michael Zechmann-Khreis ist Ern\u00e4hrungsbiologe und Gr\u00fcnder des nmi-Portals. Er ist Professor an der P\u00e4dagogischen Hochschule Tirol (Professur f\u00fcr Ern\u00e4hrungswissenschaft, Nachhaltigkeit und Gesundheit), ist Autor verschiedener Ern\u00e4hrungsb\u00fccher und bloggt hier \u00fcber seine Erfahrungen als Betroffener (Laktose- und Fruktoseintoleranz) sowie \u00fcber allgemeine Ern\u00e4hrungsthemen.","sameAs":["https:\/\/scholar.google.com\/citations?user=8ZsLoCgAAAAJ&amp;hl=de","https:\/\/www.researchgate.net\/profile\/Michael_Zechmann","https:\/\/orcid.org\/0009-0004-7792-935X","https:\/\/oesterreichwiki.org\/wiki\/Michael_Zechmann-Khreis"],"honorificPrefix":"Mag. Dr.","gender":"m\u00e4nnlich","knowsLanguage":["Deutsch","Englisch"],"worksFor":{"@type":"Organization","name":"P\u00e4dagogische Hochschule Tirol","url":"https:\/\/www.ph-tirol.ac.at\/"},"url":"https:\/\/www.nahrungsmittel-intoleranz.com\/en\/author\/michaelzechmann\/"}]}},"_links":{"self":[{"href":"https:\/\/www.nahrungsmittel-intoleranz.com\/en\/wp-json\/wp\/v2\/pages\/307768","targetHints":{"allow":["GET"]}}],"collection":[{"href":"https:\/\/www.nahrungsmittel-intoleranz.com\/en\/wp-json\/wp\/v2\/pages"}],"about":[{"href":"https:\/\/www.nahrungsmittel-intoleranz.com\/en\/wp-json\/wp\/v2\/types\/page"}],"author":[{"embeddable":true,"href":"https:\/\/www.nahrungsmittel-intoleranz.com\/en\/wp-json\/wp\/v2\/users\/2"}],"replies":[{"embeddable":true,"href":"https:\/\/www.nahrungsmittel-intoleranz.com\/en\/wp-json\/wp\/v2\/comments?post=307768"}],"version-history":[{"count":0,"href":"https:\/\/www.nahrungsmittel-intoleranz.com\/en\/wp-json\/wp\/v2\/pages\/307768\/revisions"}],"wp:attachment":[{"href":"https:\/\/www.nahrungsmittel-intoleranz.com\/en\/wp-json\/wp\/v2\/media?parent=307768"}],"curies":[{"name":"wp","href":"https:\/\/api.w.org\/{rel}","templated":true}]}}