{"id":307766,"date":"2019-05-17T10:12:40","date_gmt":"2019-05-17T10:12:40","guid":{"rendered":"https:\/\/www.nahrungsmittel-intoleranz.com\/consequential-diseases\/"},"modified":"2024-09-09T13:01:36","modified_gmt":"2024-09-09T13:01:36","slug":"consequential-diseases","status":"publish","type":"page","link":"https:\/\/www.nahrungsmittel-intoleranz.com\/en\/consequential-diseases\/","title":{"rendered":"Consequences of fructose intolerance"},"content":{"rendered":"\n<p>There are several diseases that are associated with <a href=\"https:\/\/www.nahrungsmittel-intoleranz.com\/en\/diagnosis-of-fructose-intolerance\/\">fructose intolerance <\/a>.\nThis is not always scientifically substantiated.\nIn this article, we want to get to the bottom of two of these secondary diseases and their connection with fructose intolerance.  <\/p>\n\n<h2 class=\"wp-block-heading\" id=\"h-fettleber-durch-fructoseintoleranz\">Fatty liver due to fructose intolerance<\/h2>\n\n<p>Whether fructose intolerance is associated with what used to be called non-alcoholic fatty liver disease (NAFLD) or its inflammatory form, NASH syndrome (non-alcoholic steatohepatitis), is still the subject of heated debate. It is repeatedly reported in Internet forums that many people with <a href=\"https:\/\/www.nahrungsmittel-intoleranz.com\/en\/what-is-fructose-intolerance\/\">fructose intolerance<\/a> suffer from a fatty liver. There could be many reasons for this. For example, that increased glucose consumption is crucial for people with fructose intolerance. Whether there is a direct connection will certainly be investigated in the coming years. A connection cannot therefore be clearly confirmed at present.<\/p>\n\n<p>Today, this symptom pattern is called &#8220;metabolic dysfunction-associated fatty liver disease&#8221; (MAFLD) <sup>5-6<\/sup><\/p>\n\n<h3 class=\"wp-block-heading\" id=\"h-symptome-der-fettleber\">Symptoms of fatty liver<\/h3>\n\n<p>Fatty liver usually causes <strong>no or only very minor<\/strong> symptoms! Some symptoms that occur repeatedly and have been described by some patients are<\/p>\n\n<ul class=\"wp-block-list\">\n<li>  Feeling of fullness  <\/li>\n\n\n\n<li>  Lack of drive \/ cf. depression with fructose malabsorption  <\/li>\n\n\n\n<li>  Feeling of pressure in the right abdomen  <\/li>\n\n\n\n<li>  Discomfort when lying on the right side (nausea, pain)  <\/li>\n\n\n\n<li>General physical and mental reduction in performance and lack of drive  <\/li>\n<\/ul>\n\n<h3 class=\"wp-block-heading\" id=\"h-was-tun-gegen-fettleber\">What to do about fatty liver?<\/h3>\n\n<p>This question cannot be fully answered here, as the cause of the fatty liver must be determined! Only your doctor can do this!<br\/>In our western world, the phenomenon of an &#8220;affluent liver&#8221; is becoming increasingly common. It is quite normal for the liver to store fat droplets. If you eat too much and consume too many calories, the amount of fat in the liver increases. The liver becomes fatty and turns into a &#8220;fatty liver&#8221;. This form of fatty liver can disappear again through dietary measures and exercise. The aim is to exercise and minimize calorie intake. Sugars (mono- and disaccharides) are the main contributors here. Therefore, you should not consume more than 25-50 grams of such added sugars (lactose, fructose, sucrose, &#8230;) per day. Added means that they do not occur naturally in food. In other words, sugar in fruit is ok, sugar in coffee or sausage is not. Recent studies show that a balanced microbiome (intestinal flora) can contribute to an improvement in fatty liver disease8<sup>)<\/sup>, although the data situation here is still relatively uncertain and new findings can be expected in the coming years.<\/p>\n\n<p><strong>General recommendations:<\/strong><\/p>\n\n<ul class=\"wp-block-list\">\n<li>Abstaining from alcohol<\/li>\n\n\n\n<li>Low-fat and low-fructose or low-sugar diet (less than 25 added sugars per day)<\/li>\n\n\n\n<li>Balanced endurance sport, plenty of exercise in the fresh air<\/li>\n\n\n\n<li>Slow weight normalization<\/li>\n\n\n\n<li>Intake of certain intestinal bacteria &#8211; in consultation with the doctor<\/li>\n\n\n\n<li>No smoking4<sup>)<\/sup><\/li>\n<\/ul>\n\n<h2 class=\"wp-block-heading\" id=\"h-depression-und-fructoseintoleranz\">Depression and fructose intolerance<\/h2>\n\n<p>There can be various reasons for<strong> depressive moods <\/strong>due to fructose intolerance.<\/p>\n<div class=\"wp-block-image\">\n<figure class=\"alignleft is-resized\"><img decoding=\"async\" width=\"1024\" height=\"685\" src=\"https:\/\/www.nahrungsmittel-intoleranz.com\/wp-content\/uploads\/\/yuris-alhumaydy-mSXMHkgRs8s-unsplash-1024x685.jpg\" alt=\"Depressive moods and fructose intolerance may be linked. Photo by Yuris Alhumaydy on Unsplash\" class=\"wp-image-2224\" style=\"width:300px\" srcset=\"https:\/\/www.nahrungsmittel-intoleranz.com\/wp-content\/uploads\/yuris-alhumaydy-mSXMHkgRs8s-unsplash-1024x685.jpg 1024w, https:\/\/www.nahrungsmittel-intoleranz.com\/wp-content\/uploads\/yuris-alhumaydy-mSXMHkgRs8s-unsplash-300x201.jpg 300w, https:\/\/www.nahrungsmittel-intoleranz.com\/wp-content\/uploads\/yuris-alhumaydy-mSXMHkgRs8s-unsplash-768x514.jpg 768w\" sizes=\"(max-width: 1024px) 100vw, 1024px\" \/><\/figure>\n<\/div>\n<p>According to a study7<sup>) <\/sup>, fructose malabsorption is associated with reduced absorption of the amino acid <strong>tryptophan<\/strong>, i.e. slightly less tryptophan is detectable in the blood of fructose malabsorbers than in the blood of non-intolerant people. Tryptophan is converted into the happiness hormone <strong>serotonin<\/strong> in the body. If little tryptophan is available, only little serotonin can be produced. The fatal thing is that the body knows that it needs tryptophan and you are inclined to eat more foods that contain this substance. However, almost all of these foods also contain a lot of fructose. You also often hear that you should eat more fruit, as it is healthy and helps. However, this does not help, but drastically worsens the situation if you have intestinal fructose intolerance. However, this study has never been reproduced or is debatable. This effect has therefore not been proven, but is very often assumed.\nIt is not advisable to take tryptophan without prior blood work. <\/p>\n\n<p>However, depressive moods (not depression) and fructose intolerance often occur together. There can be various reasons for this. If the intolerance is not treated and the body continues to consume fructose, the <a href=\"https:\/\/www.nahrungsmittel-intoleranz.com\/symptome-behandlung-der-fructoseintoleranz\/\">symptoms<\/a> described will occur. In the long term, these symptoms also lead to a deterioration in mental and social health. Other possible causes are the psychological stress to which patients are exposed.\nThe social isolation that patients with undiagnosed fructose intolerance experience should be mentioned here in particular.\nDue to the diarrhea and constant nausea, patients withdraw more and more from social life, planning their free time more according to available toilets than fun.   Other intolerances and their physical consequences can also exacerbate depressive states.<\/p>\n\n<p>Fructose intolerance can therefore be associated with depressive moods in several ways.\nMedical clarification of all possibilities is always recommended. <\/p>\n\n<p><strong>In the case of severe depression, medical clarification is urgently required!<\/strong><\/p>\n\n<h3 class=\"wp-block-heading\" id=\"h-wie-werde-ich-die-depression-wieder-los\">How do I get rid of depression?<\/h3>\n\n<p>If the depressive states are exclusively (!) due to fructose intolerance, they are very likely to disappear if an appropriate low-fructose diet is followed. You can also take tryptophan as a dietary supplement as a precaution. Here it is important to consult the doctor treating you, who must first determine an actual deficiency via the blood. In addition, taking tryptophan is certainly associated with health risks, which is why this substance should never be substituted without medical supervision.<\/p>\n\n<h3 class=\"wp-block-heading\" id=\"h-quellen\">Sources<\/h3>\n\n<p class=\"smalldark has-small-font-size\">(1) Lesurtel M., Graf R., Aleil B., et al, Platelet-Derived Serotonin Mediates Liver Regeneration, Science, April 7, 2006<br\/>(2) Ledochowski M, Widner B, Bair H, Probst T, Fuchs D.; Fructose- and sorbitol-reduced diet improves mood and gastrointestinal disturbances in fructose malabsorbers; Scand J Gastroenterol. 2000 Oct;35(10):1048-52.<br\/>(3) Stanhope, K.L.; Schwarz, J.M.; Keim, N.L.; et.al; &#8220;Consuming fructose-sweetened, not glucose-sweetened, beverages increases visceral adiposity and lipids and decreases insulin sensitivity in overweight\/obese humans&#8221; in The Journal of Clinical Investigation, doi: 10.1172\/JCI37385<br\/>(4) Mallat, A.; Lotersztajn &#8220;Cigarette smoke exposure: A novel cofactor of NAFLD progression?&#8221; in Journal of Hepatology 51 (2009) 430-432, 2009<br\/>(5) Roeb, E. et al.\nUpdated S2k guideline non-alcoholic fatty liver disease of the German Society of Gastroenterology, Digestive and Metabolic Diseases (DGVS) &#8211; April 2022 &#8211; AWMF register number: 021-025.\nZ. For Gastroenterol.\n60, 1346-1421 (2022).   <br\/>(6) Roeb, E. et al.\nAmendment &#8220;New nomenclature for MASLD (Metabolic Dysfunction Associated Steatotic Liver Disease)&#8221; to the S2k guideline &#8220;Non-alcoholic fatty liver disease&#8221; (v.2.0\/April 2022) of the German Society of Gastroenterology, Digestive and Metabolic Diseases (DGVS): March 2024 &#8211; AWMF registry number: 021-025.\nZ. For Gastroenterol.\n62, 1077-1087 (2024). <br\/>(7) M. Ledochowski, B. Widner, C. Murr, B. Sperner-Unterweger &amp; D. Fuchs &#8220;Fructose Malabsorption is Associated with Decreased Plasma Tryptophan&#8221;, Scand J Gastroenterol 2001 (4)<br\/>(8) Boursier, J; Maeh Diel, A; &#8220;Nonalcoholic Fatty Liver Disease and the Gut Microbiome&#8221;, Clin Liver Dis, 2015<br\/>(9) Yanai, H., Adachi, H., Hakoshima, M., Iida, S. &amp; Katsuyama, H. Metabolic-Dysfunction-Associated Steatotic Liver Disease-Its Pathophysiology, Association with Atherosclerosis and Cardiovascular Disease, and Treatments.     <em>Int.\nJ. Mol.\nSci.  <\/em><strong>24<\/strong>, 15473 (2023)<\/p>\n","protected":false},"excerpt":{"rendered":"<p>There are several diseases that are associated with fructose intolerance . This is not always scientifically substantiated. In this article, we want to get to the bottom of two of these secondary diseases and their connection with fructose intolerance. Fatty liver due to fructose intolerance Whether fructose intolerance is associated with what used to be [&hellip;]<\/p>\n","protected":false},"author":2,"featured_media":307593,"parent":0,"menu_order":71,"comment_status":"closed","ping_status":"closed","template":"","meta":{"_lmt_disableupdate":"","_lmt_disable":"","wprm-recipe-roundup-name":"","wprm-recipe-roundup-description":"","footnotes":""},"class_list":["post-307766","page","type-page","status-publish","has-post-thumbnail","hentry"],"yoast_head":"<!-- This site is optimized with the Yoast SEO Premium plugin v27.4 (Yoast SEO v27.4) - https:\/\/yoast.com\/product\/yoast-seo-premium-wordpress\/ -->\n<title>Fatty liver &amp; depression with fructose intolerance &#8211; nmi-Portal \u2013 Ern\u00e4hrung im Fokus<\/title>\n<meta name=\"description\" content=\"Can fructose intolerance lead to fatty liver &amp; depression? Click here to find out everything you need to know about secondary diseases of fructose intolerance.\" \/>\n<meta name=\"robots\" content=\"index, follow, max-snippet:-1, max-image-preview:large, max-video-preview:-1\" \/>\n<link rel=\"canonical\" href=\"https:\/\/www.nahrungsmittel-intoleranz.com\/en\/consequential-diseases\/\" \/>\n<meta property=\"og:locale\" content=\"en_US\" \/>\n<meta property=\"og:type\" content=\"article\" \/>\n<meta property=\"og:title\" content=\"Consequences of fructose intolerance\" \/>\n<meta property=\"og:description\" content=\"Can fructose intolerance lead to fatty liver &amp; depression? Click here to find out everything you need to know about secondary diseases of fructose intolerance.\" \/>\n<meta property=\"og:url\" content=\"https:\/\/www.nahrungsmittel-intoleranz.com\/en\/consequential-diseases\/\" \/>\n<meta property=\"og:site_name\" content=\"nmi-Portal \u2013 Ern\u00e4hrung im Fokus\" \/>\n<meta property=\"article:publisher\" content=\"https:\/\/www.researchgate.net\/profile\/Michael_Zechmann\" \/>\n<meta property=\"article:modified_time\" content=\"2024-09-09T13:01:36+00:00\" \/>\n<meta property=\"og:image\" content=\"https:\/\/www.nahrungsmittel-intoleranz.com\/wp-content\/uploads\/yuris-alhumaydy-mSXMHkgRs8s-unsplash.jpg\" \/>\n\t<meta property=\"og:image:width\" content=\"3872\" \/>\n\t<meta property=\"og:image:height\" content=\"2592\" \/>\n\t<meta property=\"og:image:type\" content=\"image\/jpeg\" \/>\n<meta name=\"twitter:card\" content=\"summary_large_image\" \/>\n<script type=\"application\/ld+json\" class=\"yoast-schema-graph\">{\"@context\":\"https:\\\/\\\/schema.org\",\"@graph\":[{\"@type\":\"Article\",\"@id\":\"https:\\\/\\\/www.nahrungsmittel-intoleranz.com\\\/en\\\/consequential-diseases\\\/#article\",\"isPartOf\":{\"@id\":\"https:\\\/\\\/www.nahrungsmittel-intoleranz.com\\\/en\\\/consequential-diseases\\\/\"},\"author\":{\"name\":\"Dr. Michael Zechmann-Khreis\",\"@id\":\"https:\\\/\\\/www.nahrungsmittel-intoleranz.com\\\/en\\\/#\\\/schema\\\/person\\\/886bf98ff51d901de32aa6e29968eb8d\"},\"headline\":\"Consequences of fructose intolerance\",\"datePublished\":\"2019-05-17T10:12:40+00:00\",\"dateModified\":\"2024-09-09T13:01:36+00:00\",\"mainEntityOfPage\":{\"@id\":\"https:\\\/\\\/www.nahrungsmittel-intoleranz.com\\\/en\\\/consequential-diseases\\\/\"},\"wordCount\":1105,\"publisher\":{\"@id\":\"https:\\\/\\\/www.nahrungsmittel-intoleranz.com\\\/#organization\"},\"image\":{\"@id\":\"https:\\\/\\\/www.nahrungsmittel-intoleranz.com\\\/en\\\/consequential-diseases\\\/#primaryimage\"},\"thumbnailUrl\":\"https:\\\/\\\/www.nahrungsmittel-intoleranz.com\\\/wp-content\\\/uploads\\\/yuris-alhumaydy-mSXMHkgRs8s-unsplash.jpg\",\"inLanguage\":\"en-US\"},{\"@type\":[\"WebPage\",\"MedicalWebPage\"],\"@id\":\"https:\\\/\\\/www.nahrungsmittel-intoleranz.com\\\/en\\\/consequential-diseases\\\/\",\"url\":\"https:\\\/\\\/www.nahrungsmittel-intoleranz.com\\\/en\\\/consequential-diseases\\\/\",\"name\":\"Fatty liver & depression with fructose intolerance &#8211; nmi-Portal \u2013 Ern\u00e4hrung im Fokus\",\"isPartOf\":{\"@id\":\"https:\\\/\\\/www.nahrungsmittel-intoleranz.com\\\/en\\\/#website\"},\"primaryImageOfPage\":{\"@id\":\"https:\\\/\\\/www.nahrungsmittel-intoleranz.com\\\/en\\\/consequential-diseases\\\/#primaryimage\"},\"image\":{\"@id\":\"https:\\\/\\\/www.nahrungsmittel-intoleranz.com\\\/en\\\/consequential-diseases\\\/#primaryimage\"},\"thumbnailUrl\":\"https:\\\/\\\/www.nahrungsmittel-intoleranz.com\\\/wp-content\\\/uploads\\\/yuris-alhumaydy-mSXMHkgRs8s-unsplash.jpg\",\"datePublished\":\"2019-05-17T10:12:40+00:00\",\"dateModified\":\"2024-09-09T13:01:36+00:00\",\"description\":\"Can fructose intolerance lead to fatty liver & depression? Click here to find out everything you need to know about secondary diseases of fructose intolerance.\",\"breadcrumb\":{\"@id\":\"https:\\\/\\\/www.nahrungsmittel-intoleranz.com\\\/en\\\/consequential-diseases\\\/#breadcrumb\"},\"inLanguage\":\"en-US\",\"potentialAction\":[{\"@type\":\"ReadAction\",\"target\":[\"https:\\\/\\\/www.nahrungsmittel-intoleranz.com\\\/en\\\/consequential-diseases\\\/\"]}]},{\"@type\":\"ImageObject\",\"inLanguage\":\"en-US\",\"@id\":\"https:\\\/\\\/www.nahrungsmittel-intoleranz.com\\\/en\\\/consequential-diseases\\\/#primaryimage\",\"url\":\"https:\\\/\\\/www.nahrungsmittel-intoleranz.com\\\/wp-content\\\/uploads\\\/yuris-alhumaydy-mSXMHkgRs8s-unsplash.jpg\",\"contentUrl\":\"https:\\\/\\\/www.nahrungsmittel-intoleranz.com\\\/wp-content\\\/uploads\\\/yuris-alhumaydy-mSXMHkgRs8s-unsplash.jpg\",\"width\":3872,\"height\":2592,\"caption\":\"Depressive Verstimmungen und Fructoseintoleranz k\u00f6nnen zusammenh\u00e4ngen.\"},{\"@type\":\"BreadcrumbList\",\"@id\":\"https:\\\/\\\/www.nahrungsmittel-intoleranz.com\\\/en\\\/consequential-diseases\\\/#breadcrumb\",\"itemListElement\":[{\"@type\":\"ListItem\",\"position\":1,\"name\":\"Startseite\",\"item\":\"https:\\\/\\\/www.nahrungsmittel-intoleranz.com\\\/en\\\/\"},{\"@type\":\"ListItem\",\"position\":2,\"name\":\"Consequences of fructose intolerance\"}]},{\"@type\":\"WebSite\",\"@id\":\"https:\\\/\\\/www.nahrungsmittel-intoleranz.com\\\/en\\\/#website\",\"url\":\"https:\\\/\\\/www.nahrungsmittel-intoleranz.com\\\/en\\\/\",\"name\":\"nmi-Portal \u2013 Ern\u00e4hrung im Fokus\",\"description\":\"Laktose, Fruktose, Histaminintoleranz &amp; Darm\",\"publisher\":{\"@id\":\"https:\\\/\\\/www.nahrungsmittel-intoleranz.com\\\/#organization\"},\"alternateName\":\"Portal f\u00fcr Nahrungsmittelintoleranz\",\"potentialAction\":[{\"@type\":\"SearchAction\",\"target\":{\"@type\":\"EntryPoint\",\"urlTemplate\":\"https:\\\/\\\/www.nahrungsmittel-intoleranz.com\\\/en\\\/?s={search_term_string}\"},\"query-input\":{\"@type\":\"PropertyValueSpecification\",\"valueRequired\":true,\"valueName\":\"search_term_string\"}}],\"inLanguage\":\"en-US\"},{\"@type\":\"Person\",\"@id\":\"https:\\\/\\\/www.nahrungsmittel-intoleranz.com\\\/en\\\/#\\\/schema\\\/person\\\/886bf98ff51d901de32aa6e29968eb8d\",\"name\":\"Dr. Michael Zechmann-Khreis\",\"image\":{\"@type\":\"ImageObject\",\"inLanguage\":\"en-US\",\"@id\":\"https:\\\/\\\/www.nahrungsmittel-intoleranz.com\\\/wp-content\\\/uploads\\\/Zechmann__web.jpg\",\"url\":\"https:\\\/\\\/www.nahrungsmittel-intoleranz.com\\\/wp-content\\\/uploads\\\/Zechmann__web.jpg\",\"contentUrl\":\"https:\\\/\\\/www.nahrungsmittel-intoleranz.com\\\/wp-content\\\/uploads\\\/Zechmann__web.jpg\",\"width\":800,\"height\":800,\"caption\":\"Dr. Michael Zechmann-Khreis\"},\"logo\":{\"@id\":\"https:\\\/\\\/www.nahrungsmittel-intoleranz.com\\\/wp-content\\\/uploads\\\/Zechmann__web.jpg\"},\"description\":\"Dr. Michael Zechmann-Khreis ist Ern\u00e4hrungsbiologe und Gr\u00fcnder des nmi-Portals. Er ist Professor an der P\u00e4dagogischen Hochschule Tirol (Professur f\u00fcr Ern\u00e4hrungswissenschaft, Nachhaltigkeit und Gesundheit), ist Autor verschiedener Ern\u00e4hrungsb\u00fccher und bloggt hier \u00fcber seine Erfahrungen als Betroffener (Laktose- und Fruktoseintoleranz) sowie \u00fcber allgemeine Ern\u00e4hrungsthemen.\",\"sameAs\":[\"https:\\\/\\\/scholar.google.com\\\/citations?user=8ZsLoCgAAAAJ&amp;hl=de\",\"https:\\\/\\\/www.researchgate.net\\\/profile\\\/Michael_Zechmann\",\"https:\\\/\\\/orcid.org\\\/0009-0004-7792-935X\",\"https:\\\/\\\/oesterreichwiki.org\\\/wiki\\\/Michael_Zechmann-Khreis\"],\"honorificPrefix\":\"Mag. Dr.\",\"gender\":\"m\u00e4nnlich\",\"knowsLanguage\":[\"Deutsch\",\"Englisch\"],\"worksFor\":{\"@type\":\"Organization\",\"name\":\"P\u00e4dagogische Hochschule Tirol\",\"url\":\"https:\\\/\\\/www.ph-tirol.ac.at\\\/\"},\"url\":\"https:\\\/\\\/www.nahrungsmittel-intoleranz.com\\\/en\\\/author\\\/michaelzechmann\\\/\"}]}<\/script>\n<!-- \/ Yoast SEO Premium plugin. -->","yoast_head_json":{"title":"Fatty liver & depression with fructose intolerance &#8211; nmi-Portal \u2013 Ern\u00e4hrung im Fokus","description":"Can fructose intolerance lead to fatty liver & depression? Click here to find out everything you need to know about secondary diseases of fructose intolerance.","robots":{"index":"index","follow":"follow","max-snippet":"max-snippet:-1","max-image-preview":"max-image-preview:large","max-video-preview":"max-video-preview:-1"},"canonical":"https:\/\/www.nahrungsmittel-intoleranz.com\/en\/consequential-diseases\/","og_locale":"en_US","og_type":"article","og_title":"Consequences of fructose intolerance","og_description":"Can fructose intolerance lead to fatty liver & depression? Click here to find out everything you need to know about secondary diseases of fructose intolerance.","og_url":"https:\/\/www.nahrungsmittel-intoleranz.com\/en\/consequential-diseases\/","og_site_name":"nmi-Portal \u2013 Ern\u00e4hrung im Fokus","article_publisher":"https:\/\/www.researchgate.net\/profile\/Michael_Zechmann","article_modified_time":"2024-09-09T13:01:36+00:00","og_image":[{"width":3872,"height":2592,"url":"https:\/\/www.nahrungsmittel-intoleranz.com\/wp-content\/uploads\/yuris-alhumaydy-mSXMHkgRs8s-unsplash.jpg","type":"image\/jpeg"}],"twitter_card":"summary_large_image","schema":{"@context":"https:\/\/schema.org","@graph":[{"@type":"Article","@id":"https:\/\/www.nahrungsmittel-intoleranz.com\/en\/consequential-diseases\/#article","isPartOf":{"@id":"https:\/\/www.nahrungsmittel-intoleranz.com\/en\/consequential-diseases\/"},"author":{"name":"Dr. Michael Zechmann-Khreis","@id":"https:\/\/www.nahrungsmittel-intoleranz.com\/en\/#\/schema\/person\/886bf98ff51d901de32aa6e29968eb8d"},"headline":"Consequences of fructose intolerance","datePublished":"2019-05-17T10:12:40+00:00","dateModified":"2024-09-09T13:01:36+00:00","mainEntityOfPage":{"@id":"https:\/\/www.nahrungsmittel-intoleranz.com\/en\/consequential-diseases\/"},"wordCount":1105,"publisher":{"@id":"https:\/\/www.nahrungsmittel-intoleranz.com\/#organization"},"image":{"@id":"https:\/\/www.nahrungsmittel-intoleranz.com\/en\/consequential-diseases\/#primaryimage"},"thumbnailUrl":"https:\/\/www.nahrungsmittel-intoleranz.com\/wp-content\/uploads\/yuris-alhumaydy-mSXMHkgRs8s-unsplash.jpg","inLanguage":"en-US"},{"@type":["WebPage","MedicalWebPage"],"@id":"https:\/\/www.nahrungsmittel-intoleranz.com\/en\/consequential-diseases\/","url":"https:\/\/www.nahrungsmittel-intoleranz.com\/en\/consequential-diseases\/","name":"Fatty liver & depression with fructose intolerance &#8211; nmi-Portal \u2013 Ern\u00e4hrung im Fokus","isPartOf":{"@id":"https:\/\/www.nahrungsmittel-intoleranz.com\/en\/#website"},"primaryImageOfPage":{"@id":"https:\/\/www.nahrungsmittel-intoleranz.com\/en\/consequential-diseases\/#primaryimage"},"image":{"@id":"https:\/\/www.nahrungsmittel-intoleranz.com\/en\/consequential-diseases\/#primaryimage"},"thumbnailUrl":"https:\/\/www.nahrungsmittel-intoleranz.com\/wp-content\/uploads\/yuris-alhumaydy-mSXMHkgRs8s-unsplash.jpg","datePublished":"2019-05-17T10:12:40+00:00","dateModified":"2024-09-09T13:01:36+00:00","description":"Can fructose intolerance lead to fatty liver & depression? Click here to find out everything you need to know about secondary diseases of fructose intolerance.","breadcrumb":{"@id":"https:\/\/www.nahrungsmittel-intoleranz.com\/en\/consequential-diseases\/#breadcrumb"},"inLanguage":"en-US","potentialAction":[{"@type":"ReadAction","target":["https:\/\/www.nahrungsmittel-intoleranz.com\/en\/consequential-diseases\/"]}]},{"@type":"ImageObject","inLanguage":"en-US","@id":"https:\/\/www.nahrungsmittel-intoleranz.com\/en\/consequential-diseases\/#primaryimage","url":"https:\/\/www.nahrungsmittel-intoleranz.com\/wp-content\/uploads\/yuris-alhumaydy-mSXMHkgRs8s-unsplash.jpg","contentUrl":"https:\/\/www.nahrungsmittel-intoleranz.com\/wp-content\/uploads\/yuris-alhumaydy-mSXMHkgRs8s-unsplash.jpg","width":3872,"height":2592,"caption":"Depressive Verstimmungen und Fructoseintoleranz k\u00f6nnen zusammenh\u00e4ngen."},{"@type":"BreadcrumbList","@id":"https:\/\/www.nahrungsmittel-intoleranz.com\/en\/consequential-diseases\/#breadcrumb","itemListElement":[{"@type":"ListItem","position":1,"name":"Startseite","item":"https:\/\/www.nahrungsmittel-intoleranz.com\/en\/"},{"@type":"ListItem","position":2,"name":"Consequences of fructose intolerance"}]},{"@type":"WebSite","@id":"https:\/\/www.nahrungsmittel-intoleranz.com\/en\/#website","url":"https:\/\/www.nahrungsmittel-intoleranz.com\/en\/","name":"nmi-Portal \u2013 Ern\u00e4hrung im Fokus","description":"Laktose, Fruktose, Histaminintoleranz &amp; Darm","publisher":{"@id":"https:\/\/www.nahrungsmittel-intoleranz.com\/#organization"},"alternateName":"Portal f\u00fcr Nahrungsmittelintoleranz","potentialAction":[{"@type":"SearchAction","target":{"@type":"EntryPoint","urlTemplate":"https:\/\/www.nahrungsmittel-intoleranz.com\/en\/?s={search_term_string}"},"query-input":{"@type":"PropertyValueSpecification","valueRequired":true,"valueName":"search_term_string"}}],"inLanguage":"en-US"},{"@type":"Person","@id":"https:\/\/www.nahrungsmittel-intoleranz.com\/en\/#\/schema\/person\/886bf98ff51d901de32aa6e29968eb8d","name":"Dr. Michael Zechmann-Khreis","image":{"@type":"ImageObject","inLanguage":"en-US","@id":"https:\/\/www.nahrungsmittel-intoleranz.com\/wp-content\/uploads\/Zechmann__web.jpg","url":"https:\/\/www.nahrungsmittel-intoleranz.com\/wp-content\/uploads\/Zechmann__web.jpg","contentUrl":"https:\/\/www.nahrungsmittel-intoleranz.com\/wp-content\/uploads\/Zechmann__web.jpg","width":800,"height":800,"caption":"Dr. Michael Zechmann-Khreis"},"logo":{"@id":"https:\/\/www.nahrungsmittel-intoleranz.com\/wp-content\/uploads\/Zechmann__web.jpg"},"description":"Dr. Michael Zechmann-Khreis ist Ern\u00e4hrungsbiologe und Gr\u00fcnder des nmi-Portals. Er ist Professor an der P\u00e4dagogischen Hochschule Tirol (Professur f\u00fcr Ern\u00e4hrungswissenschaft, Nachhaltigkeit und Gesundheit), ist Autor verschiedener Ern\u00e4hrungsb\u00fccher und bloggt hier \u00fcber seine Erfahrungen als Betroffener (Laktose- und Fruktoseintoleranz) sowie \u00fcber allgemeine Ern\u00e4hrungsthemen.","sameAs":["https:\/\/scholar.google.com\/citations?user=8ZsLoCgAAAAJ&amp;hl=de","https:\/\/www.researchgate.net\/profile\/Michael_Zechmann","https:\/\/orcid.org\/0009-0004-7792-935X","https:\/\/oesterreichwiki.org\/wiki\/Michael_Zechmann-Khreis"],"honorificPrefix":"Mag. Dr.","gender":"m\u00e4nnlich","knowsLanguage":["Deutsch","Englisch"],"worksFor":{"@type":"Organization","name":"P\u00e4dagogische Hochschule Tirol","url":"https:\/\/www.ph-tirol.ac.at\/"},"url":"https:\/\/www.nahrungsmittel-intoleranz.com\/en\/author\/michaelzechmann\/"}]}},"_links":{"self":[{"href":"https:\/\/www.nahrungsmittel-intoleranz.com\/en\/wp-json\/wp\/v2\/pages\/307766","targetHints":{"allow":["GET"]}}],"collection":[{"href":"https:\/\/www.nahrungsmittel-intoleranz.com\/en\/wp-json\/wp\/v2\/pages"}],"about":[{"href":"https:\/\/www.nahrungsmittel-intoleranz.com\/en\/wp-json\/wp\/v2\/types\/page"}],"author":[{"embeddable":true,"href":"https:\/\/www.nahrungsmittel-intoleranz.com\/en\/wp-json\/wp\/v2\/users\/2"}],"replies":[{"embeddable":true,"href":"https:\/\/www.nahrungsmittel-intoleranz.com\/en\/wp-json\/wp\/v2\/comments?post=307766"}],"version-history":[{"count":0,"href":"https:\/\/www.nahrungsmittel-intoleranz.com\/en\/wp-json\/wp\/v2\/pages\/307766\/revisions"}],"wp:featuredmedia":[{"embeddable":true,"href":"https:\/\/www.nahrungsmittel-intoleranz.com\/en\/wp-json\/wp\/v2\/media\/307593"}],"wp:attachment":[{"href":"https:\/\/www.nahrungsmittel-intoleranz.com\/en\/wp-json\/wp\/v2\/media?parent=307766"}],"curies":[{"name":"wp","href":"https:\/\/api.w.org\/{rel}","templated":true}]}}