{"id":307747,"date":"2019-04-12T21:04:47","date_gmt":"2019-04-12T21:04:47","guid":{"rendered":"https:\/\/www.nahrungsmittel-intoleranz.com\/lactose-intolerance-symptoms\/"},"modified":"2024-10-03T08:33:22","modified_gmt":"2024-10-03T08:33:22","slug":"lactose-intolerance-symptoms","status":"publish","type":"page","link":"https:\/\/www.nahrungsmittel-intoleranz.com\/en\/lactose-intolerance-symptoms\/","title":{"rendered":"Lactose intolerance symptoms"},"content":{"rendered":"\n<h2 class=\"wp-block-heading\" id=\"h-vielfaltige-symptome-bei-laktoseintoleranz\">Various symptoms of lactose intolerance<\/h2>\n\n<p>The symptoms of <a href=\"https:\/\/www.nahrungsmittel-intoleranz.com\/en\/what-is-lactose-intolerance\/\" target=\"_blank\" rel=\"noreferrer noopener\">lactose intolerance<\/a> are very varied. The most common symptoms are flatulence, diarrhea, nausea and abdominal pain. In order to understand how and why these symptoms occur when too much lactose is consumed, it is necessary to understand the structure and path of lactose through the digestive tract. Read here about the symptoms of lactose intolerance.<\/p>\n\n<h3 class=\"wp-block-heading\" id=\"h-laktase-spaltet-laktose\">Lactase breaks down lactose<\/h3>\n\n<p>The <strong>enzyme lactase <\/strong>is produced in the small intestine and breaks down <strong>lactose <\/strong>(the milk sugar, a disaccharide) into its two monosaccharides. These are then absorbed into the body in the small intestine. If this enzyme is missing or is insufficiently produced, this is referred to as <strong>lactose maldigestion <\/strong>or, as soon as symptoms occur, <strong>lactose intolerance<\/strong>.\nThis is because the lactose cannot be absorbed in the small intestine and ends up in the large intestine. <\/p>\n\n<h3 class=\"wp-block-heading\" id=\"h-bakterien-spalten-die-laktose-auf\">Bacteria break down the lactose<\/h3>\n<div class=\"wp-block-image\">\n<figure class=\"alignleft is-resized\"><img decoding=\"async\" width=\"1024\" height=\"683\" src=\"https:\/\/www.nahrungsmittel-intoleranz.com\/wp-content\/uploads\/\/olliss-AITGS-Bi7Io-unsplash-1024x683.jpg\" alt=\"Photo by Olliss on Unsplash\" class=\"wp-image-2273\" style=\"width:300px\" srcset=\"https:\/\/www.nahrungsmittel-intoleranz.com\/wp-content\/uploads\/olliss-AITGS-Bi7Io-unsplash-1024x683.jpg 1024w, https:\/\/www.nahrungsmittel-intoleranz.com\/wp-content\/uploads\/olliss-AITGS-Bi7Io-unsplash-300x200.jpg 300w, https:\/\/www.nahrungsmittel-intoleranz.com\/wp-content\/uploads\/olliss-AITGS-Bi7Io-unsplash-768x512.jpg 768w\" sizes=\"(max-width: 1024px) 100vw, 1024px\" \/><\/figure>\n<\/div>\n<p><strong>Intestinal bacteria<\/strong> are found in the large intestine. That&#8217;s quite normal and that&#8217;s how it should be. These bacteria can break down the lactose. In people <em>without<\/em> lactose intolerance, hardly any lactose reaches the other sections of the intestine, as it has already been absorbed by the body.\nThis means that the bacteria hardly get any lactose as &#8220;food&#8221;.  If you have lactose maldigestion, the lactose enters this area of the intestine and the bacteria break it down. In the process, they produce hydrogen (<sub>H2<\/sub>), short-chain fatty acids and gases such as<sub>CO2<\/sub>. Many other substances can be formed, depending on the type of bacteria. These include various alcohols or even sulphurous compounds. Among other things, these substances lead to the symptoms mentioned above.  <\/p>\n\n<h2 class=\"wp-block-heading\" id=\"h-so-entstehen-die-symptome-der-laktoseintoleranz\">How the symptoms of lactose intolerance develop<\/h2>\n\n<p>The<sub>CO2<\/sub> and the other gases produce symptoms such as flatulence, a bloated stomach and pressure on the stomach.\nThe short-chain fatty acids (acetic acid, butyric acid &#8230;) change the osmotic conditions in the intestine and lead to fluid penetration into the intestinal lumen.  This causes the stool to liquefy, resulting in watery diarrhea. There is also nausea and other symptoms of discomfort, but almost never vomiting.<\/p>\n\n<h2 class=\"wp-block-heading\" id=\"h-die-haufigsten-symptome-der-laktoseintoleranz-sind\">The most common symptoms of lactose intolerance are<\/h2>\n\n<ul class=\"wp-block-list\">\n<li>Nausea<\/li>\n\n\n\n<li>Feeling of fullness<\/li>\n\n\n\n<li>Flatulence, intestinal wind, bloated belly<\/li>\n\n\n\n<li>Loud bowel sounds, &#8220;bubbling&#8221; in the bowel<\/li>\n\n\n\n<li>Abdominal pain<\/li>\n\n\n\n<li>Diarrhea \/ soft stool<strong><br\/><\/strong><\/li>\n<\/ul>\n\n<p>In some patients, the bacteria in the large intestine produce <strong>methane<\/strong> instead of <strong>hydrogen<\/strong>. This gas slows down intestinal movements. This can also cause constipation instead of diarrhea. The methane also leads to extreme flatulence and severe abdominal pain due to the stretching of the intestines.  <\/p>\n\n<p>However, there are also patients who may exhibit the above symptoms for reasons other than food intolerance. It is therefore important to have a test carried out by a doctor if you suspect that you have an intolerance. In a trial in 1995, 30 people were tested who claimed to suffer from lactose intolerance and showed severe symptoms after drinking milk. 9 of these patients turned out not to be lactose intolerant, i.e. they were able to digest lactose without any problems.<\/p>\n\n<h2 class=\"wp-block-heading\" id=\"h-quellen\">Sources<\/h2>\n\n<ol class=\"wp-block-list has-small-font-size\">\n<li>Suarez F.L., Savaiano D.A., Levitt M.D: A Comparison of Symptoms after the Consumption of Milk or Lactose-Hydrolyzed Milk by people with Self-Reported Severe Lactose Intolerance, N Engl J Med. 1995 Jul 6;333(1):1-4.<\/li>\n\n\n\n<li>Medow et al: Lactose Intolerance. New England Journal of Medicine 333 (1995): 1358-1359<\/li>\n\n\n\n<li>Ledochowski M., Bair H., Fuchs D.: Lactose intolerance. J Ern\u00e4hrungsmed. 1\/2003 (2003): 7-14<\/li>\n<\/ol>\n","protected":false},"excerpt":{"rendered":"<p>Various symptoms of lactose intolerance The symptoms of lactose intolerance are very varied. The most common symptoms are flatulence, diarrhea, nausea and abdominal pain. In order to understand how and why these symptoms occur when too much lactose is consumed, it is necessary to understand the structure and path of lactose through the digestive tract. [&hellip;]<\/p>\n","protected":false},"author":2,"featured_media":307600,"parent":0,"menu_order":97,"comment_status":"closed","ping_status":"closed","template":"","meta":{"_lmt_disableupdate":"","_lmt_disable":"","wprm-recipe-roundup-name":"","wprm-recipe-roundup-description":"","footnotes":""},"class_list":["post-307747","page","type-page","status-publish","has-post-thumbnail","hentry"],"yoast_head":"<!-- This site is optimized with the Yoast SEO Premium plugin v27.4 (Yoast SEO v27.4) - https:\/\/yoast.com\/product\/yoast-seo-premium-wordpress\/ -->\n<title>Lactose intolerance symptoms &#8211; nmi-Portal \u2013 Ern\u00e4hrung im Fokus<\/title>\n<meta name=\"description\" content=\"The symptoms are flatulence, diarrhea, nausea &amp; abdominal pain. Read here how the symptoms occur and what you can do about them.\" \/>\n<meta name=\"robots\" content=\"index, follow, max-snippet:-1, max-image-preview:large, max-video-preview:-1\" \/>\n<link rel=\"canonical\" href=\"https:\/\/www.nahrungsmittel-intoleranz.com\/en\/lactose-intolerance-symptoms\/\" \/>\n<meta property=\"og:locale\" content=\"en_US\" \/>\n<meta property=\"og:type\" content=\"article\" \/>\n<meta property=\"og:title\" content=\"Lactose intolerance symptoms\" \/>\n<meta property=\"og:description\" content=\"The symptoms are flatulence, diarrhea, nausea &amp; abdominal pain. Read here how the symptoms occur and what you can do about them.\" \/>\n<meta property=\"og:url\" content=\"https:\/\/www.nahrungsmittel-intoleranz.com\/en\/lactose-intolerance-symptoms\/\" \/>\n<meta property=\"og:site_name\" content=\"nmi-Portal \u2013 Ern\u00e4hrung im Fokus\" \/>\n<meta property=\"article:publisher\" content=\"https:\/\/www.researchgate.net\/profile\/Michael_Zechmann\" \/>\n<meta property=\"article:modified_time\" content=\"2024-10-03T08:33:22+00:00\" \/>\n<meta property=\"og:image\" content=\"https:\/\/www.nahrungsmittel-intoleranz.com\/wp-content\/uploads\/olliss-AITGS-Bi7Io-unsplash.jpg\" \/>\n\t<meta property=\"og:image:width\" content=\"4272\" \/>\n\t<meta property=\"og:image:height\" content=\"2848\" \/>\n\t<meta property=\"og:image:type\" content=\"image\/jpeg\" \/>\n<meta name=\"twitter:card\" content=\"summary_large_image\" \/>\n<script type=\"application\/ld+json\" class=\"yoast-schema-graph\">{\"@context\":\"https:\\\/\\\/schema.org\",\"@graph\":[{\"@type\":\"Article\",\"@id\":\"https:\\\/\\\/www.nahrungsmittel-intoleranz.com\\\/en\\\/lactose-intolerance-symptoms\\\/#article\",\"isPartOf\":{\"@id\":\"https:\\\/\\\/www.nahrungsmittel-intoleranz.com\\\/en\\\/lactose-intolerance-symptoms\\\/\"},\"author\":{\"name\":\"Dr. Michael Zechmann-Khreis\",\"@id\":\"https:\\\/\\\/www.nahrungsmittel-intoleranz.com\\\/en\\\/#\\\/schema\\\/person\\\/886bf98ff51d901de32aa6e29968eb8d\"},\"headline\":\"Lactose intolerance symptoms\",\"datePublished\":\"2019-04-12T21:04:47+00:00\",\"dateModified\":\"2024-10-03T08:33:22+00:00\",\"mainEntityOfPage\":{\"@id\":\"https:\\\/\\\/www.nahrungsmittel-intoleranz.com\\\/en\\\/lactose-intolerance-symptoms\\\/\"},\"wordCount\":561,\"publisher\":{\"@id\":\"https:\\\/\\\/www.nahrungsmittel-intoleranz.com\\\/#organization\"},\"image\":{\"@id\":\"https:\\\/\\\/www.nahrungsmittel-intoleranz.com\\\/en\\\/lactose-intolerance-symptoms\\\/#primaryimage\"},\"thumbnailUrl\":\"https:\\\/\\\/www.nahrungsmittel-intoleranz.com\\\/wp-content\\\/uploads\\\/olliss-AITGS-Bi7Io-unsplash.jpg\",\"articleSection\":[\"Lactose intolerance information\"],\"inLanguage\":\"en-US\"},{\"@type\":[\"WebPage\",\"MedicalWebPage\"],\"@id\":\"https:\\\/\\\/www.nahrungsmittel-intoleranz.com\\\/en\\\/lactose-intolerance-symptoms\\\/\",\"url\":\"https:\\\/\\\/www.nahrungsmittel-intoleranz.com\\\/en\\\/lactose-intolerance-symptoms\\\/\",\"name\":\"Lactose intolerance symptoms &#8211; nmi-Portal \u2013 Ern\u00e4hrung im Fokus\",\"isPartOf\":{\"@id\":\"https:\\\/\\\/www.nahrungsmittel-intoleranz.com\\\/en\\\/#website\"},\"primaryImageOfPage\":{\"@id\":\"https:\\\/\\\/www.nahrungsmittel-intoleranz.com\\\/en\\\/lactose-intolerance-symptoms\\\/#primaryimage\"},\"image\":{\"@id\":\"https:\\\/\\\/www.nahrungsmittel-intoleranz.com\\\/en\\\/lactose-intolerance-symptoms\\\/#primaryimage\"},\"thumbnailUrl\":\"https:\\\/\\\/www.nahrungsmittel-intoleranz.com\\\/wp-content\\\/uploads\\\/olliss-AITGS-Bi7Io-unsplash.jpg\",\"datePublished\":\"2019-04-12T21:04:47+00:00\",\"dateModified\":\"2024-10-03T08:33:22+00:00\",\"description\":\"The symptoms are flatulence, diarrhea, nausea & abdominal pain. Read here how the symptoms occur and what you can do about them.\",\"breadcrumb\":{\"@id\":\"https:\\\/\\\/www.nahrungsmittel-intoleranz.com\\\/en\\\/lactose-intolerance-symptoms\\\/#breadcrumb\"},\"inLanguage\":\"en-US\",\"potentialAction\":[{\"@type\":\"ReadAction\",\"target\":[\"https:\\\/\\\/www.nahrungsmittel-intoleranz.com\\\/en\\\/lactose-intolerance-symptoms\\\/\"]}]},{\"@type\":\"ImageObject\",\"inLanguage\":\"en-US\",\"@id\":\"https:\\\/\\\/www.nahrungsmittel-intoleranz.com\\\/en\\\/lactose-intolerance-symptoms\\\/#primaryimage\",\"url\":\"https:\\\/\\\/www.nahrungsmittel-intoleranz.com\\\/wp-content\\\/uploads\\\/olliss-AITGS-Bi7Io-unsplash.jpg\",\"contentUrl\":\"https:\\\/\\\/www.nahrungsmittel-intoleranz.com\\\/wp-content\\\/uploads\\\/olliss-AITGS-Bi7Io-unsplash.jpg\",\"width\":4272,\"height\":2848,\"caption\":\"Photo by Olliss on Unsplash\"},{\"@type\":\"BreadcrumbList\",\"@id\":\"https:\\\/\\\/www.nahrungsmittel-intoleranz.com\\\/en\\\/lactose-intolerance-symptoms\\\/#breadcrumb\",\"itemListElement\":[{\"@type\":\"ListItem\",\"position\":1,\"name\":\"Startseite\",\"item\":\"https:\\\/\\\/www.nahrungsmittel-intoleranz.com\\\/en\\\/\"},{\"@type\":\"ListItem\",\"position\":2,\"name\":\"Lactose intolerance symptoms\"}]},{\"@type\":\"WebSite\",\"@id\":\"https:\\\/\\\/www.nahrungsmittel-intoleranz.com\\\/en\\\/#website\",\"url\":\"https:\\\/\\\/www.nahrungsmittel-intoleranz.com\\\/en\\\/\",\"name\":\"nmi-Portal \u2013 Ern\u00e4hrung im Fokus\",\"description\":\"Laktose, Fruktose, Histaminintoleranz &amp; Darm\",\"publisher\":{\"@id\":\"https:\\\/\\\/www.nahrungsmittel-intoleranz.com\\\/#organization\"},\"alternateName\":\"Portal f\u00fcr Nahrungsmittelintoleranz\",\"potentialAction\":[{\"@type\":\"SearchAction\",\"target\":{\"@type\":\"EntryPoint\",\"urlTemplate\":\"https:\\\/\\\/www.nahrungsmittel-intoleranz.com\\\/en\\\/?s={search_term_string}\"},\"query-input\":{\"@type\":\"PropertyValueSpecification\",\"valueRequired\":true,\"valueName\":\"search_term_string\"}}],\"inLanguage\":\"en-US\"},{\"@type\":\"Person\",\"@id\":\"https:\\\/\\\/www.nahrungsmittel-intoleranz.com\\\/en\\\/#\\\/schema\\\/person\\\/886bf98ff51d901de32aa6e29968eb8d\",\"name\":\"Dr. Michael Zechmann-Khreis\",\"image\":{\"@type\":\"ImageObject\",\"inLanguage\":\"en-US\",\"@id\":\"https:\\\/\\\/www.nahrungsmittel-intoleranz.com\\\/wp-content\\\/uploads\\\/Zechmann__web.jpg\",\"url\":\"https:\\\/\\\/www.nahrungsmittel-intoleranz.com\\\/wp-content\\\/uploads\\\/Zechmann__web.jpg\",\"contentUrl\":\"https:\\\/\\\/www.nahrungsmittel-intoleranz.com\\\/wp-content\\\/uploads\\\/Zechmann__web.jpg\",\"width\":800,\"height\":800,\"caption\":\"Dr. Michael Zechmann-Khreis\"},\"logo\":{\"@id\":\"https:\\\/\\\/www.nahrungsmittel-intoleranz.com\\\/wp-content\\\/uploads\\\/Zechmann__web.jpg\"},\"description\":\"Dr. Michael Zechmann-Khreis ist Ern\u00e4hrungsbiologe und Gr\u00fcnder des nmi-Portals. Er ist Professor an der P\u00e4dagogischen Hochschule Tirol (Professur f\u00fcr Ern\u00e4hrungswissenschaft, Nachhaltigkeit und Gesundheit), ist Autor verschiedener Ern\u00e4hrungsb\u00fccher und bloggt hier \u00fcber seine Erfahrungen als Betroffener (Laktose- und Fruktoseintoleranz) sowie \u00fcber allgemeine Ern\u00e4hrungsthemen.\",\"sameAs\":[\"https:\\\/\\\/scholar.google.com\\\/citations?user=8ZsLoCgAAAAJ&amp;hl=de\",\"https:\\\/\\\/www.researchgate.net\\\/profile\\\/Michael_Zechmann\",\"https:\\\/\\\/orcid.org\\\/0009-0004-7792-935X\",\"https:\\\/\\\/oesterreichwiki.org\\\/wiki\\\/Michael_Zechmann-Khreis\"],\"honorificPrefix\":\"Mag. Dr.\",\"gender\":\"m\u00e4nnlich\",\"knowsLanguage\":[\"Deutsch\",\"Englisch\"],\"worksFor\":{\"@type\":\"Organization\",\"name\":\"P\u00e4dagogische Hochschule Tirol\",\"url\":\"https:\\\/\\\/www.ph-tirol.ac.at\\\/\"},\"url\":\"https:\\\/\\\/www.nahrungsmittel-intoleranz.com\\\/en\\\/author\\\/michaelzechmann\\\/\"}]}<\/script>\n<!-- \/ Yoast SEO Premium plugin. -->","yoast_head_json":{"title":"Lactose intolerance symptoms &#8211; nmi-Portal \u2013 Ern\u00e4hrung im Fokus","description":"The symptoms are flatulence, diarrhea, nausea & abdominal pain. Read here how the symptoms occur and what you can do about them.","robots":{"index":"index","follow":"follow","max-snippet":"max-snippet:-1","max-image-preview":"max-image-preview:large","max-video-preview":"max-video-preview:-1"},"canonical":"https:\/\/www.nahrungsmittel-intoleranz.com\/en\/lactose-intolerance-symptoms\/","og_locale":"en_US","og_type":"article","og_title":"Lactose intolerance symptoms","og_description":"The symptoms are flatulence, diarrhea, nausea & abdominal pain. Read here how the symptoms occur and what you can do about them.","og_url":"https:\/\/www.nahrungsmittel-intoleranz.com\/en\/lactose-intolerance-symptoms\/","og_site_name":"nmi-Portal \u2013 Ern\u00e4hrung im Fokus","article_publisher":"https:\/\/www.researchgate.net\/profile\/Michael_Zechmann","article_modified_time":"2024-10-03T08:33:22+00:00","og_image":[{"width":4272,"height":2848,"url":"https:\/\/www.nahrungsmittel-intoleranz.com\/wp-content\/uploads\/olliss-AITGS-Bi7Io-unsplash.jpg","type":"image\/jpeg"}],"twitter_card":"summary_large_image","schema":{"@context":"https:\/\/schema.org","@graph":[{"@type":"Article","@id":"https:\/\/www.nahrungsmittel-intoleranz.com\/en\/lactose-intolerance-symptoms\/#article","isPartOf":{"@id":"https:\/\/www.nahrungsmittel-intoleranz.com\/en\/lactose-intolerance-symptoms\/"},"author":{"name":"Dr. Michael Zechmann-Khreis","@id":"https:\/\/www.nahrungsmittel-intoleranz.com\/en\/#\/schema\/person\/886bf98ff51d901de32aa6e29968eb8d"},"headline":"Lactose intolerance symptoms","datePublished":"2019-04-12T21:04:47+00:00","dateModified":"2024-10-03T08:33:22+00:00","mainEntityOfPage":{"@id":"https:\/\/www.nahrungsmittel-intoleranz.com\/en\/lactose-intolerance-symptoms\/"},"wordCount":561,"publisher":{"@id":"https:\/\/www.nahrungsmittel-intoleranz.com\/#organization"},"image":{"@id":"https:\/\/www.nahrungsmittel-intoleranz.com\/en\/lactose-intolerance-symptoms\/#primaryimage"},"thumbnailUrl":"https:\/\/www.nahrungsmittel-intoleranz.com\/wp-content\/uploads\/olliss-AITGS-Bi7Io-unsplash.jpg","articleSection":["Lactose intolerance information"],"inLanguage":"en-US"},{"@type":["WebPage","MedicalWebPage"],"@id":"https:\/\/www.nahrungsmittel-intoleranz.com\/en\/lactose-intolerance-symptoms\/","url":"https:\/\/www.nahrungsmittel-intoleranz.com\/en\/lactose-intolerance-symptoms\/","name":"Lactose intolerance symptoms &#8211; nmi-Portal \u2013 Ern\u00e4hrung im Fokus","isPartOf":{"@id":"https:\/\/www.nahrungsmittel-intoleranz.com\/en\/#website"},"primaryImageOfPage":{"@id":"https:\/\/www.nahrungsmittel-intoleranz.com\/en\/lactose-intolerance-symptoms\/#primaryimage"},"image":{"@id":"https:\/\/www.nahrungsmittel-intoleranz.com\/en\/lactose-intolerance-symptoms\/#primaryimage"},"thumbnailUrl":"https:\/\/www.nahrungsmittel-intoleranz.com\/wp-content\/uploads\/olliss-AITGS-Bi7Io-unsplash.jpg","datePublished":"2019-04-12T21:04:47+00:00","dateModified":"2024-10-03T08:33:22+00:00","description":"The symptoms are flatulence, diarrhea, nausea & abdominal pain. Read here how the symptoms occur and what you can do about them.","breadcrumb":{"@id":"https:\/\/www.nahrungsmittel-intoleranz.com\/en\/lactose-intolerance-symptoms\/#breadcrumb"},"inLanguage":"en-US","potentialAction":[{"@type":"ReadAction","target":["https:\/\/www.nahrungsmittel-intoleranz.com\/en\/lactose-intolerance-symptoms\/"]}]},{"@type":"ImageObject","inLanguage":"en-US","@id":"https:\/\/www.nahrungsmittel-intoleranz.com\/en\/lactose-intolerance-symptoms\/#primaryimage","url":"https:\/\/www.nahrungsmittel-intoleranz.com\/wp-content\/uploads\/olliss-AITGS-Bi7Io-unsplash.jpg","contentUrl":"https:\/\/www.nahrungsmittel-intoleranz.com\/wp-content\/uploads\/olliss-AITGS-Bi7Io-unsplash.jpg","width":4272,"height":2848,"caption":"Photo by Olliss on Unsplash"},{"@type":"BreadcrumbList","@id":"https:\/\/www.nahrungsmittel-intoleranz.com\/en\/lactose-intolerance-symptoms\/#breadcrumb","itemListElement":[{"@type":"ListItem","position":1,"name":"Startseite","item":"https:\/\/www.nahrungsmittel-intoleranz.com\/en\/"},{"@type":"ListItem","position":2,"name":"Lactose intolerance symptoms"}]},{"@type":"WebSite","@id":"https:\/\/www.nahrungsmittel-intoleranz.com\/en\/#website","url":"https:\/\/www.nahrungsmittel-intoleranz.com\/en\/","name":"nmi-Portal \u2013 Ern\u00e4hrung im Fokus","description":"Laktose, Fruktose, Histaminintoleranz &amp; Darm","publisher":{"@id":"https:\/\/www.nahrungsmittel-intoleranz.com\/#organization"},"alternateName":"Portal f\u00fcr Nahrungsmittelintoleranz","potentialAction":[{"@type":"SearchAction","target":{"@type":"EntryPoint","urlTemplate":"https:\/\/www.nahrungsmittel-intoleranz.com\/en\/?s={search_term_string}"},"query-input":{"@type":"PropertyValueSpecification","valueRequired":true,"valueName":"search_term_string"}}],"inLanguage":"en-US"},{"@type":"Person","@id":"https:\/\/www.nahrungsmittel-intoleranz.com\/en\/#\/schema\/person\/886bf98ff51d901de32aa6e29968eb8d","name":"Dr. Michael Zechmann-Khreis","image":{"@type":"ImageObject","inLanguage":"en-US","@id":"https:\/\/www.nahrungsmittel-intoleranz.com\/wp-content\/uploads\/Zechmann__web.jpg","url":"https:\/\/www.nahrungsmittel-intoleranz.com\/wp-content\/uploads\/Zechmann__web.jpg","contentUrl":"https:\/\/www.nahrungsmittel-intoleranz.com\/wp-content\/uploads\/Zechmann__web.jpg","width":800,"height":800,"caption":"Dr. Michael Zechmann-Khreis"},"logo":{"@id":"https:\/\/www.nahrungsmittel-intoleranz.com\/wp-content\/uploads\/Zechmann__web.jpg"},"description":"Dr. Michael Zechmann-Khreis ist Ern\u00e4hrungsbiologe und Gr\u00fcnder des nmi-Portals. Er ist Professor an der P\u00e4dagogischen Hochschule Tirol (Professur f\u00fcr Ern\u00e4hrungswissenschaft, Nachhaltigkeit und Gesundheit), ist Autor verschiedener Ern\u00e4hrungsb\u00fccher und bloggt hier \u00fcber seine Erfahrungen als Betroffener (Laktose- und Fruktoseintoleranz) sowie \u00fcber allgemeine Ern\u00e4hrungsthemen.","sameAs":["https:\/\/scholar.google.com\/citations?user=8ZsLoCgAAAAJ&amp;hl=de","https:\/\/www.researchgate.net\/profile\/Michael_Zechmann","https:\/\/orcid.org\/0009-0004-7792-935X","https:\/\/oesterreichwiki.org\/wiki\/Michael_Zechmann-Khreis"],"honorificPrefix":"Mag. Dr.","gender":"m\u00e4nnlich","knowsLanguage":["Deutsch","Englisch"],"worksFor":{"@type":"Organization","name":"P\u00e4dagogische Hochschule Tirol","url":"https:\/\/www.ph-tirol.ac.at\/"},"url":"https:\/\/www.nahrungsmittel-intoleranz.com\/en\/author\/michaelzechmann\/"}]}},"_links":{"self":[{"href":"https:\/\/www.nahrungsmittel-intoleranz.com\/en\/wp-json\/wp\/v2\/pages\/307747","targetHints":{"allow":["GET"]}}],"collection":[{"href":"https:\/\/www.nahrungsmittel-intoleranz.com\/en\/wp-json\/wp\/v2\/pages"}],"about":[{"href":"https:\/\/www.nahrungsmittel-intoleranz.com\/en\/wp-json\/wp\/v2\/types\/page"}],"author":[{"embeddable":true,"href":"https:\/\/www.nahrungsmittel-intoleranz.com\/en\/wp-json\/wp\/v2\/users\/2"}],"replies":[{"embeddable":true,"href":"https:\/\/www.nahrungsmittel-intoleranz.com\/en\/wp-json\/wp\/v2\/comments?post=307747"}],"version-history":[{"count":0,"href":"https:\/\/www.nahrungsmittel-intoleranz.com\/en\/wp-json\/wp\/v2\/pages\/307747\/revisions"}],"wp:featuredmedia":[{"embeddable":true,"href":"https:\/\/www.nahrungsmittel-intoleranz.com\/en\/wp-json\/wp\/v2\/media\/307600"}],"wp:attachment":[{"href":"https:\/\/www.nahrungsmittel-intoleranz.com\/en\/wp-json\/wp\/v2\/media?parent=307747"}],"curies":[{"name":"wp","href":"https:\/\/api.w.org\/{rel}","templated":true}]}}