{"id":307732,"date":"2019-03-22T21:47:39","date_gmt":"2019-03-22T21:47:39","guid":{"rendered":"https:\/\/www.nahrungsmittel-intoleranz.com\/rules-of-participation\/"},"modified":"2023-12-07T10:21:38","modified_gmt":"2023-12-07T10:21:38","slug":"rules-of-participation","status":"publish","type":"page","link":"https:\/\/www.nahrungsmittel-intoleranz.com\/en\/rules-of-participation\/","title":{"rendered":"Rules of participation"},"content":{"rendered":"\n<p>These are the terms and conditions for possible competitions and promotions on the nmi portal<\/p>\n\n<p>These terms and conditions govern any competitions organized on the nmi portal. In addition, the <a href=\"https:\/\/www.nahrungsmittel-intoleranz.com\/info-datenschutz\/\">data protection provisions<\/a> of the nmi portal apply.<\/p>\n\n<h2 class=\"wp-block-heading\" id=\"h-1-registrierung-teilnahme\">1. registration\/participation<\/h2>\n\n<p>To participate in the draw, you must provide at least all the data specified as mandatory fields on the form. The responsibility for changes to this data, in particular the address and e-mail address, lies with the participant.<\/p>\n\n<h2 class=\"wp-block-heading\" id=\"h-2-teilnahmeberechtigte\">2. eligible participants<\/h2>\n\n<p>All persons of legal age who live in the European Union, Liechtenstein or Switzerland are eligible to participate. This does not apply to employees, authorized representatives, legal successors and agents of the &#8220;Society for Public Health&#8221; or the &#8220;panthera advertising agency&#8221;.<\/p>\n\n<h2 class=\"wp-block-heading\" id=\"h-3-sonstige-bedingungen-der-teilnahme\">3. other conditions of participation<\/h2>\n\n<p>Participation is only possible via the Internet. Participation is in no way dependent on the acquisition of benefits. By participating in the competition, the participant agrees to the rules of the competition. Participation is possible within the times specified in the competition or by a specific date at the latest.<\/p>\n\n<h2 class=\"wp-block-heading\" id=\"h-4-gewinnermittlung\">4. profit determination<\/h2>\n\n<p>The winners will be drawn at random.<\/p>\n\n<h2 class=\"wp-block-heading\" id=\"h-5-gewinne\">5. profits<\/h2>\n\n<p>The prizes are clearly advertised on the competition page. The winners will be notified by e-mail within two weeks of the draw.<\/p>\n\n<h2 class=\"wp-block-heading\" id=\"h-6-benachrichtigung-der-gewinner\">6. notification of the winners<\/h2>\n\n<p>The winners will be notified by e-mail and\/or called. First name and first letter of the surname, or user name on the nmi portal, may be published by us.<\/p>\n\n<h2 class=\"wp-block-heading\" id=\"h-7-anwendbares-recht\">7 Applicable law<\/h2>\n\n<p>The competition is subject exclusively to Austrian law. The place of jurisdiction is Innsbruck.<\/p>\n\n<h2 class=\"wp-block-heading\" id=\"h-8-bermittlung-der-gewinne\">8. transmission of the winnings<\/h2>\n\n<p>The prizes will either be handed over in person (on presentation of an official photo ID) or sent to the address or e-mail address provided during registration. If the winner does not respond within 5 working days of notification, he\/she forfeits any claim to the prize. The winner will then be drawn again.<\/p>\n\n<h2 class=\"wp-block-heading\" id=\"h-9-beendigungsm-glichkeiten\">9. termination options<\/h2>\n\n<p>We reserve the right to cancel or terminate the competition at any time without prior notice. This applies in particular if the competition cannot run as planned for any reason, for example in the event of software and\/or hardware errors and\/or for other technical and\/or legal reasons that affect the administration, security, integrity and\/or regular and proper execution of the competition. In such cases, we also have the right to modify the competition at its discretion.<\/p>\n\n<h2 class=\"wp-block-heading\" id=\"h-10-datenschutz\">10. data protection<\/h2>\n\n<p>Personal data must be provided in order to take part in the competition. The participant expressly agrees that the data transmitted by him\/her may be collected, processed and passed on to the competition partners for the purpose of conducting and handling the competition. The participant also agrees that he\/she  <br\/>may receive messages in connection with the competition to the e-mail address provided by him\/her. In the event of revocation, the participant will be excluded from the competition.<\/p>\n\n<p>The data collected via the form will be deleted by us after the end of the competition. As the form is a Google form, the data is stored on foreign servers. As the operator, we have no influence on this. The <a href=\"https:\/\/www.google.com\/intl\/de\/policies\/terms\/\" target=\"_blank\" rel=\"noreferrer noopener\">terms of use of Google Inc <\/a>and the <a href=\"https:\/\/www.google.com\/intl\/de\/policies\/\" target=\"_blank\" rel=\"noreferrer noopener\">Google Privacy Policy<\/a> apply.<\/p>\n\n<h2 class=\"wp-block-heading\" id=\"h-11-rechtsweg-und-haftung\">11 Legal recourse and liability<\/h2>\n\n<p>Legal recourse is excluded. There is no enforceable claim to the payment of winnings. We are not liable for the loss, delay, alteration, manipulation and\/or misdirection of e-mails and\/or data during data entry, collection, transmission and\/or storage. This applies in particular to incorrect, missing, interrupted, deleted or defective data. Furthermore, we are not liable for incorrect information provided by participants and\/or third parties, their hardware and\/or software that is used for or in connection with the competition. In particular, no liability is assumed if e-mails or data entries do not meet the requirements set out there and are consequently not accepted and\/or accepted by the system. Furthermore, we are not liable in the event of theft or destruction of the systems and\/or storage media storing the data or in the event of unauthorized modification and\/or manipulation of the data in the systems and\/or on the storage media by the participants or third parties. Otherwise, we shall only be liable for gross negligence or intentional acts by our legal representatives, employees or vicarious agents. Furthermore, we are not liable for damages incurred by the winner or the winner&#8217;s relatives in connection with the prize.<\/p>\n\n<h2 class=\"wp-block-heading\" id=\"h-12-salvatorische-klausel\">12. severability clause<\/h2>\n\n<p>Should a provision of the conditions of participation be or become invalid, this shall not affect the validity of the remaining provisions. In such a case, the organizer and participants are obliged to cooperate in the creation of provisions that come as close as possible to the economic result of the invalid provision.<\/p>\n","protected":false},"excerpt":{"rendered":"<p>These are the terms and conditions for possible competitions and promotions on the nmi portal These terms and conditions govern any competitions organized on the nmi portal. In addition, the data protection provisions of the nmi portal apply. 1. registration\/participation To participate in the draw, you must provide at least all the data specified as [&hellip;]<\/p>\n","protected":false},"author":2,"featured_media":0,"parent":0,"menu_order":104,"comment_status":"closed","ping_status":"closed","template":"","meta":{"_lmt_disableupdate":"","_lmt_disable":"","wprm-recipe-roundup-name":"","wprm-recipe-roundup-description":"","footnotes":""},"class_list":["post-307732","page","type-page","status-publish","hentry"],"yoast_head":"<!-- This site is optimized with the Yoast SEO Premium plugin v27.4 (Yoast SEO v27.6) - https:\/\/yoast.com\/product\/yoast-seo-premium-wordpress\/ -->\n<title>Rules of participation &#8211; nmi-Portal \u2013 Ern\u00e4hrung im Fokus<\/title>\n<meta name=\"description\" content=\"Was ist Rules of participation ? - Klicke Hier &amp; erfahre alles zum Thema Rules of participation auf nahrungsmittel-intoleranz.com\" \/>\n<meta name=\"robots\" content=\"index, follow, max-snippet:-1, max-image-preview:large, max-video-preview:-1\" \/>\n<link rel=\"canonical\" href=\"https:\/\/www.nahrungsmittel-intoleranz.com\/en\/rules-of-participation\/\" \/>\n<meta property=\"og:locale\" content=\"en_US\" \/>\n<meta property=\"og:type\" content=\"article\" \/>\n<meta property=\"og:title\" content=\"Rules of participation\" \/>\n<meta property=\"og:description\" content=\"Was ist Rules of participation ? - Klicke Hier &amp; erfahre alles zum Thema Rules of participation auf nahrungsmittel-intoleranz.com\" \/>\n<meta property=\"og:url\" content=\"https:\/\/www.nahrungsmittel-intoleranz.com\/en\/rules-of-participation\/\" \/>\n<meta property=\"og:site_name\" content=\"nmi-Portal \u2013 Ern\u00e4hrung im Fokus\" \/>\n<meta property=\"article:publisher\" content=\"https:\/\/www.researchgate.net\/profile\/Michael_Zechmann\" \/>\n<meta property=\"article:modified_time\" content=\"2023-12-07T10:21:38+00:00\" \/>\n<meta property=\"og:image\" content=\"https:\/\/www.nahrungsmittel-intoleranz.com\/wp-content\/uploads\/Close-up-extreme-macro-photograph-of-fresh-chicken-tomato-salad-and-a-glass-of-white-wine.-Moody-low-key-lighting-strong-shadows-emphasizing-textures.jpg\" \/>\n\t<meta property=\"og:image:width\" content=\"1024\" \/>\n\t<meta property=\"og:image:height\" content=\"1024\" \/>\n\t<meta property=\"og:image:type\" content=\"image\/jpeg\" \/>\n<meta name=\"twitter:card\" content=\"summary_large_image\" \/>\n<script type=\"application\/ld+json\" class=\"yoast-schema-graph\">{\"@context\":\"https:\\\/\\\/schema.org\",\"@graph\":[{\"@type\":\"Article\",\"@id\":\"https:\\\/\\\/www.nahrungsmittel-intoleranz.com\\\/en\\\/rules-of-participation\\\/#article\",\"isPartOf\":{\"@id\":\"https:\\\/\\\/www.nahrungsmittel-intoleranz.com\\\/en\\\/rules-of-participation\\\/\"},\"author\":{\"name\":\"Dr. Michael Zechmann-Khreis\",\"@id\":\"https:\\\/\\\/www.nahrungsmittel-intoleranz.com\\\/en\\\/#\\\/schema\\\/person\\\/886bf98ff51d901de32aa6e29968eb8d\"},\"headline\":\"Rules of participation\",\"datePublished\":\"2019-03-22T21:47:39+00:00\",\"dateModified\":\"2023-12-07T10:21:38+00:00\",\"mainEntityOfPage\":{\"@id\":\"https:\\\/\\\/www.nahrungsmittel-intoleranz.com\\\/en\\\/rules-of-participation\\\/\"},\"wordCount\":796,\"publisher\":{\"@id\":\"https:\\\/\\\/www.nahrungsmittel-intoleranz.com\\\/#organization\"},\"inLanguage\":\"en-US\"},{\"@type\":[\"WebPage\",\"MedicalWebPage\"],\"@id\":\"https:\\\/\\\/www.nahrungsmittel-intoleranz.com\\\/en\\\/rules-of-participation\\\/\",\"url\":\"https:\\\/\\\/www.nahrungsmittel-intoleranz.com\\\/en\\\/rules-of-participation\\\/\",\"name\":\"Rules of participation &#8211; nmi-Portal \u2013 Ern\u00e4hrung im Fokus\",\"isPartOf\":{\"@id\":\"https:\\\/\\\/www.nahrungsmittel-intoleranz.com\\\/en\\\/#website\"},\"datePublished\":\"2019-03-22T21:47:39+00:00\",\"dateModified\":\"2023-12-07T10:21:38+00:00\",\"description\":\"Was ist Rules of participation ? - Klicke Hier & erfahre alles zum Thema Rules of participation auf nahrungsmittel-intoleranz.com\",\"breadcrumb\":{\"@id\":\"https:\\\/\\\/www.nahrungsmittel-intoleranz.com\\\/en\\\/rules-of-participation\\\/#breadcrumb\"},\"inLanguage\":\"en-US\",\"potentialAction\":[{\"@type\":\"ReadAction\",\"target\":[\"https:\\\/\\\/www.nahrungsmittel-intoleranz.com\\\/en\\\/rules-of-participation\\\/\"]}]},{\"@type\":\"BreadcrumbList\",\"@id\":\"https:\\\/\\\/www.nahrungsmittel-intoleranz.com\\\/en\\\/rules-of-participation\\\/#breadcrumb\",\"itemListElement\":[{\"@type\":\"ListItem\",\"position\":1,\"name\":\"Startseite\",\"item\":\"https:\\\/\\\/www.nahrungsmittel-intoleranz.com\\\/en\\\/\"},{\"@type\":\"ListItem\",\"position\":2,\"name\":\"Rules of participation\"}]},{\"@type\":\"WebSite\",\"@id\":\"https:\\\/\\\/www.nahrungsmittel-intoleranz.com\\\/en\\\/#website\",\"url\":\"https:\\\/\\\/www.nahrungsmittel-intoleranz.com\\\/en\\\/\",\"name\":\"nmi-Portal \u2013 Ern\u00e4hrung im Fokus\",\"description\":\"Laktose, Fruktose, Histaminintoleranz &amp; Darm\",\"publisher\":{\"@id\":\"https:\\\/\\\/www.nahrungsmittel-intoleranz.com\\\/#organization\"},\"alternateName\":\"Portal f\u00fcr Nahrungsmittelintoleranz\",\"potentialAction\":[{\"@type\":\"SearchAction\",\"target\":{\"@type\":\"EntryPoint\",\"urlTemplate\":\"https:\\\/\\\/www.nahrungsmittel-intoleranz.com\\\/en\\\/?s={search_term_string}\"},\"query-input\":{\"@type\":\"PropertyValueSpecification\",\"valueRequired\":true,\"valueName\":\"search_term_string\"}}],\"inLanguage\":\"en-US\"},{\"@type\":\"Person\",\"@id\":\"https:\\\/\\\/www.nahrungsmittel-intoleranz.com\\\/en\\\/#\\\/schema\\\/person\\\/886bf98ff51d901de32aa6e29968eb8d\",\"name\":\"Dr. Michael Zechmann-Khreis\",\"image\":{\"@type\":\"ImageObject\",\"inLanguage\":\"en-US\",\"@id\":\"https:\\\/\\\/www.nahrungsmittel-intoleranz.com\\\/wp-content\\\/uploads\\\/Zechmann__web.jpg\",\"url\":\"https:\\\/\\\/www.nahrungsmittel-intoleranz.com\\\/wp-content\\\/uploads\\\/Zechmann__web.jpg\",\"contentUrl\":\"https:\\\/\\\/www.nahrungsmittel-intoleranz.com\\\/wp-content\\\/uploads\\\/Zechmann__web.jpg\",\"width\":800,\"height\":800,\"caption\":\"Dr. Michael Zechmann-Khreis\"},\"logo\":{\"@id\":\"https:\\\/\\\/www.nahrungsmittel-intoleranz.com\\\/wp-content\\\/uploads\\\/Zechmann__web.jpg\"},\"description\":\"Dr. Michael Zechmann-Khreis ist Ern\u00e4hrungsbiologe und Gr\u00fcnder des nmi-Portals. Er ist Professor an der P\u00e4dagogischen Hochschule Tirol (Professur f\u00fcr Ern\u00e4hrungswissenschaft, Nachhaltigkeit und Gesundheit), ist Autor verschiedener Ern\u00e4hrungsb\u00fccher und bloggt hier \u00fcber seine Erfahrungen als Betroffener (Laktose- und Fruktoseintoleranz) sowie \u00fcber allgemeine Ern\u00e4hrungsthemen.\",\"sameAs\":[\"https:\\\/\\\/scholar.google.com\\\/citations?user=8ZsLoCgAAAAJ&amp;hl=de\",\"https:\\\/\\\/www.researchgate.net\\\/profile\\\/Michael_Zechmann\",\"https:\\\/\\\/orcid.org\\\/0009-0004-7792-935X\",\"https:\\\/\\\/oesterreichwiki.org\\\/wiki\\\/Michael_Zechmann-Khreis\"],\"honorificPrefix\":\"Mag. Dr.\",\"gender\":\"m\u00e4nnlich\",\"knowsLanguage\":[\"Deutsch\",\"Englisch\"],\"worksFor\":{\"@type\":\"Organization\",\"name\":\"P\u00e4dagogische Hochschule Tirol\",\"url\":\"https:\\\/\\\/www.ph-tirol.ac.at\\\/\"},\"url\":\"https:\\\/\\\/www.nahrungsmittel-intoleranz.com\\\/en\\\/author\\\/michaelzechmann\\\/\"}]}<\/script>\n<!-- \/ Yoast SEO Premium plugin. -->","yoast_head_json":{"title":"Rules of participation &#8211; nmi-Portal \u2013 Ern\u00e4hrung im Fokus","description":"Was ist Rules of participation ? - Klicke Hier & erfahre alles zum Thema Rules of participation auf nahrungsmittel-intoleranz.com","robots":{"index":"index","follow":"follow","max-snippet":"max-snippet:-1","max-image-preview":"max-image-preview:large","max-video-preview":"max-video-preview:-1"},"canonical":"https:\/\/www.nahrungsmittel-intoleranz.com\/en\/rules-of-participation\/","og_locale":"en_US","og_type":"article","og_title":"Rules of participation","og_description":"Was ist Rules of participation ? - Klicke Hier & erfahre alles zum Thema Rules of participation auf nahrungsmittel-intoleranz.com","og_url":"https:\/\/www.nahrungsmittel-intoleranz.com\/en\/rules-of-participation\/","og_site_name":"nmi-Portal \u2013 Ern\u00e4hrung im Fokus","article_publisher":"https:\/\/www.researchgate.net\/profile\/Michael_Zechmann","article_modified_time":"2023-12-07T10:21:38+00:00","og_image":[{"width":1024,"height":1024,"url":"https:\/\/www.nahrungsmittel-intoleranz.com\/wp-content\/uploads\/Close-up-extreme-macro-photograph-of-fresh-chicken-tomato-salad-and-a-glass-of-white-wine.-Moody-low-key-lighting-strong-shadows-emphasizing-textures.jpg","type":"image\/jpeg"}],"twitter_card":"summary_large_image","schema":{"@context":"https:\/\/schema.org","@graph":[{"@type":"Article","@id":"https:\/\/www.nahrungsmittel-intoleranz.com\/en\/rules-of-participation\/#article","isPartOf":{"@id":"https:\/\/www.nahrungsmittel-intoleranz.com\/en\/rules-of-participation\/"},"author":{"name":"Dr. Michael Zechmann-Khreis","@id":"https:\/\/www.nahrungsmittel-intoleranz.com\/en\/#\/schema\/person\/886bf98ff51d901de32aa6e29968eb8d"},"headline":"Rules of participation","datePublished":"2019-03-22T21:47:39+00:00","dateModified":"2023-12-07T10:21:38+00:00","mainEntityOfPage":{"@id":"https:\/\/www.nahrungsmittel-intoleranz.com\/en\/rules-of-participation\/"},"wordCount":796,"publisher":{"@id":"https:\/\/www.nahrungsmittel-intoleranz.com\/#organization"},"inLanguage":"en-US"},{"@type":["WebPage","MedicalWebPage"],"@id":"https:\/\/www.nahrungsmittel-intoleranz.com\/en\/rules-of-participation\/","url":"https:\/\/www.nahrungsmittel-intoleranz.com\/en\/rules-of-participation\/","name":"Rules of participation &#8211; nmi-Portal \u2013 Ern\u00e4hrung im Fokus","isPartOf":{"@id":"https:\/\/www.nahrungsmittel-intoleranz.com\/en\/#website"},"datePublished":"2019-03-22T21:47:39+00:00","dateModified":"2023-12-07T10:21:38+00:00","description":"Was ist Rules of participation ? - Klicke Hier & erfahre alles zum Thema Rules of participation auf nahrungsmittel-intoleranz.com","breadcrumb":{"@id":"https:\/\/www.nahrungsmittel-intoleranz.com\/en\/rules-of-participation\/#breadcrumb"},"inLanguage":"en-US","potentialAction":[{"@type":"ReadAction","target":["https:\/\/www.nahrungsmittel-intoleranz.com\/en\/rules-of-participation\/"]}]},{"@type":"BreadcrumbList","@id":"https:\/\/www.nahrungsmittel-intoleranz.com\/en\/rules-of-participation\/#breadcrumb","itemListElement":[{"@type":"ListItem","position":1,"name":"Startseite","item":"https:\/\/www.nahrungsmittel-intoleranz.com\/en\/"},{"@type":"ListItem","position":2,"name":"Rules of participation"}]},{"@type":"WebSite","@id":"https:\/\/www.nahrungsmittel-intoleranz.com\/en\/#website","url":"https:\/\/www.nahrungsmittel-intoleranz.com\/en\/","name":"nmi-Portal \u2013 Ern\u00e4hrung im Fokus","description":"Laktose, Fruktose, Histaminintoleranz &amp; Darm","publisher":{"@id":"https:\/\/www.nahrungsmittel-intoleranz.com\/#organization"},"alternateName":"Portal f\u00fcr Nahrungsmittelintoleranz","potentialAction":[{"@type":"SearchAction","target":{"@type":"EntryPoint","urlTemplate":"https:\/\/www.nahrungsmittel-intoleranz.com\/en\/?s={search_term_string}"},"query-input":{"@type":"PropertyValueSpecification","valueRequired":true,"valueName":"search_term_string"}}],"inLanguage":"en-US"},{"@type":"Person","@id":"https:\/\/www.nahrungsmittel-intoleranz.com\/en\/#\/schema\/person\/886bf98ff51d901de32aa6e29968eb8d","name":"Dr. Michael Zechmann-Khreis","image":{"@type":"ImageObject","inLanguage":"en-US","@id":"https:\/\/www.nahrungsmittel-intoleranz.com\/wp-content\/uploads\/Zechmann__web.jpg","url":"https:\/\/www.nahrungsmittel-intoleranz.com\/wp-content\/uploads\/Zechmann__web.jpg","contentUrl":"https:\/\/www.nahrungsmittel-intoleranz.com\/wp-content\/uploads\/Zechmann__web.jpg","width":800,"height":800,"caption":"Dr. Michael Zechmann-Khreis"},"logo":{"@id":"https:\/\/www.nahrungsmittel-intoleranz.com\/wp-content\/uploads\/Zechmann__web.jpg"},"description":"Dr. Michael Zechmann-Khreis ist Ern\u00e4hrungsbiologe und Gr\u00fcnder des nmi-Portals. Er ist Professor an der P\u00e4dagogischen Hochschule Tirol (Professur f\u00fcr Ern\u00e4hrungswissenschaft, Nachhaltigkeit und Gesundheit), ist Autor verschiedener Ern\u00e4hrungsb\u00fccher und bloggt hier \u00fcber seine Erfahrungen als Betroffener (Laktose- und Fruktoseintoleranz) sowie \u00fcber allgemeine Ern\u00e4hrungsthemen.","sameAs":["https:\/\/scholar.google.com\/citations?user=8ZsLoCgAAAAJ&amp;hl=de","https:\/\/www.researchgate.net\/profile\/Michael_Zechmann","https:\/\/orcid.org\/0009-0004-7792-935X","https:\/\/oesterreichwiki.org\/wiki\/Michael_Zechmann-Khreis"],"honorificPrefix":"Mag. Dr.","gender":"m\u00e4nnlich","knowsLanguage":["Deutsch","Englisch"],"worksFor":{"@type":"Organization","name":"P\u00e4dagogische Hochschule Tirol","url":"https:\/\/www.ph-tirol.ac.at\/"},"url":"https:\/\/www.nahrungsmittel-intoleranz.com\/en\/author\/michaelzechmann\/"}]}},"_links":{"self":[{"href":"https:\/\/www.nahrungsmittel-intoleranz.com\/en\/wp-json\/wp\/v2\/pages\/307732","targetHints":{"allow":["GET"]}}],"collection":[{"href":"https:\/\/www.nahrungsmittel-intoleranz.com\/en\/wp-json\/wp\/v2\/pages"}],"about":[{"href":"https:\/\/www.nahrungsmittel-intoleranz.com\/en\/wp-json\/wp\/v2\/types\/page"}],"author":[{"embeddable":true,"href":"https:\/\/www.nahrungsmittel-intoleranz.com\/en\/wp-json\/wp\/v2\/users\/2"}],"replies":[{"embeddable":true,"href":"https:\/\/www.nahrungsmittel-intoleranz.com\/en\/wp-json\/wp\/v2\/comments?post=307732"}],"version-history":[{"count":0,"href":"https:\/\/www.nahrungsmittel-intoleranz.com\/en\/wp-json\/wp\/v2\/pages\/307732\/revisions"}],"wp:attachment":[{"href":"https:\/\/www.nahrungsmittel-intoleranz.com\/en\/wp-json\/wp\/v2\/media?parent=307732"}],"curies":[{"name":"wp","href":"https:\/\/api.w.org\/{rel}","templated":true}]}}