{"id":307730,"date":"2021-02-27T20:10:01","date_gmt":"2021-02-27T20:10:01","guid":{"rendered":"https:\/\/www.nahrungsmittel-intoleranz.com\/nutrition-monologues\/"},"modified":"2025-03-18T10:18:51","modified_gmt":"2025-03-18T10:18:51","slug":"nutrition-monologues","status":"publish","type":"page","link":"https:\/\/www.nahrungsmittel-intoleranz.com\/en\/nutrition-monologues\/","title":{"rendered":"Nutrition monologues"},"content":{"rendered":"\n<h2 class=\"wp-block-heading\" id=\"h-der-gesund-fuhl-podcast-wurde-beendet\">The healthy-feeling podcast has ended<\/h2>\n\n<p>The podcast &#8220;Ern\u00e4hrungsmonologe&#8221; is interactive, questions can be sent in and answered in the episodes and it is informative and entertaining, because Michael explains clearly and comprehensibly how our diet works.<\/p>\n\n<p>The nmi portal&#8217;s nutrition podcast is available on all good podcast channels, but you can also find the latest episode at the bottom right of every page on the nmi portal. You can find a list of all nutrition monologues in the podcast channels and <a href=\"https:\/\/letscast.fm\/sites\/ernaehrungsmonologe-a8550437\" target=\"_blank\" rel=\"noreferrer noopener\">on our podcast page &#8220;Nutrition monologues&#8221;<\/a><\/p>\n\n<hr class=\"wp-block-separator has-css-opacity alignwide\"\/>\n\n<h2 class=\"wp-block-heading\" id=\"h-die-ernahrungsmonologe-brauchen-deine-hilfe\">The nutrition monologues need your help!<\/h2>\n\n<p id=\"h-so-einen-podcast-zu-produzieren-braucht-zeit-und-geld-da-wir-keinen-sponsor-haben-w-rden-wir-uns-freuen-wenn-die-community-uns-ein-bisschen-unterst-tzt-bitte-werdet-podcast-unterst-tzer-und-spendet-uns-einen-kleinen-betrag-ber-paypal-jeder-euro-hilft-uns-dabei-das-nmi-portal-und-unseren-podcast-weiter-zu-f-hren-danke\">Producing a podcast like this takes time and money. Since we don&#8217;t have a sponsor, we would be happy if the community would support us a little. <strong>Please become a podcast supporter<\/strong> and donate a small amount via <a href=\"https:\/\/steadyhq.com\/de\/ernaehrungsmonologe\/about?utm_medium=steady_hoverbutton&amp;utm_source=ernaehrungsmonologe\" target=\"_blank\" rel=\"noreferrer noopener\">Steady<\/a>. Steady is a German internet platform for project financing via crowdfunding. You can easily <a href=\"https:\/\/steadyhq.com\/de\/ernaehrungsmonologe\/about?utm_medium=steady_hoverbutton&amp;utm_source=ernaehrungsmonologe\" target=\"_blank\" rel=\"noreferrer noopener\">choose from different models and support our project with a small amount<\/a>. Every euro helps us to continue running the nmi portal and our podcast. Thank you!<\/p>\n\n<hr class=\"wp-block-separator has-css-opacity\"\/>\n\n<h2 class=\"wp-block-heading\" id=\"h-die-themen-der-ersten-staffel-der-ernahrungsmonologe-sind\">The topics of the first season of the nutrition monologues are:<\/h2>\n\n<ul class=\"wp-block-list\">\n<li><a href=\"https:\/\/www.nahrungsmittel-intoleranz.com\/en\/what-is-lactose-intolerance\/\">Lactose intolerance<\/a><\/li>\n\n\n\n<li><a href=\"https:\/\/www.nahrungsmittel-intoleranz.com\/en\/what-is-fructose-intolerance\/\">Fructose intolerance<\/a><\/li>\n\n\n\n<li><a href=\"https:\/\/www.nahrungsmittel-intoleranz.com\/en\/histamine-intolerance-what-is-it\/\">Histamine intolerance<\/a><\/li>\n\n\n\n<li>What is all this? What can you eat? How do you get rid of it?<\/li>\n\n\n\n<li>How can you live a healthy and happy life despite intolerances?<\/li>\n\n\n\n<li>What tips and tricks are there for people with intolerances?<\/li>\n\n\n\n<li>In addition, current special episodes on hot topics such as breath tests, milk alternatives, stool tests and IgG4 home tests.<\/li>\n<\/ul>\n\n<p>You can find all Nutrition Monologues episodes on the usual podcast channels and on <a href=\"https:\/\/letscast.fm\/sites\/ernaehrungsmonologe-a8550437\" target=\"_blank\" rel=\"noreferrer noopener\">our podcast page<\/a>.  <\/p>\n\n<p>Here you will find the Apple podcast player with the latest episodes as well as a <a href=\"https:\/\/www.nahrungsmittel-intoleranz.com\/en\/category\/podcast-en\/\" target=\"_blank\" rel=\"noreferrer noopener\">link to all blog entries of the podcast<\/a>.<\/p>\n","protected":false},"excerpt":{"rendered":"<p>The healthy-feeling podcast has ended The podcast &#8220;Ern\u00e4hrungsmonologe&#8221; is interactive, questions can be sent in and answered in the episodes and it is informative and entertaining, because Michael explains clearly and comprehensibly how our diet works. The nmi portal&#8217;s nutrition podcast is available on all good podcast channels, but you can also find the latest [&hellip;]<\/p>\n","protected":false},"author":2,"featured_media":307656,"parent":0,"menu_order":49,"comment_status":"closed","ping_status":"closed","template":"","meta":{"_lmt_disableupdate":"","_lmt_disable":"","wprm-recipe-roundup-name":"","wprm-recipe-roundup-description":"","footnotes":""},"class_list":["post-307730","page","type-page","status-publish","has-post-thumbnail","hentry"],"yoast_head":"<!-- This site is optimized with the Yoast SEO Premium plugin v27.4 (Yoast SEO v27.4) - https:\/\/yoast.com\/product\/yoast-seo-premium-wordpress\/ -->\n<title>Nutrition monologues &#8211; nmi-Portal \u2013 Ern\u00e4hrung im Fokus<\/title>\n<meta name=\"description\" content=\"Was ist Nutrition monologues ? - Klicke Hier &amp; erfahre alles zum Thema Nutrition monologues auf nahrungsmittel-intoleranz.com\" \/>\n<meta name=\"robots\" content=\"index, follow, max-snippet:-1, max-image-preview:large, max-video-preview:-1\" \/>\n<link rel=\"canonical\" href=\"https:\/\/www.nahrungsmittel-intoleranz.com\/en\/nutrition-monologues\/\" \/>\n<meta property=\"og:locale\" content=\"en_US\" \/>\n<meta property=\"og:type\" content=\"article\" \/>\n<meta property=\"og:title\" content=\"Nutrition monologues\" \/>\n<meta property=\"og:description\" content=\"Was ist Nutrition monologues ? - Klicke Hier &amp; erfahre alles zum Thema Nutrition monologues auf nahrungsmittel-intoleranz.com\" \/>\n<meta property=\"og:url\" content=\"https:\/\/www.nahrungsmittel-intoleranz.com\/en\/nutrition-monologues\/\" \/>\n<meta property=\"og:site_name\" content=\"nmi-Portal \u2013 Ern\u00e4hrung im Fokus\" \/>\n<meta property=\"article:publisher\" content=\"https:\/\/www.researchgate.net\/profile\/Michael_Zechmann\" \/>\n<meta property=\"article:modified_time\" content=\"2025-03-18T10:18:51+00:00\" \/>\n<meta property=\"og:image\" content=\"https:\/\/www.nahrungsmittel-intoleranz.com\/wp-content\/uploads\/logo-ernaehrungsmonologe_web2-scaled.jpg\" \/>\n\t<meta property=\"og:image:width\" content=\"2560\" \/>\n\t<meta property=\"og:image:height\" content=\"1707\" \/>\n\t<meta property=\"og:image:type\" content=\"image\/jpeg\" \/>\n<meta name=\"twitter:card\" content=\"summary_large_image\" \/>\n<script type=\"application\/ld+json\" class=\"yoast-schema-graph\">{\"@context\":\"https:\\\/\\\/schema.org\",\"@graph\":[{\"@type\":\"Article\",\"@id\":\"https:\\\/\\\/www.nahrungsmittel-intoleranz.com\\\/en\\\/nutrition-monologues\\\/#article\",\"isPartOf\":{\"@id\":\"https:\\\/\\\/www.nahrungsmittel-intoleranz.com\\\/en\\\/nutrition-monologues\\\/\"},\"author\":{\"name\":\"Dr. Michael Zechmann-Khreis\",\"@id\":\"https:\\\/\\\/www.nahrungsmittel-intoleranz.com\\\/en\\\/#\\\/schema\\\/person\\\/886bf98ff51d901de32aa6e29968eb8d\"},\"headline\":\"Nutrition monologues\",\"datePublished\":\"2021-02-27T20:10:01+00:00\",\"dateModified\":\"2025-03-18T10:18:51+00:00\",\"mainEntityOfPage\":{\"@id\":\"https:\\\/\\\/www.nahrungsmittel-intoleranz.com\\\/en\\\/nutrition-monologues\\\/\"},\"wordCount\":292,\"publisher\":{\"@id\":\"https:\\\/\\\/www.nahrungsmittel-intoleranz.com\\\/#organization\"},\"image\":{\"@id\":\"https:\\\/\\\/www.nahrungsmittel-intoleranz.com\\\/en\\\/nutrition-monologues\\\/#primaryimage\"},\"thumbnailUrl\":\"https:\\\/\\\/www.nahrungsmittel-intoleranz.com\\\/wp-content\\\/uploads\\\/logo-ernaehrungsmonologe_web2-scaled.jpg\",\"inLanguage\":\"en-US\"},{\"@type\":[\"WebPage\",\"MedicalWebPage\"],\"@id\":\"https:\\\/\\\/www.nahrungsmittel-intoleranz.com\\\/en\\\/nutrition-monologues\\\/\",\"url\":\"https:\\\/\\\/www.nahrungsmittel-intoleranz.com\\\/en\\\/nutrition-monologues\\\/\",\"name\":\"Nutrition monologues &#8211; nmi-Portal \u2013 Ern\u00e4hrung im Fokus\",\"isPartOf\":{\"@id\":\"https:\\\/\\\/www.nahrungsmittel-intoleranz.com\\\/en\\\/#website\"},\"primaryImageOfPage\":{\"@id\":\"https:\\\/\\\/www.nahrungsmittel-intoleranz.com\\\/en\\\/nutrition-monologues\\\/#primaryimage\"},\"image\":{\"@id\":\"https:\\\/\\\/www.nahrungsmittel-intoleranz.com\\\/en\\\/nutrition-monologues\\\/#primaryimage\"},\"thumbnailUrl\":\"https:\\\/\\\/www.nahrungsmittel-intoleranz.com\\\/wp-content\\\/uploads\\\/logo-ernaehrungsmonologe_web2-scaled.jpg\",\"datePublished\":\"2021-02-27T20:10:01+00:00\",\"dateModified\":\"2025-03-18T10:18:51+00:00\",\"description\":\"Was ist Nutrition monologues ? - Klicke Hier & erfahre alles zum Thema Nutrition monologues auf nahrungsmittel-intoleranz.com\",\"breadcrumb\":{\"@id\":\"https:\\\/\\\/www.nahrungsmittel-intoleranz.com\\\/en\\\/nutrition-monologues\\\/#breadcrumb\"},\"inLanguage\":\"en-US\",\"potentialAction\":[{\"@type\":\"ReadAction\",\"target\":[\"https:\\\/\\\/www.nahrungsmittel-intoleranz.com\\\/en\\\/nutrition-monologues\\\/\"]}]},{\"@type\":\"ImageObject\",\"inLanguage\":\"en-US\",\"@id\":\"https:\\\/\\\/www.nahrungsmittel-intoleranz.com\\\/en\\\/nutrition-monologues\\\/#primaryimage\",\"url\":\"https:\\\/\\\/www.nahrungsmittel-intoleranz.com\\\/wp-content\\\/uploads\\\/logo-ernaehrungsmonologe_web2-scaled.jpg\",\"contentUrl\":\"https:\\\/\\\/www.nahrungsmittel-intoleranz.com\\\/wp-content\\\/uploads\\\/logo-ernaehrungsmonologe_web2-scaled.jpg\",\"width\":2560,\"height\":1707,\"caption\":\"Ern\u00e4hrungsmonologe Podcast\"},{\"@type\":\"BreadcrumbList\",\"@id\":\"https:\\\/\\\/www.nahrungsmittel-intoleranz.com\\\/en\\\/nutrition-monologues\\\/#breadcrumb\",\"itemListElement\":[{\"@type\":\"ListItem\",\"position\":1,\"name\":\"Startseite\",\"item\":\"https:\\\/\\\/www.nahrungsmittel-intoleranz.com\\\/en\\\/\"},{\"@type\":\"ListItem\",\"position\":2,\"name\":\"Nutrition monologues\"}]},{\"@type\":\"WebSite\",\"@id\":\"https:\\\/\\\/www.nahrungsmittel-intoleranz.com\\\/en\\\/#website\",\"url\":\"https:\\\/\\\/www.nahrungsmittel-intoleranz.com\\\/en\\\/\",\"name\":\"nmi-Portal \u2013 Ern\u00e4hrung im Fokus\",\"description\":\"Laktose, Fruktose, Histaminintoleranz &amp; Darm\",\"publisher\":{\"@id\":\"https:\\\/\\\/www.nahrungsmittel-intoleranz.com\\\/#organization\"},\"alternateName\":\"Portal f\u00fcr Nahrungsmittelintoleranz\",\"potentialAction\":[{\"@type\":\"SearchAction\",\"target\":{\"@type\":\"EntryPoint\",\"urlTemplate\":\"https:\\\/\\\/www.nahrungsmittel-intoleranz.com\\\/en\\\/?s={search_term_string}\"},\"query-input\":{\"@type\":\"PropertyValueSpecification\",\"valueRequired\":true,\"valueName\":\"search_term_string\"}}],\"inLanguage\":\"en-US\"},{\"@type\":\"Person\",\"@id\":\"https:\\\/\\\/www.nahrungsmittel-intoleranz.com\\\/en\\\/#\\\/schema\\\/person\\\/886bf98ff51d901de32aa6e29968eb8d\",\"name\":\"Dr. Michael Zechmann-Khreis\",\"image\":{\"@type\":\"ImageObject\",\"inLanguage\":\"en-US\",\"@id\":\"https:\\\/\\\/www.nahrungsmittel-intoleranz.com\\\/wp-content\\\/uploads\\\/Zechmann__web.jpg\",\"url\":\"https:\\\/\\\/www.nahrungsmittel-intoleranz.com\\\/wp-content\\\/uploads\\\/Zechmann__web.jpg\",\"contentUrl\":\"https:\\\/\\\/www.nahrungsmittel-intoleranz.com\\\/wp-content\\\/uploads\\\/Zechmann__web.jpg\",\"width\":800,\"height\":800,\"caption\":\"Dr. Michael Zechmann-Khreis\"},\"logo\":{\"@id\":\"https:\\\/\\\/www.nahrungsmittel-intoleranz.com\\\/wp-content\\\/uploads\\\/Zechmann__web.jpg\"},\"description\":\"Dr. Michael Zechmann-Khreis ist Ern\u00e4hrungsbiologe und Gr\u00fcnder des nmi-Portals. Er ist Professor an der P\u00e4dagogischen Hochschule Tirol (Professur f\u00fcr Ern\u00e4hrungswissenschaft, Nachhaltigkeit und Gesundheit), ist Autor verschiedener Ern\u00e4hrungsb\u00fccher und bloggt hier \u00fcber seine Erfahrungen als Betroffener (Laktose- und Fruktoseintoleranz) sowie \u00fcber allgemeine Ern\u00e4hrungsthemen.\",\"sameAs\":[\"https:\\\/\\\/scholar.google.com\\\/citations?user=8ZsLoCgAAAAJ&amp;hl=de\",\"https:\\\/\\\/www.researchgate.net\\\/profile\\\/Michael_Zechmann\",\"https:\\\/\\\/orcid.org\\\/0009-0004-7792-935X\",\"https:\\\/\\\/oesterreichwiki.org\\\/wiki\\\/Michael_Zechmann-Khreis\"],\"honorificPrefix\":\"Mag. Dr.\",\"gender\":\"m\u00e4nnlich\",\"knowsLanguage\":[\"Deutsch\",\"Englisch\"],\"worksFor\":{\"@type\":\"Organization\",\"name\":\"P\u00e4dagogische Hochschule Tirol\",\"url\":\"https:\\\/\\\/www.ph-tirol.ac.at\\\/\"},\"url\":\"https:\\\/\\\/www.nahrungsmittel-intoleranz.com\\\/en\\\/author\\\/michaelzechmann\\\/\"}]}<\/script>\n<!-- \/ Yoast SEO Premium plugin. -->","yoast_head_json":{"title":"Nutrition monologues &#8211; nmi-Portal \u2013 Ern\u00e4hrung im Fokus","description":"Was ist Nutrition monologues ? - Klicke Hier & erfahre alles zum Thema Nutrition monologues auf nahrungsmittel-intoleranz.com","robots":{"index":"index","follow":"follow","max-snippet":"max-snippet:-1","max-image-preview":"max-image-preview:large","max-video-preview":"max-video-preview:-1"},"canonical":"https:\/\/www.nahrungsmittel-intoleranz.com\/en\/nutrition-monologues\/","og_locale":"en_US","og_type":"article","og_title":"Nutrition monologues","og_description":"Was ist Nutrition monologues ? - Klicke Hier & erfahre alles zum Thema Nutrition monologues auf nahrungsmittel-intoleranz.com","og_url":"https:\/\/www.nahrungsmittel-intoleranz.com\/en\/nutrition-monologues\/","og_site_name":"nmi-Portal \u2013 Ern\u00e4hrung im Fokus","article_publisher":"https:\/\/www.researchgate.net\/profile\/Michael_Zechmann","article_modified_time":"2025-03-18T10:18:51+00:00","og_image":[{"width":2560,"height":1707,"url":"https:\/\/www.nahrungsmittel-intoleranz.com\/wp-content\/uploads\/logo-ernaehrungsmonologe_web2-scaled.jpg","type":"image\/jpeg"}],"twitter_card":"summary_large_image","schema":{"@context":"https:\/\/schema.org","@graph":[{"@type":"Article","@id":"https:\/\/www.nahrungsmittel-intoleranz.com\/en\/nutrition-monologues\/#article","isPartOf":{"@id":"https:\/\/www.nahrungsmittel-intoleranz.com\/en\/nutrition-monologues\/"},"author":{"name":"Dr. Michael Zechmann-Khreis","@id":"https:\/\/www.nahrungsmittel-intoleranz.com\/en\/#\/schema\/person\/886bf98ff51d901de32aa6e29968eb8d"},"headline":"Nutrition monologues","datePublished":"2021-02-27T20:10:01+00:00","dateModified":"2025-03-18T10:18:51+00:00","mainEntityOfPage":{"@id":"https:\/\/www.nahrungsmittel-intoleranz.com\/en\/nutrition-monologues\/"},"wordCount":292,"publisher":{"@id":"https:\/\/www.nahrungsmittel-intoleranz.com\/#organization"},"image":{"@id":"https:\/\/www.nahrungsmittel-intoleranz.com\/en\/nutrition-monologues\/#primaryimage"},"thumbnailUrl":"https:\/\/www.nahrungsmittel-intoleranz.com\/wp-content\/uploads\/logo-ernaehrungsmonologe_web2-scaled.jpg","inLanguage":"en-US"},{"@type":["WebPage","MedicalWebPage"],"@id":"https:\/\/www.nahrungsmittel-intoleranz.com\/en\/nutrition-monologues\/","url":"https:\/\/www.nahrungsmittel-intoleranz.com\/en\/nutrition-monologues\/","name":"Nutrition monologues &#8211; nmi-Portal \u2013 Ern\u00e4hrung im Fokus","isPartOf":{"@id":"https:\/\/www.nahrungsmittel-intoleranz.com\/en\/#website"},"primaryImageOfPage":{"@id":"https:\/\/www.nahrungsmittel-intoleranz.com\/en\/nutrition-monologues\/#primaryimage"},"image":{"@id":"https:\/\/www.nahrungsmittel-intoleranz.com\/en\/nutrition-monologues\/#primaryimage"},"thumbnailUrl":"https:\/\/www.nahrungsmittel-intoleranz.com\/wp-content\/uploads\/logo-ernaehrungsmonologe_web2-scaled.jpg","datePublished":"2021-02-27T20:10:01+00:00","dateModified":"2025-03-18T10:18:51+00:00","description":"Was ist Nutrition monologues ? - Klicke Hier & erfahre alles zum Thema Nutrition monologues auf nahrungsmittel-intoleranz.com","breadcrumb":{"@id":"https:\/\/www.nahrungsmittel-intoleranz.com\/en\/nutrition-monologues\/#breadcrumb"},"inLanguage":"en-US","potentialAction":[{"@type":"ReadAction","target":["https:\/\/www.nahrungsmittel-intoleranz.com\/en\/nutrition-monologues\/"]}]},{"@type":"ImageObject","inLanguage":"en-US","@id":"https:\/\/www.nahrungsmittel-intoleranz.com\/en\/nutrition-monologues\/#primaryimage","url":"https:\/\/www.nahrungsmittel-intoleranz.com\/wp-content\/uploads\/logo-ernaehrungsmonologe_web2-scaled.jpg","contentUrl":"https:\/\/www.nahrungsmittel-intoleranz.com\/wp-content\/uploads\/logo-ernaehrungsmonologe_web2-scaled.jpg","width":2560,"height":1707,"caption":"Ern\u00e4hrungsmonologe Podcast"},{"@type":"BreadcrumbList","@id":"https:\/\/www.nahrungsmittel-intoleranz.com\/en\/nutrition-monologues\/#breadcrumb","itemListElement":[{"@type":"ListItem","position":1,"name":"Startseite","item":"https:\/\/www.nahrungsmittel-intoleranz.com\/en\/"},{"@type":"ListItem","position":2,"name":"Nutrition monologues"}]},{"@type":"WebSite","@id":"https:\/\/www.nahrungsmittel-intoleranz.com\/en\/#website","url":"https:\/\/www.nahrungsmittel-intoleranz.com\/en\/","name":"nmi-Portal \u2013 Ern\u00e4hrung im Fokus","description":"Laktose, Fruktose, Histaminintoleranz &amp; Darm","publisher":{"@id":"https:\/\/www.nahrungsmittel-intoleranz.com\/#organization"},"alternateName":"Portal f\u00fcr Nahrungsmittelintoleranz","potentialAction":[{"@type":"SearchAction","target":{"@type":"EntryPoint","urlTemplate":"https:\/\/www.nahrungsmittel-intoleranz.com\/en\/?s={search_term_string}"},"query-input":{"@type":"PropertyValueSpecification","valueRequired":true,"valueName":"search_term_string"}}],"inLanguage":"en-US"},{"@type":"Person","@id":"https:\/\/www.nahrungsmittel-intoleranz.com\/en\/#\/schema\/person\/886bf98ff51d901de32aa6e29968eb8d","name":"Dr. Michael Zechmann-Khreis","image":{"@type":"ImageObject","inLanguage":"en-US","@id":"https:\/\/www.nahrungsmittel-intoleranz.com\/wp-content\/uploads\/Zechmann__web.jpg","url":"https:\/\/www.nahrungsmittel-intoleranz.com\/wp-content\/uploads\/Zechmann__web.jpg","contentUrl":"https:\/\/www.nahrungsmittel-intoleranz.com\/wp-content\/uploads\/Zechmann__web.jpg","width":800,"height":800,"caption":"Dr. Michael Zechmann-Khreis"},"logo":{"@id":"https:\/\/www.nahrungsmittel-intoleranz.com\/wp-content\/uploads\/Zechmann__web.jpg"},"description":"Dr. Michael Zechmann-Khreis ist Ern\u00e4hrungsbiologe und Gr\u00fcnder des nmi-Portals. Er ist Professor an der P\u00e4dagogischen Hochschule Tirol (Professur f\u00fcr Ern\u00e4hrungswissenschaft, Nachhaltigkeit und Gesundheit), ist Autor verschiedener Ern\u00e4hrungsb\u00fccher und bloggt hier \u00fcber seine Erfahrungen als Betroffener (Laktose- und Fruktoseintoleranz) sowie \u00fcber allgemeine Ern\u00e4hrungsthemen.","sameAs":["https:\/\/scholar.google.com\/citations?user=8ZsLoCgAAAAJ&amp;hl=de","https:\/\/www.researchgate.net\/profile\/Michael_Zechmann","https:\/\/orcid.org\/0009-0004-7792-935X","https:\/\/oesterreichwiki.org\/wiki\/Michael_Zechmann-Khreis"],"honorificPrefix":"Mag. Dr.","gender":"m\u00e4nnlich","knowsLanguage":["Deutsch","Englisch"],"worksFor":{"@type":"Organization","name":"P\u00e4dagogische Hochschule Tirol","url":"https:\/\/www.ph-tirol.ac.at\/"},"url":"https:\/\/www.nahrungsmittel-intoleranz.com\/en\/author\/michaelzechmann\/"}]}},"_links":{"self":[{"href":"https:\/\/www.nahrungsmittel-intoleranz.com\/en\/wp-json\/wp\/v2\/pages\/307730","targetHints":{"allow":["GET"]}}],"collection":[{"href":"https:\/\/www.nahrungsmittel-intoleranz.com\/en\/wp-json\/wp\/v2\/pages"}],"about":[{"href":"https:\/\/www.nahrungsmittel-intoleranz.com\/en\/wp-json\/wp\/v2\/types\/page"}],"author":[{"embeddable":true,"href":"https:\/\/www.nahrungsmittel-intoleranz.com\/en\/wp-json\/wp\/v2\/users\/2"}],"replies":[{"embeddable":true,"href":"https:\/\/www.nahrungsmittel-intoleranz.com\/en\/wp-json\/wp\/v2\/comments?post=307730"}],"version-history":[{"count":0,"href":"https:\/\/www.nahrungsmittel-intoleranz.com\/en\/wp-json\/wp\/v2\/pages\/307730\/revisions"}],"wp:featuredmedia":[{"embeddable":true,"href":"https:\/\/www.nahrungsmittel-intoleranz.com\/en\/wp-json\/wp\/v2\/media\/307656"}],"wp:attachment":[{"href":"https:\/\/www.nahrungsmittel-intoleranz.com\/en\/wp-json\/wp\/v2\/media?parent=307730"}],"curies":[{"name":"wp","href":"https:\/\/api.w.org\/{rel}","templated":true}]}}