{"id":307721,"date":"2019-05-17T06:41:50","date_gmt":"2019-05-17T06:41:50","guid":{"rendered":"https:\/\/www.nahrungsmittel-intoleranz.com\/fructose-what-is-it\/"},"modified":"2025-05-17T17:59:13","modified_gmt":"2025-05-17T17:59:13","slug":"fructose-what-is-it","status":"publish","type":"page","link":"https:\/\/www.nahrungsmittel-intoleranz.com\/en\/fructose-what-is-it\/","title":{"rendered":"Fructose: What is it?"},"content":{"rendered":"\n<p>Fructose is a sugar that is mainly found in foods such as fruit and vegetables. There are different types of sugars. All members of the <a href=\"https:\/\/www.nahrungsmittel-intoleranz.com\/en\/sweetening-fructose-intolerance-2\/\">sugar family<\/a> have a similar chemical structure and belong to the <strong>carbohydrate<\/strong> family. Sugars therefore always consist of carbon atoms, which usually combine to form a unit in the form of a ring. If there is only one of these ring units, it is called a <strong>simple sugar or monosaccharide<\/strong>. If several such rings are present, they are <strong>multiple sugars<\/strong>. Fructose is such a simple sugar.<\/p>\n\n<p>The name <strong>fructose<\/strong> is derived from the Latin word &#8220;fructus&#8221; for fruit. In German, fructose is actually spelled with a &#8220;k&#8221;, the spelling with a &#8220;c&#8221; became widespread a few years ago, which is why you often read the terms <strong>fructose and <a href=\"https:\/\/www.nahrungsmittel-intoleranz.com\/en\/what-is-fructose-intolerance\/\">fructose intolerance<\/a><\/strong> on blogs, websites and articles. The correct spelling with a &#8220;k&#8221; is now more common. <\/p>\n\n<h2 class=\"wp-block-heading\" id=\"h-wo-und-wie-kommt-fruktose-vor\">Where and how is fructose found?<\/h2>\n\n<p>On the one hand, fructose exists in <strong>free form<\/strong>, i.e. it simply occurs as fructose. On the other hand, it can be present in <strong>bound form<\/strong>, e.g. as part of a di- or polysaccharide. Fructose, for example, is one of the two units of the disaccharide sucrose (the well-known household sugar), while the other unit of household sugar is glucose (grape sugar). Other examples of bound fructose are long-chain sugars such as inulin, oligofructose and many other carbohydrates.<\/p>\n\n<figure class=\"wp-block-image is-resized\"><img decoding=\"async\" width=\"1024\" height=\"249\" src=\"https:\/\/www.nahrungsmittel-intoleranz.com\/wp-content\/uploads\/\/zuckergleichfru-glu-1024x249.jpg\" alt=\"Sugar consists of fructose and glucose\" class=\"wp-image-1951\" style=\"aspect-ratio:4.112449799196787;width:557px;height:auto\" srcset=\"https:\/\/www.nahrungsmittel-intoleranz.com\/wp-content\/uploads\/zuckergleichfru-glu-1024x249.jpg 1024w, https:\/\/www.nahrungsmittel-intoleranz.com\/wp-content\/uploads\/zuckergleichfru-glu-300x73.jpg 300w, https:\/\/www.nahrungsmittel-intoleranz.com\/wp-content\/uploads\/zuckergleichfru-glu-768x186.jpg 768w, https:\/\/www.nahrungsmittel-intoleranz.com\/wp-content\/uploads\/zuckergleichfru-glu.jpg 1059w\" sizes=\"(max-width: 1024px) 100vw, 1024px\" \/><figcaption class=\"wp-element-caption\">Sugar consists of fructose and glucose. Image: nmi portal<\/figcaption><\/figure>\n\n<p>Whether this bound fructose is relevant for patients with fructose intolerance or not depends on whether the bound form is converted into the free form during the digestive process, as only this free form can enter the bloodstream &#8211; which does not happen or only happens insufficiently in patients with fructose intolerance. If this does not happen, as is the case with <strong>oligofructose<\/strong>, for example, the bound form of fructose is excreted unchanged and does not cause any problems in the case of fructose intolerance. It should be noted that this bound form can be digested by bacteria in the intestine. This causes bloating, for example, which is not a symptom of fructose intolerance, but a normal physiological process. It is even important to eat such complex carbohydrates, as they are vital food for the &#8220;good&#8221; bacteria in the gut.<\/p>\n<div class=\"wp-block-image\">\n<figure class=\"alignright size-large is-resized\"><img decoding=\"async\" width=\"683\" height=\"1024\" src=\"https:\/\/www.nahrungsmittel-intoleranz.com\/wp-content\/uploads\/\/fruktose_obst_KI-683x1024.png\" alt=\"\" class=\"wp-image-313647\" style=\"width:350px\" srcset=\"https:\/\/www.nahrungsmittel-intoleranz.com\/wp-content\/uploads\/fruktose_obst_KI-683x1024.png 683w, https:\/\/www.nahrungsmittel-intoleranz.com\/wp-content\/uploads\/fruktose_obst_KI-200x300.png 200w, https:\/\/www.nahrungsmittel-intoleranz.com\/wp-content\/uploads\/fruktose_obst_KI-768x1152.png 768w, https:\/\/www.nahrungsmittel-intoleranz.com\/wp-content\/uploads\/fruktose_obst_KI.png 1024w\" sizes=\"(max-width: 683px) 100vw, 683px\" \/><\/figure>\n<\/div>\n<p>How much fructose is present in which foods is a factor in the <strong>tolerance of fructose intolerance<\/strong>. However, other factors, such as the type of bound fructose, amount of sugar alcohols, amount consumed, preparation method and much more, also play a role. play a role. We have therefore developed a database that evaluates the tolerability of foods based on these factors. You can access the results of this research in our tables here on the nmi portal or via our<a taregt=\"_blank\" href=\"https:\/\/www.frag-ingrid.com\">&#8220;Ask Ingrid!<\/a>&#8221; app.<\/p>\n\n<h3 class=\"wp-block-heading\" id=\"h-warnung-vor-fruktose-in-verarbeiteten-lebensmitteln\">Warning about fructose in processed foods<\/h3>\n\n<p>Fructose is also often found in diabetic products or in flavored soft drinks and mineral waters. Lemonades are often described as &#8220;light&#8221;, in which case you should definitely check the list of ingredients. Fructose is often hidden behind them as a sweetener. People with fructose intolerance should always pay close attention to the list of ingredients or &#8211; with due caution &#8211; use an app such as &#8220;Frag Ingrid&#8221;, which can calculate the tolerance.<\/p>\n\n<h3 class=\"wp-block-heading\" id=\"h-quellen\">Sources<\/h3>\n\n<p class=\"smalldark\">DiNicolantonio, J. J., O&#8217;Keefe, J. H., &amp; Lucan, S. C. (2015). Added fructose. <em>Mayo Clinic Proceedings<\/em>, <em>90<\/em>(3), 372-381. https:\/\/doi.org\/10.1016\/j.mayocp.2014.12.019<br\/><br\/>Jackson, P. Pj, Wijeyesekera, A., Williams, C. M., Theis, S., Van Harsselaar, J., &amp; Rastall, R. A. (2023). Inulin-type fructans and 2&#8217;fucosyllactose alter both microbial composition and appear to alleviate stress-induced mood state in a working population compared to placebo (maltodextrin): The EFFICAD Trial, a randomized, controlled trial. <em>The American Journal of Clinical Nutrition<\/em>, <em>118<\/em>(5), 938-955. https:\/\/doi.org\/10.1016\/j.ajcnut.2023.08.016  <br\/><br\/>Zechmann-Khreis, M. (2020).  <em>Food intolerances: elimination diet, healthy eating &amp; well-being: Understanding and living with lactose, fructose, histamine.<\/em>  MZK Publishing House<\/p>\n","protected":false},"excerpt":{"rendered":"<p>Fructose is a sugar that is mainly found in foods such as fruit and vegetables. There are different types of sugars. All members of the sugar family have a similar chemical structure and belong to the carbohydrate family. Sugars therefore always consist of carbon atoms, which usually combine to form a unit in the form [&hellip;]<\/p>\n","protected":false},"author":2,"featured_media":313648,"parent":0,"menu_order":88,"comment_status":"closed","ping_status":"closed","template":"","meta":{"_lmt_disableupdate":"","_lmt_disable":"","wprm-recipe-roundup-name":"","wprm-recipe-roundup-description":"","footnotes":""},"class_list":["post-307721","page","type-page","status-publish","has-post-thumbnail","hentry"],"yoast_head":"<!-- This site is optimized with the Yoast SEO Premium plugin v27.4 (Yoast SEO v27.4) - https:\/\/yoast.com\/product\/yoast-seo-premium-wordpress\/ -->\n<title>Fructose: What kind of sugar is it? How dangerous is it?<\/title>\n<meta name=\"description\" content=\"What kind of sugar is fructose? What does it do in the body? And in what form does it occur in nature? Click here &amp; find out all about fructose.\" \/>\n<meta name=\"robots\" content=\"index, follow, max-snippet:-1, max-image-preview:large, max-video-preview:-1\" \/>\n<link rel=\"canonical\" href=\"https:\/\/www.nahrungsmittel-intoleranz.com\/en\/fructose-what-is-it\/\" \/>\n<meta property=\"og:locale\" content=\"en_US\" \/>\n<meta property=\"og:type\" content=\"article\" \/>\n<meta property=\"og:title\" content=\"Fructose: What is it?\" \/>\n<meta property=\"og:description\" content=\"What kind of sugar is fructose? What does it do in the body? And in what form does it occur in nature? Click here &amp; find out all about fructose.\" \/>\n<meta property=\"og:url\" content=\"https:\/\/www.nahrungsmittel-intoleranz.com\/en\/fructose-what-is-it\/\" \/>\n<meta property=\"og:site_name\" content=\"nmi-Portal \u2013 Ern\u00e4hrung im Fokus\" \/>\n<meta property=\"article:publisher\" content=\"https:\/\/www.researchgate.net\/profile\/Michael_Zechmann\" \/>\n<meta property=\"article:modified_time\" content=\"2025-05-17T17:59:13+00:00\" \/>\n<meta property=\"og:image\" content=\"https:\/\/www.nahrungsmittel-intoleranz.com\/wp-content\/uploads\/fruktose_obst_KI-683x1024.png\" \/>\n\t<meta property=\"og:image:width\" content=\"683\" \/>\n\t<meta property=\"og:image:height\" content=\"1024\" \/>\n\t<meta property=\"og:image:type\" content=\"image\/png\" \/>\n<meta name=\"twitter:card\" content=\"summary_large_image\" \/>\n<script type=\"application\/ld+json\" class=\"yoast-schema-graph\">{\"@context\":\"https:\\\/\\\/schema.org\",\"@graph\":[{\"@type\":\"Article\",\"@id\":\"https:\\\/\\\/www.nahrungsmittel-intoleranz.com\\\/en\\\/fructose-what-is-it\\\/#article\",\"isPartOf\":{\"@id\":\"https:\\\/\\\/www.nahrungsmittel-intoleranz.com\\\/en\\\/fructose-what-is-it\\\/\"},\"author\":{\"name\":\"Dr. Michael Zechmann-Khreis\",\"@id\":\"https:\\\/\\\/www.nahrungsmittel-intoleranz.com\\\/en\\\/#\\\/schema\\\/person\\\/886bf98ff51d901de32aa6e29968eb8d\"},\"headline\":\"Fructose: What is it?\",\"datePublished\":\"2019-05-17T06:41:50+00:00\",\"dateModified\":\"2025-05-17T17:59:13+00:00\",\"mainEntityOfPage\":{\"@id\":\"https:\\\/\\\/www.nahrungsmittel-intoleranz.com\\\/en\\\/fructose-what-is-it\\\/\"},\"wordCount\":654,\"publisher\":{\"@id\":\"https:\\\/\\\/www.nahrungsmittel-intoleranz.com\\\/#organization\"},\"image\":{\"@id\":\"https:\\\/\\\/www.nahrungsmittel-intoleranz.com\\\/en\\\/fructose-what-is-it\\\/#primaryimage\"},\"thumbnailUrl\":\"https:\\\/\\\/www.nahrungsmittel-intoleranz.com\\\/wp-content\\\/uploads\\\/fruktose_obst_KI.png\",\"inLanguage\":\"en-US\"},{\"@type\":[\"WebPage\",\"MedicalWebPage\"],\"@id\":\"https:\\\/\\\/www.nahrungsmittel-intoleranz.com\\\/en\\\/fructose-what-is-it\\\/\",\"url\":\"https:\\\/\\\/www.nahrungsmittel-intoleranz.com\\\/en\\\/fructose-what-is-it\\\/\",\"name\":\"Fructose: What kind of sugar is it? How dangerous is it?\",\"isPartOf\":{\"@id\":\"https:\\\/\\\/www.nahrungsmittel-intoleranz.com\\\/en\\\/#website\"},\"primaryImageOfPage\":{\"@id\":\"https:\\\/\\\/www.nahrungsmittel-intoleranz.com\\\/en\\\/fructose-what-is-it\\\/#primaryimage\"},\"image\":{\"@id\":\"https:\\\/\\\/www.nahrungsmittel-intoleranz.com\\\/en\\\/fructose-what-is-it\\\/#primaryimage\"},\"thumbnailUrl\":\"https:\\\/\\\/www.nahrungsmittel-intoleranz.com\\\/wp-content\\\/uploads\\\/fruktose_obst_KI.png\",\"datePublished\":\"2019-05-17T06:41:50+00:00\",\"dateModified\":\"2025-05-17T17:59:13+00:00\",\"description\":\"What kind of sugar is fructose? What does it do in the body? And in what form does it occur in nature? Click here & find out all about fructose.\",\"breadcrumb\":{\"@id\":\"https:\\\/\\\/www.nahrungsmittel-intoleranz.com\\\/en\\\/fructose-what-is-it\\\/#breadcrumb\"},\"inLanguage\":\"en-US\",\"potentialAction\":[{\"@type\":\"ReadAction\",\"target\":[\"https:\\\/\\\/www.nahrungsmittel-intoleranz.com\\\/en\\\/fructose-what-is-it\\\/\"]}]},{\"@type\":\"ImageObject\",\"inLanguage\":\"en-US\",\"@id\":\"https:\\\/\\\/www.nahrungsmittel-intoleranz.com\\\/en\\\/fructose-what-is-it\\\/#primaryimage\",\"url\":\"https:\\\/\\\/www.nahrungsmittel-intoleranz.com\\\/wp-content\\\/uploads\\\/fruktose_obst_KI.png\",\"contentUrl\":\"https:\\\/\\\/www.nahrungsmittel-intoleranz.com\\\/wp-content\\\/uploads\\\/fruktose_obst_KI.png\",\"width\":1024,\"height\":1536},{\"@type\":\"BreadcrumbList\",\"@id\":\"https:\\\/\\\/www.nahrungsmittel-intoleranz.com\\\/en\\\/fructose-what-is-it\\\/#breadcrumb\",\"itemListElement\":[{\"@type\":\"ListItem\",\"position\":1,\"name\":\"Startseite\",\"item\":\"https:\\\/\\\/www.nahrungsmittel-intoleranz.com\\\/en\\\/\"},{\"@type\":\"ListItem\",\"position\":2,\"name\":\"Fructose: What is it?\"}]},{\"@type\":\"WebSite\",\"@id\":\"https:\\\/\\\/www.nahrungsmittel-intoleranz.com\\\/en\\\/#website\",\"url\":\"https:\\\/\\\/www.nahrungsmittel-intoleranz.com\\\/en\\\/\",\"name\":\"nmi-Portal \u2013 Ern\u00e4hrung im Fokus\",\"description\":\"Laktose, Fruktose, Histaminintoleranz &amp; Darm\",\"publisher\":{\"@id\":\"https:\\\/\\\/www.nahrungsmittel-intoleranz.com\\\/#organization\"},\"alternateName\":\"Portal f\u00fcr Nahrungsmittelintoleranz\",\"potentialAction\":[{\"@type\":\"SearchAction\",\"target\":{\"@type\":\"EntryPoint\",\"urlTemplate\":\"https:\\\/\\\/www.nahrungsmittel-intoleranz.com\\\/en\\\/?s={search_term_string}\"},\"query-input\":{\"@type\":\"PropertyValueSpecification\",\"valueRequired\":true,\"valueName\":\"search_term_string\"}}],\"inLanguage\":\"en-US\"},{\"@type\":\"Person\",\"@id\":\"https:\\\/\\\/www.nahrungsmittel-intoleranz.com\\\/en\\\/#\\\/schema\\\/person\\\/886bf98ff51d901de32aa6e29968eb8d\",\"name\":\"Dr. Michael Zechmann-Khreis\",\"image\":{\"@type\":\"ImageObject\",\"inLanguage\":\"en-US\",\"@id\":\"https:\\\/\\\/www.nahrungsmittel-intoleranz.com\\\/wp-content\\\/uploads\\\/Zechmann__web.jpg\",\"url\":\"https:\\\/\\\/www.nahrungsmittel-intoleranz.com\\\/wp-content\\\/uploads\\\/Zechmann__web.jpg\",\"contentUrl\":\"https:\\\/\\\/www.nahrungsmittel-intoleranz.com\\\/wp-content\\\/uploads\\\/Zechmann__web.jpg\",\"width\":800,\"height\":800,\"caption\":\"Dr. Michael Zechmann-Khreis\"},\"logo\":{\"@id\":\"https:\\\/\\\/www.nahrungsmittel-intoleranz.com\\\/wp-content\\\/uploads\\\/Zechmann__web.jpg\"},\"description\":\"Dr. Michael Zechmann-Khreis ist Ern\u00e4hrungsbiologe und Gr\u00fcnder des nmi-Portals. Er ist Professor an der P\u00e4dagogischen Hochschule Tirol (Professur f\u00fcr Ern\u00e4hrungswissenschaft, Nachhaltigkeit und Gesundheit), ist Autor verschiedener Ern\u00e4hrungsb\u00fccher und bloggt hier \u00fcber seine Erfahrungen als Betroffener (Laktose- und Fruktoseintoleranz) sowie \u00fcber allgemeine Ern\u00e4hrungsthemen.\",\"sameAs\":[\"https:\\\/\\\/scholar.google.com\\\/citations?user=8ZsLoCgAAAAJ&amp;hl=de\",\"https:\\\/\\\/www.researchgate.net\\\/profile\\\/Michael_Zechmann\",\"https:\\\/\\\/orcid.org\\\/0009-0004-7792-935X\",\"https:\\\/\\\/oesterreichwiki.org\\\/wiki\\\/Michael_Zechmann-Khreis\"],\"honorificPrefix\":\"Mag. Dr.\",\"gender\":\"m\u00e4nnlich\",\"knowsLanguage\":[\"Deutsch\",\"Englisch\"],\"worksFor\":{\"@type\":\"Organization\",\"name\":\"P\u00e4dagogische Hochschule Tirol\",\"url\":\"https:\\\/\\\/www.ph-tirol.ac.at\\\/\"},\"url\":\"https:\\\/\\\/www.nahrungsmittel-intoleranz.com\\\/en\\\/author\\\/michaelzechmann\\\/\"}]}<\/script>\n<!-- \/ Yoast SEO Premium plugin. -->","yoast_head_json":{"title":"Fructose: What kind of sugar is it? How dangerous is it?","description":"What kind of sugar is fructose? What does it do in the body? And in what form does it occur in nature? Click here & find out all about fructose.","robots":{"index":"index","follow":"follow","max-snippet":"max-snippet:-1","max-image-preview":"max-image-preview:large","max-video-preview":"max-video-preview:-1"},"canonical":"https:\/\/www.nahrungsmittel-intoleranz.com\/en\/fructose-what-is-it\/","og_locale":"en_US","og_type":"article","og_title":"Fructose: What is it?","og_description":"What kind of sugar is fructose? What does it do in the body? And in what form does it occur in nature? Click here & find out all about fructose.","og_url":"https:\/\/www.nahrungsmittel-intoleranz.com\/en\/fructose-what-is-it\/","og_site_name":"nmi-Portal \u2013 Ern\u00e4hrung im Fokus","article_publisher":"https:\/\/www.researchgate.net\/profile\/Michael_Zechmann","article_modified_time":"2025-05-17T17:59:13+00:00","og_image":[{"width":683,"height":1024,"url":"https:\/\/www.nahrungsmittel-intoleranz.com\/wp-content\/uploads\/fruktose_obst_KI-683x1024.png","type":"image\/png"}],"twitter_card":"summary_large_image","schema":{"@context":"https:\/\/schema.org","@graph":[{"@type":"Article","@id":"https:\/\/www.nahrungsmittel-intoleranz.com\/en\/fructose-what-is-it\/#article","isPartOf":{"@id":"https:\/\/www.nahrungsmittel-intoleranz.com\/en\/fructose-what-is-it\/"},"author":{"name":"Dr. Michael Zechmann-Khreis","@id":"https:\/\/www.nahrungsmittel-intoleranz.com\/en\/#\/schema\/person\/886bf98ff51d901de32aa6e29968eb8d"},"headline":"Fructose: What is it?","datePublished":"2019-05-17T06:41:50+00:00","dateModified":"2025-05-17T17:59:13+00:00","mainEntityOfPage":{"@id":"https:\/\/www.nahrungsmittel-intoleranz.com\/en\/fructose-what-is-it\/"},"wordCount":654,"publisher":{"@id":"https:\/\/www.nahrungsmittel-intoleranz.com\/#organization"},"image":{"@id":"https:\/\/www.nahrungsmittel-intoleranz.com\/en\/fructose-what-is-it\/#primaryimage"},"thumbnailUrl":"https:\/\/www.nahrungsmittel-intoleranz.com\/wp-content\/uploads\/fruktose_obst_KI.png","inLanguage":"en-US"},{"@type":["WebPage","MedicalWebPage"],"@id":"https:\/\/www.nahrungsmittel-intoleranz.com\/en\/fructose-what-is-it\/","url":"https:\/\/www.nahrungsmittel-intoleranz.com\/en\/fructose-what-is-it\/","name":"Fructose: What kind of sugar is it? How dangerous is it?","isPartOf":{"@id":"https:\/\/www.nahrungsmittel-intoleranz.com\/en\/#website"},"primaryImageOfPage":{"@id":"https:\/\/www.nahrungsmittel-intoleranz.com\/en\/fructose-what-is-it\/#primaryimage"},"image":{"@id":"https:\/\/www.nahrungsmittel-intoleranz.com\/en\/fructose-what-is-it\/#primaryimage"},"thumbnailUrl":"https:\/\/www.nahrungsmittel-intoleranz.com\/wp-content\/uploads\/fruktose_obst_KI.png","datePublished":"2019-05-17T06:41:50+00:00","dateModified":"2025-05-17T17:59:13+00:00","description":"What kind of sugar is fructose? What does it do in the body? And in what form does it occur in nature? Click here & find out all about fructose.","breadcrumb":{"@id":"https:\/\/www.nahrungsmittel-intoleranz.com\/en\/fructose-what-is-it\/#breadcrumb"},"inLanguage":"en-US","potentialAction":[{"@type":"ReadAction","target":["https:\/\/www.nahrungsmittel-intoleranz.com\/en\/fructose-what-is-it\/"]}]},{"@type":"ImageObject","inLanguage":"en-US","@id":"https:\/\/www.nahrungsmittel-intoleranz.com\/en\/fructose-what-is-it\/#primaryimage","url":"https:\/\/www.nahrungsmittel-intoleranz.com\/wp-content\/uploads\/fruktose_obst_KI.png","contentUrl":"https:\/\/www.nahrungsmittel-intoleranz.com\/wp-content\/uploads\/fruktose_obst_KI.png","width":1024,"height":1536},{"@type":"BreadcrumbList","@id":"https:\/\/www.nahrungsmittel-intoleranz.com\/en\/fructose-what-is-it\/#breadcrumb","itemListElement":[{"@type":"ListItem","position":1,"name":"Startseite","item":"https:\/\/www.nahrungsmittel-intoleranz.com\/en\/"},{"@type":"ListItem","position":2,"name":"Fructose: What is it?"}]},{"@type":"WebSite","@id":"https:\/\/www.nahrungsmittel-intoleranz.com\/en\/#website","url":"https:\/\/www.nahrungsmittel-intoleranz.com\/en\/","name":"nmi-Portal \u2013 Ern\u00e4hrung im Fokus","description":"Laktose, Fruktose, Histaminintoleranz &amp; Darm","publisher":{"@id":"https:\/\/www.nahrungsmittel-intoleranz.com\/#organization"},"alternateName":"Portal f\u00fcr Nahrungsmittelintoleranz","potentialAction":[{"@type":"SearchAction","target":{"@type":"EntryPoint","urlTemplate":"https:\/\/www.nahrungsmittel-intoleranz.com\/en\/?s={search_term_string}"},"query-input":{"@type":"PropertyValueSpecification","valueRequired":true,"valueName":"search_term_string"}}],"inLanguage":"en-US"},{"@type":"Person","@id":"https:\/\/www.nahrungsmittel-intoleranz.com\/en\/#\/schema\/person\/886bf98ff51d901de32aa6e29968eb8d","name":"Dr. Michael Zechmann-Khreis","image":{"@type":"ImageObject","inLanguage":"en-US","@id":"https:\/\/www.nahrungsmittel-intoleranz.com\/wp-content\/uploads\/Zechmann__web.jpg","url":"https:\/\/www.nahrungsmittel-intoleranz.com\/wp-content\/uploads\/Zechmann__web.jpg","contentUrl":"https:\/\/www.nahrungsmittel-intoleranz.com\/wp-content\/uploads\/Zechmann__web.jpg","width":800,"height":800,"caption":"Dr. Michael Zechmann-Khreis"},"logo":{"@id":"https:\/\/www.nahrungsmittel-intoleranz.com\/wp-content\/uploads\/Zechmann__web.jpg"},"description":"Dr. Michael Zechmann-Khreis ist Ern\u00e4hrungsbiologe und Gr\u00fcnder des nmi-Portals. Er ist Professor an der P\u00e4dagogischen Hochschule Tirol (Professur f\u00fcr Ern\u00e4hrungswissenschaft, Nachhaltigkeit und Gesundheit), ist Autor verschiedener Ern\u00e4hrungsb\u00fccher und bloggt hier \u00fcber seine Erfahrungen als Betroffener (Laktose- und Fruktoseintoleranz) sowie \u00fcber allgemeine Ern\u00e4hrungsthemen.","sameAs":["https:\/\/scholar.google.com\/citations?user=8ZsLoCgAAAAJ&amp;hl=de","https:\/\/www.researchgate.net\/profile\/Michael_Zechmann","https:\/\/orcid.org\/0009-0004-7792-935X","https:\/\/oesterreichwiki.org\/wiki\/Michael_Zechmann-Khreis"],"honorificPrefix":"Mag. Dr.","gender":"m\u00e4nnlich","knowsLanguage":["Deutsch","Englisch"],"worksFor":{"@type":"Organization","name":"P\u00e4dagogische Hochschule Tirol","url":"https:\/\/www.ph-tirol.ac.at\/"},"url":"https:\/\/www.nahrungsmittel-intoleranz.com\/en\/author\/michaelzechmann\/"}]}},"_links":{"self":[{"href":"https:\/\/www.nahrungsmittel-intoleranz.com\/en\/wp-json\/wp\/v2\/pages\/307721","targetHints":{"allow":["GET"]}}],"collection":[{"href":"https:\/\/www.nahrungsmittel-intoleranz.com\/en\/wp-json\/wp\/v2\/pages"}],"about":[{"href":"https:\/\/www.nahrungsmittel-intoleranz.com\/en\/wp-json\/wp\/v2\/types\/page"}],"author":[{"embeddable":true,"href":"https:\/\/www.nahrungsmittel-intoleranz.com\/en\/wp-json\/wp\/v2\/users\/2"}],"replies":[{"embeddable":true,"href":"https:\/\/www.nahrungsmittel-intoleranz.com\/en\/wp-json\/wp\/v2\/comments?post=307721"}],"version-history":[{"count":0,"href":"https:\/\/www.nahrungsmittel-intoleranz.com\/en\/wp-json\/wp\/v2\/pages\/307721\/revisions"}],"wp:featuredmedia":[{"embeddable":true,"href":"https:\/\/www.nahrungsmittel-intoleranz.com\/en\/wp-json\/wp\/v2\/media\/313648"}],"wp:attachment":[{"href":"https:\/\/www.nahrungsmittel-intoleranz.com\/en\/wp-json\/wp\/v2\/media?parent=307721"}],"curies":[{"name":"wp","href":"https:\/\/api.w.org\/{rel}","templated":true}]}}