{"id":307717,"date":"2019-05-17T08:15:49","date_gmt":"2019-05-17T08:15:49","guid":{"rendered":"https:\/\/www.nahrungsmittel-intoleranz.com\/diagnosis-of-fructose-intolerance\/"},"modified":"2024-09-09T12:09:26","modified_gmt":"2024-09-09T12:09:26","slug":"diagnosis-of-fructose-intolerance","status":"publish","type":"page","link":"https:\/\/www.nahrungsmittel-intoleranz.com\/en\/diagnosis-of-fructose-intolerance\/","title":{"rendered":"Diagnosis of fructose intolerance"},"content":{"rendered":"\n<p>To diagnose <a href=\"https:\/\/www.nahrungsmittel-intoleranz.com\/en\/initial-information-intestinal-fructose-intolerance\/\">intestinal fructose intolerance <\/a>, it is important to first keep a<strong> food and symptom diary<\/strong> for about two weeks.\nA doctor evaluates the diary and then decides which further tests are necessary for the diagnosis.  In the case of intestinal fructose intolerance, this is the<strong> H2 breath test<\/strong>. This involves drinking a fructose solution and then blowing into a breath meter at certain intervals.<\/p>\n\n<p>Other methods such as TCM, bioresonance, spit tests, hair analyses or similar are demonstrably not suitable for diagnosing fructose intolerance.\nFructose intolerance cannot be diagnosed by taking a blood sample either. <\/p>\n\n<h2 class=\"wp-block-heading\" id=\"h-wie-funktioniert-der-wasserstoff-h2-atemtest\">How does the hydrogen (H2) breath test work?<\/h2>\n<div class=\"wp-block-image\">\n<figure class=\"alignleft size-full is-resized\"><img decoding=\"async\" width=\"1024\" height=\"1024\" src=\"https:\/\/www.nahrungsmittel-intoleranz.com\/wp-content\/uploads\/H2-Atemtest_KIBing_MZK.jpg\" alt=\"Person does H2 breath test\" class=\"wp-image-313145\" style=\"width:300px\" srcset=\"https:\/\/www.nahrungsmittel-intoleranz.com\/wp-content\/uploads\/H2-Atemtest_KIBing_MZK.jpg 1024w, https:\/\/www.nahrungsmittel-intoleranz.com\/wp-content\/uploads\/H2-Atemtest_KIBing_MZK-300x300.jpg 300w, https:\/\/www.nahrungsmittel-intoleranz.com\/wp-content\/uploads\/H2-Atemtest_KIBing_MZK-150x150.jpg 150w, https:\/\/www.nahrungsmittel-intoleranz.com\/wp-content\/uploads\/H2-Atemtest_KIBing_MZK-768x768.jpg 768w, https:\/\/www.nahrungsmittel-intoleranz.com\/wp-content\/uploads\/H2-Atemtest_KIBing_MZK-100x100.jpg 100w, https:\/\/www.nahrungsmittel-intoleranz.com\/wp-content\/uploads\/H2-Atemtest_KIBing_MZK-500x500.jpg 500w\" sizes=\"(max-width: 1024px) 100vw, 1024px\" \/><\/figure>\n<\/div>\n<p>Normally, sugars such as <a href=\"https:\/\/www.nahrungsmittel-intoleranz.com\/en\/fructose-what-is-it\/\">fructose<\/a>, glucose or <a href=\"https:\/\/www.nahrungsmittel-intoleranz.com\/en\/lactose-what-is-it\/\">lactose <\/a>are already absorbed by the body in the small intestine and do not even come into contact with the bacteria in the large intestine. These bacteria digest these sugars and produce gases, among other things. This is a completely normal process. This is exactly what this test makes use of. This is because the bacteria also produce hydrogen (chemically: <sub>H2<\/sub>). The hydrogen molecules are so small that they pass directly into the blood (diffuse) and are then released again via the lungs. The hydrogen content of the breath can therefore be measured and is a meaningful indication of food intolerance.<\/p>\n\n<h3 class=\"wp-block-heading\" id=\"h-vorbereitung-auf-den-test\">Preparation for the test<\/h3>\n\n<p>Your doctor should give you detailed advice before the test so that a meaningful test can be carried out. There are recommendations from specialist organizations on how best to prepare for the H2 test:<\/p>\n\n<ul class=\"wp-block-list\">\n<li>Make sure you don&#8217;t eat anything 8 hours beforehand and only drink tap water. Avoid &#8220;heavy&#8221; and flatulent foods such as cabbage or leeks 24 hours before your test. So avoid FODMAP-rich foods, fiber and lactulose).<\/li>\n\n\n\n<li>Smokers exhale carbon monoxide, which can activate the hydrogen sensor of the test device and thus produce false results. Therefore, do not smoke 12 hours before the test, but above all 2 hours before and during the test.<\/li>\n\n\n\n<li>If you have taken antibiotics in the last 4 weeks or have undergone a colonoscopy, a meaningful test result is not possible.  <\/li>\n\n\n\n<li>Do not exercise for 2 hours before the test and do not do any physical activity during the test.<\/li>\n<\/ul>\n\n<h3 class=\"wp-block-heading\" id=\"h-ablauf-des-h2-atemtests\">Procedure of the H2 breath test  <\/h3>\n\n<p>You will be given a certain amount of a test solution (water + sugar to be tested) to drink.\nYou will then be asked to blow into a measuring device at defined intervals to measure the hydrogen content of your breath.  This is similar to an alcohol measuring device during police checks.<\/p>\n\n<p>The values of this measurement are given in ppm, i.e. parts per million (parts per million or also mg\/l). The first value measured before drinking the measuring solution is the initial value (basal value). The following values, as well as the symptoms that occur, are listed in a table. If one of the values (or two consecutive values) rises above 20 ppm above the basal value, the test is positive. The test is usually over after 2-3 hours, but it may be necessary to extend the test to up to 4 hours. You should therefore allow yourself enough time. If your test result is positive, you will probably experience symptoms in your gastrointestinal tract.<\/p>\n\n<h3 class=\"wp-block-heading\" id=\"h-kurzinfos-zum-fruktose-atemtest\">Brief information on the fructose breath test<\/h3>\n\n<ul class=\"wp-block-list\">\n<li>A maximum of 25g fructose is tested. More would also produce positive test results in healthy people!<\/li>\n\n\n\n<li>Symptoms usually occur after 90-180 minutes<\/li>\n\n\n\n<li>From 90 minutes, an increase in values is to be expected, which usually peaks at 150 minutes<\/li>\n\n\n\n<li>If the test is positive, diarrhea often occurs after approx. 4 hours<\/li>\n\n\n\n<li>Even if measurements are not taken every 15 minutes, the test is still permissible. It could be shown that only 4 measurements at 0, 90, 120 and 180 minutes are sufficient for a clear diagnosis. However, measurements every 30 minutes are more accurate.<\/li>\n\n\n\n<li>The fructose breath test can also be used to determine small intestinal colonization. But then you have to blow every 10 minutes. If there is a so-called double peak, i.e. if the ppm values rise after a short time, then fall and rise again later, one can assume a small intestine overgrowth AND a fructose intolerance.<\/li>\n\n\n\n<li>For the <sub>H2<\/sub> breath test for fructose, it is therefore advisable to blow every 10-15 minutes for the first 60 minutes, then every 30 minutes thereafter.<\/li>\n\n\n\n<li>The level of the value in the test has no significance whatsoever for the severity of the intolerance<\/li>\n<\/ul>\n\n<p><\/p>\n\n<h3 class=\"wp-block-heading\" id=\"h-quellen\">Sources<\/h3>\n\n<p class=\"smalldark has-small-font-size\">(1) Born Peter, World J Gastroenterol 2007 November 21;13(43): 5687-5691 &#8220;Carbohydrate malabsorption in patients with non-specific abdominal complaints&#8221; <br\/>2) Zechmann, M.; Masterman G., &#8220;Fruktoseintoleranz, Laktoseintoleranz und Histaminintoleranz: Erste Hilfe nach der Diagnose&#8221;, Berenkamp Verlag, 1st ed. 2012<br\/>3) Satish S.C. Rao, Ashok Attaluri, Leslie Anderson, Phyllis Stumbo; &#8220;Ability of the Normal Human Small Intestine to Absorb Fructose: Evaluation by Breath Testing&#8221;; Clinical Gastroenterology and Hepatology 2007;5:959-963<br\/>4) Mastropaolo, G., &amp; Rees, W. D. (1987). Evaluation of the hydrogen breath test in man: definition and elimination of the early hydrogen peak. Gut, 28(6), 721-5.<br\/>5) Simr\u00e9n, M., &amp; Stotzer, P.-O. (2006). Use and abuse of hydrogen breath tests. Gut, 55(3), 297-303. doi:10.1136\/gut.2005.075127<br\/>6) Yang, J.-F., Fox, M., Chu, H., Zheng, X., Long, Y.-Q., Pohl, D., &#8230; Dai, N. (2015). Four-sample lactose hydrogen breath test for diagnosis of lactose malabsorption in irritable bowel syndrome patients with diarrhea. World Journal of Gastroenterology, 21(24), 7563. doi:10.3748\/wjg.v21.i24.7563<br\/>7) Methodology and Indications of H2-Breath Testing in Gastrointestinal Diseases: the Rome Consensus Conference. Alimentary Pharmacology &amp; Therapeutics, 29: 1-49. 2009.\ndoi:10.1111\/j.1365-2036.2009.03951.x<br\/>8) Atemtests bei gastrointestinalen Erkrankungen, \u00d6STERREICHISCHE \u00c4RZTEZEITUNG, mai 2022, CAZ State of the Art <\/p>\n","protected":false},"excerpt":{"rendered":"<p>To diagnose intestinal fructose intolerance , it is important to first keep a food and symptom diary for about two weeks. A doctor evaluates the diary and then decides which further tests are necessary for the diagnosis. In the case of intestinal fructose intolerance, this is the H2 breath test. This involves drinking a fructose [&hellip;]<\/p>\n","protected":false},"author":2,"featured_media":313146,"parent":0,"menu_order":82,"comment_status":"closed","ping_status":"closed","template":"","meta":{"_lmt_disableupdate":"","_lmt_disable":"","wprm-recipe-roundup-name":"","wprm-recipe-roundup-description":"","footnotes":""},"class_list":["post-307717","page","type-page","status-publish","has-post-thumbnail","hentry"],"yoast_head":"<!-- This site is optimized with the Yoast SEO Premium plugin v27.4 (Yoast SEO v27.4) - https:\/\/yoast.com\/product\/yoast-seo-premium-wordpress\/ -->\n<title>H2 breath test: Diagnosis of fructose intolerance &#8211; nmi-Portal \u2013 Ern\u00e4hrung im Fokus<\/title>\n<meta name=\"description\" content=\"How can you test for fructose intolerance? Which examinations are useful? Click here to find out all about the H2 breath test and other test methods\" \/>\n<meta name=\"robots\" content=\"index, follow, max-snippet:-1, max-image-preview:large, max-video-preview:-1\" \/>\n<link rel=\"canonical\" href=\"https:\/\/www.nahrungsmittel-intoleranz.com\/en\/diagnosis-of-fructose-intolerance\/\" \/>\n<meta property=\"og:locale\" content=\"en_US\" \/>\n<meta property=\"og:type\" content=\"article\" \/>\n<meta property=\"og:title\" content=\"Diagnosis of fructose intolerance\" \/>\n<meta property=\"og:description\" content=\"How can you test for fructose intolerance? Which examinations are useful? Click here to find out all about the H2 breath test and other test methods\" \/>\n<meta property=\"og:url\" content=\"https:\/\/www.nahrungsmittel-intoleranz.com\/en\/diagnosis-of-fructose-intolerance\/\" \/>\n<meta property=\"og:site_name\" content=\"nmi-Portal \u2013 Ern\u00e4hrung im Fokus\" \/>\n<meta property=\"article:publisher\" content=\"https:\/\/www.researchgate.net\/profile\/Michael_Zechmann\" \/>\n<meta property=\"article:modified_time\" content=\"2024-09-09T12:09:26+00:00\" \/>\n<meta property=\"og:image\" content=\"https:\/\/www.nahrungsmittel-intoleranz.com\/wp-content\/uploads\/H2-Atemtest_KIBing_MZK.jpg\" \/>\n\t<meta property=\"og:image:width\" content=\"1024\" \/>\n\t<meta property=\"og:image:height\" content=\"1024\" \/>\n\t<meta property=\"og:image:type\" content=\"image\/jpeg\" \/>\n<meta name=\"twitter:card\" content=\"summary_large_image\" \/>\n<script type=\"application\/ld+json\" class=\"yoast-schema-graph\">{\"@context\":\"https:\\\/\\\/schema.org\",\"@graph\":[{\"@type\":\"Article\",\"@id\":\"https:\\\/\\\/www.nahrungsmittel-intoleranz.com\\\/en\\\/diagnosis-of-fructose-intolerance\\\/#article\",\"isPartOf\":{\"@id\":\"https:\\\/\\\/www.nahrungsmittel-intoleranz.com\\\/en\\\/diagnosis-of-fructose-intolerance\\\/\"},\"author\":{\"name\":\"Dr. Michael Zechmann-Khreis\",\"@id\":\"https:\\\/\\\/www.nahrungsmittel-intoleranz.com\\\/en\\\/#\\\/schema\\\/person\\\/886bf98ff51d901de32aa6e29968eb8d\"},\"headline\":\"Diagnosis of fructose intolerance\",\"datePublished\":\"2019-05-17T08:15:49+00:00\",\"dateModified\":\"2024-09-09T12:09:26+00:00\",\"mainEntityOfPage\":{\"@id\":\"https:\\\/\\\/www.nahrungsmittel-intoleranz.com\\\/en\\\/diagnosis-of-fructose-intolerance\\\/\"},\"wordCount\":905,\"publisher\":{\"@id\":\"https:\\\/\\\/www.nahrungsmittel-intoleranz.com\\\/#organization\"},\"image\":{\"@id\":\"https:\\\/\\\/www.nahrungsmittel-intoleranz.com\\\/en\\\/diagnosis-of-fructose-intolerance\\\/#primaryimage\"},\"thumbnailUrl\":\"https:\\\/\\\/www.nahrungsmittel-intoleranz.com\\\/wp-content\\\/uploads\\\/H2-Atemtest_KIBing_MZK.jpg\",\"articleSection\":[\"Fructose intolerance information\"],\"inLanguage\":\"en-US\"},{\"@type\":[\"WebPage\",\"MedicalWebPage\"],\"@id\":\"https:\\\/\\\/www.nahrungsmittel-intoleranz.com\\\/en\\\/diagnosis-of-fructose-intolerance\\\/\",\"url\":\"https:\\\/\\\/www.nahrungsmittel-intoleranz.com\\\/en\\\/diagnosis-of-fructose-intolerance\\\/\",\"name\":\"H2 breath test: Diagnosis of fructose intolerance &#8211; nmi-Portal \u2013 Ern\u00e4hrung im Fokus\",\"isPartOf\":{\"@id\":\"https:\\\/\\\/www.nahrungsmittel-intoleranz.com\\\/en\\\/#website\"},\"primaryImageOfPage\":{\"@id\":\"https:\\\/\\\/www.nahrungsmittel-intoleranz.com\\\/en\\\/diagnosis-of-fructose-intolerance\\\/#primaryimage\"},\"image\":{\"@id\":\"https:\\\/\\\/www.nahrungsmittel-intoleranz.com\\\/en\\\/diagnosis-of-fructose-intolerance\\\/#primaryimage\"},\"thumbnailUrl\":\"https:\\\/\\\/www.nahrungsmittel-intoleranz.com\\\/wp-content\\\/uploads\\\/H2-Atemtest_KIBing_MZK.jpg\",\"datePublished\":\"2019-05-17T08:15:49+00:00\",\"dateModified\":\"2024-09-09T12:09:26+00:00\",\"description\":\"How can you test for fructose intolerance? Which examinations are useful? Click here to find out all about the H2 breath test and other test methods\",\"breadcrumb\":{\"@id\":\"https:\\\/\\\/www.nahrungsmittel-intoleranz.com\\\/en\\\/diagnosis-of-fructose-intolerance\\\/#breadcrumb\"},\"inLanguage\":\"en-US\",\"potentialAction\":[{\"@type\":\"ReadAction\",\"target\":[\"https:\\\/\\\/www.nahrungsmittel-intoleranz.com\\\/en\\\/diagnosis-of-fructose-intolerance\\\/\"]}]},{\"@type\":\"ImageObject\",\"inLanguage\":\"en-US\",\"@id\":\"https:\\\/\\\/www.nahrungsmittel-intoleranz.com\\\/en\\\/diagnosis-of-fructose-intolerance\\\/#primaryimage\",\"url\":\"https:\\\/\\\/www.nahrungsmittel-intoleranz.com\\\/wp-content\\\/uploads\\\/H2-Atemtest_KIBing_MZK.jpg\",\"contentUrl\":\"https:\\\/\\\/www.nahrungsmittel-intoleranz.com\\\/wp-content\\\/uploads\\\/H2-Atemtest_KIBing_MZK.jpg\",\"width\":1024,\"height\":1024,\"caption\":\"Person macht H2 Atemtest\"},{\"@type\":\"BreadcrumbList\",\"@id\":\"https:\\\/\\\/www.nahrungsmittel-intoleranz.com\\\/en\\\/diagnosis-of-fructose-intolerance\\\/#breadcrumb\",\"itemListElement\":[{\"@type\":\"ListItem\",\"position\":1,\"name\":\"Startseite\",\"item\":\"https:\\\/\\\/www.nahrungsmittel-intoleranz.com\\\/en\\\/\"},{\"@type\":\"ListItem\",\"position\":2,\"name\":\"Diagnosis of fructose intolerance\"}]},{\"@type\":\"WebSite\",\"@id\":\"https:\\\/\\\/www.nahrungsmittel-intoleranz.com\\\/en\\\/#website\",\"url\":\"https:\\\/\\\/www.nahrungsmittel-intoleranz.com\\\/en\\\/\",\"name\":\"nmi-Portal \u2013 Ern\u00e4hrung im Fokus\",\"description\":\"Laktose, Fruktose, Histaminintoleranz &amp; Darm\",\"publisher\":{\"@id\":\"https:\\\/\\\/www.nahrungsmittel-intoleranz.com\\\/#organization\"},\"alternateName\":\"Portal f\u00fcr Nahrungsmittelintoleranz\",\"potentialAction\":[{\"@type\":\"SearchAction\",\"target\":{\"@type\":\"EntryPoint\",\"urlTemplate\":\"https:\\\/\\\/www.nahrungsmittel-intoleranz.com\\\/en\\\/?s={search_term_string}\"},\"query-input\":{\"@type\":\"PropertyValueSpecification\",\"valueRequired\":true,\"valueName\":\"search_term_string\"}}],\"inLanguage\":\"en-US\"},{\"@type\":\"Person\",\"@id\":\"https:\\\/\\\/www.nahrungsmittel-intoleranz.com\\\/en\\\/#\\\/schema\\\/person\\\/886bf98ff51d901de32aa6e29968eb8d\",\"name\":\"Dr. Michael Zechmann-Khreis\",\"image\":{\"@type\":\"ImageObject\",\"inLanguage\":\"en-US\",\"@id\":\"https:\\\/\\\/www.nahrungsmittel-intoleranz.com\\\/wp-content\\\/uploads\\\/Zechmann__web.jpg\",\"url\":\"https:\\\/\\\/www.nahrungsmittel-intoleranz.com\\\/wp-content\\\/uploads\\\/Zechmann__web.jpg\",\"contentUrl\":\"https:\\\/\\\/www.nahrungsmittel-intoleranz.com\\\/wp-content\\\/uploads\\\/Zechmann__web.jpg\",\"width\":800,\"height\":800,\"caption\":\"Dr. Michael Zechmann-Khreis\"},\"logo\":{\"@id\":\"https:\\\/\\\/www.nahrungsmittel-intoleranz.com\\\/wp-content\\\/uploads\\\/Zechmann__web.jpg\"},\"description\":\"Dr. Michael Zechmann-Khreis ist Ern\u00e4hrungsbiologe und Gr\u00fcnder des nmi-Portals. Er ist Professor an der P\u00e4dagogischen Hochschule Tirol (Professur f\u00fcr Ern\u00e4hrungswissenschaft, Nachhaltigkeit und Gesundheit), ist Autor verschiedener Ern\u00e4hrungsb\u00fccher und bloggt hier \u00fcber seine Erfahrungen als Betroffener (Laktose- und Fruktoseintoleranz) sowie \u00fcber allgemeine Ern\u00e4hrungsthemen.\",\"sameAs\":[\"https:\\\/\\\/scholar.google.com\\\/citations?user=8ZsLoCgAAAAJ&amp;hl=de\",\"https:\\\/\\\/www.researchgate.net\\\/profile\\\/Michael_Zechmann\",\"https:\\\/\\\/orcid.org\\\/0009-0004-7792-935X\",\"https:\\\/\\\/oesterreichwiki.org\\\/wiki\\\/Michael_Zechmann-Khreis\"],\"honorificPrefix\":\"Mag. Dr.\",\"gender\":\"m\u00e4nnlich\",\"knowsLanguage\":[\"Deutsch\",\"Englisch\"],\"worksFor\":{\"@type\":\"Organization\",\"name\":\"P\u00e4dagogische Hochschule Tirol\",\"url\":\"https:\\\/\\\/www.ph-tirol.ac.at\\\/\"},\"url\":\"https:\\\/\\\/www.nahrungsmittel-intoleranz.com\\\/en\\\/author\\\/michaelzechmann\\\/\"}]}<\/script>\n<!-- \/ Yoast SEO Premium plugin. -->","yoast_head_json":{"title":"H2 breath test: Diagnosis of fructose intolerance &#8211; nmi-Portal \u2013 Ern\u00e4hrung im Fokus","description":"How can you test for fructose intolerance? Which examinations are useful? Click here to find out all about the H2 breath test and other test methods","robots":{"index":"index","follow":"follow","max-snippet":"max-snippet:-1","max-image-preview":"max-image-preview:large","max-video-preview":"max-video-preview:-1"},"canonical":"https:\/\/www.nahrungsmittel-intoleranz.com\/en\/diagnosis-of-fructose-intolerance\/","og_locale":"en_US","og_type":"article","og_title":"Diagnosis of fructose intolerance","og_description":"How can you test for fructose intolerance? Which examinations are useful? Click here to find out all about the H2 breath test and other test methods","og_url":"https:\/\/www.nahrungsmittel-intoleranz.com\/en\/diagnosis-of-fructose-intolerance\/","og_site_name":"nmi-Portal \u2013 Ern\u00e4hrung im Fokus","article_publisher":"https:\/\/www.researchgate.net\/profile\/Michael_Zechmann","article_modified_time":"2024-09-09T12:09:26+00:00","og_image":[{"width":1024,"height":1024,"url":"https:\/\/www.nahrungsmittel-intoleranz.com\/wp-content\/uploads\/H2-Atemtest_KIBing_MZK.jpg","type":"image\/jpeg"}],"twitter_card":"summary_large_image","schema":{"@context":"https:\/\/schema.org","@graph":[{"@type":"Article","@id":"https:\/\/www.nahrungsmittel-intoleranz.com\/en\/diagnosis-of-fructose-intolerance\/#article","isPartOf":{"@id":"https:\/\/www.nahrungsmittel-intoleranz.com\/en\/diagnosis-of-fructose-intolerance\/"},"author":{"name":"Dr. Michael Zechmann-Khreis","@id":"https:\/\/www.nahrungsmittel-intoleranz.com\/en\/#\/schema\/person\/886bf98ff51d901de32aa6e29968eb8d"},"headline":"Diagnosis of fructose intolerance","datePublished":"2019-05-17T08:15:49+00:00","dateModified":"2024-09-09T12:09:26+00:00","mainEntityOfPage":{"@id":"https:\/\/www.nahrungsmittel-intoleranz.com\/en\/diagnosis-of-fructose-intolerance\/"},"wordCount":905,"publisher":{"@id":"https:\/\/www.nahrungsmittel-intoleranz.com\/#organization"},"image":{"@id":"https:\/\/www.nahrungsmittel-intoleranz.com\/en\/diagnosis-of-fructose-intolerance\/#primaryimage"},"thumbnailUrl":"https:\/\/www.nahrungsmittel-intoleranz.com\/wp-content\/uploads\/H2-Atemtest_KIBing_MZK.jpg","articleSection":["Fructose intolerance information"],"inLanguage":"en-US"},{"@type":["WebPage","MedicalWebPage"],"@id":"https:\/\/www.nahrungsmittel-intoleranz.com\/en\/diagnosis-of-fructose-intolerance\/","url":"https:\/\/www.nahrungsmittel-intoleranz.com\/en\/diagnosis-of-fructose-intolerance\/","name":"H2 breath test: Diagnosis of fructose intolerance &#8211; nmi-Portal \u2013 Ern\u00e4hrung im Fokus","isPartOf":{"@id":"https:\/\/www.nahrungsmittel-intoleranz.com\/en\/#website"},"primaryImageOfPage":{"@id":"https:\/\/www.nahrungsmittel-intoleranz.com\/en\/diagnosis-of-fructose-intolerance\/#primaryimage"},"image":{"@id":"https:\/\/www.nahrungsmittel-intoleranz.com\/en\/diagnosis-of-fructose-intolerance\/#primaryimage"},"thumbnailUrl":"https:\/\/www.nahrungsmittel-intoleranz.com\/wp-content\/uploads\/H2-Atemtest_KIBing_MZK.jpg","datePublished":"2019-05-17T08:15:49+00:00","dateModified":"2024-09-09T12:09:26+00:00","description":"How can you test for fructose intolerance? Which examinations are useful? Click here to find out all about the H2 breath test and other test methods","breadcrumb":{"@id":"https:\/\/www.nahrungsmittel-intoleranz.com\/en\/diagnosis-of-fructose-intolerance\/#breadcrumb"},"inLanguage":"en-US","potentialAction":[{"@type":"ReadAction","target":["https:\/\/www.nahrungsmittel-intoleranz.com\/en\/diagnosis-of-fructose-intolerance\/"]}]},{"@type":"ImageObject","inLanguage":"en-US","@id":"https:\/\/www.nahrungsmittel-intoleranz.com\/en\/diagnosis-of-fructose-intolerance\/#primaryimage","url":"https:\/\/www.nahrungsmittel-intoleranz.com\/wp-content\/uploads\/H2-Atemtest_KIBing_MZK.jpg","contentUrl":"https:\/\/www.nahrungsmittel-intoleranz.com\/wp-content\/uploads\/H2-Atemtest_KIBing_MZK.jpg","width":1024,"height":1024,"caption":"Person macht H2 Atemtest"},{"@type":"BreadcrumbList","@id":"https:\/\/www.nahrungsmittel-intoleranz.com\/en\/diagnosis-of-fructose-intolerance\/#breadcrumb","itemListElement":[{"@type":"ListItem","position":1,"name":"Startseite","item":"https:\/\/www.nahrungsmittel-intoleranz.com\/en\/"},{"@type":"ListItem","position":2,"name":"Diagnosis of fructose intolerance"}]},{"@type":"WebSite","@id":"https:\/\/www.nahrungsmittel-intoleranz.com\/en\/#website","url":"https:\/\/www.nahrungsmittel-intoleranz.com\/en\/","name":"nmi-Portal \u2013 Ern\u00e4hrung im Fokus","description":"Laktose, Fruktose, Histaminintoleranz &amp; Darm","publisher":{"@id":"https:\/\/www.nahrungsmittel-intoleranz.com\/#organization"},"alternateName":"Portal f\u00fcr Nahrungsmittelintoleranz","potentialAction":[{"@type":"SearchAction","target":{"@type":"EntryPoint","urlTemplate":"https:\/\/www.nahrungsmittel-intoleranz.com\/en\/?s={search_term_string}"},"query-input":{"@type":"PropertyValueSpecification","valueRequired":true,"valueName":"search_term_string"}}],"inLanguage":"en-US"},{"@type":"Person","@id":"https:\/\/www.nahrungsmittel-intoleranz.com\/en\/#\/schema\/person\/886bf98ff51d901de32aa6e29968eb8d","name":"Dr. Michael Zechmann-Khreis","image":{"@type":"ImageObject","inLanguage":"en-US","@id":"https:\/\/www.nahrungsmittel-intoleranz.com\/wp-content\/uploads\/Zechmann__web.jpg","url":"https:\/\/www.nahrungsmittel-intoleranz.com\/wp-content\/uploads\/Zechmann__web.jpg","contentUrl":"https:\/\/www.nahrungsmittel-intoleranz.com\/wp-content\/uploads\/Zechmann__web.jpg","width":800,"height":800,"caption":"Dr. Michael Zechmann-Khreis"},"logo":{"@id":"https:\/\/www.nahrungsmittel-intoleranz.com\/wp-content\/uploads\/Zechmann__web.jpg"},"description":"Dr. Michael Zechmann-Khreis ist Ern\u00e4hrungsbiologe und Gr\u00fcnder des nmi-Portals. Er ist Professor an der P\u00e4dagogischen Hochschule Tirol (Professur f\u00fcr Ern\u00e4hrungswissenschaft, Nachhaltigkeit und Gesundheit), ist Autor verschiedener Ern\u00e4hrungsb\u00fccher und bloggt hier \u00fcber seine Erfahrungen als Betroffener (Laktose- und Fruktoseintoleranz) sowie \u00fcber allgemeine Ern\u00e4hrungsthemen.","sameAs":["https:\/\/scholar.google.com\/citations?user=8ZsLoCgAAAAJ&amp;hl=de","https:\/\/www.researchgate.net\/profile\/Michael_Zechmann","https:\/\/orcid.org\/0009-0004-7792-935X","https:\/\/oesterreichwiki.org\/wiki\/Michael_Zechmann-Khreis"],"honorificPrefix":"Mag. Dr.","gender":"m\u00e4nnlich","knowsLanguage":["Deutsch","Englisch"],"worksFor":{"@type":"Organization","name":"P\u00e4dagogische Hochschule Tirol","url":"https:\/\/www.ph-tirol.ac.at\/"},"url":"https:\/\/www.nahrungsmittel-intoleranz.com\/en\/author\/michaelzechmann\/"}]}},"_links":{"self":[{"href":"https:\/\/www.nahrungsmittel-intoleranz.com\/en\/wp-json\/wp\/v2\/pages\/307717","targetHints":{"allow":["GET"]}}],"collection":[{"href":"https:\/\/www.nahrungsmittel-intoleranz.com\/en\/wp-json\/wp\/v2\/pages"}],"about":[{"href":"https:\/\/www.nahrungsmittel-intoleranz.com\/en\/wp-json\/wp\/v2\/types\/page"}],"author":[{"embeddable":true,"href":"https:\/\/www.nahrungsmittel-intoleranz.com\/en\/wp-json\/wp\/v2\/users\/2"}],"replies":[{"embeddable":true,"href":"https:\/\/www.nahrungsmittel-intoleranz.com\/en\/wp-json\/wp\/v2\/comments?post=307717"}],"version-history":[{"count":0,"href":"https:\/\/www.nahrungsmittel-intoleranz.com\/en\/wp-json\/wp\/v2\/pages\/307717\/revisions"}],"wp:featuredmedia":[{"embeddable":true,"href":"https:\/\/www.nahrungsmittel-intoleranz.com\/en\/wp-json\/wp\/v2\/media\/313146"}],"wp:attachment":[{"href":"https:\/\/www.nahrungsmittel-intoleranz.com\/en\/wp-json\/wp\/v2\/media?parent=307717"}],"curies":[{"name":"wp","href":"https:\/\/api.w.org\/{rel}","templated":true}]}}