{"id":307714,"date":"2019-03-22T21:42:15","date_gmt":"2019-03-22T21:42:15","guid":{"rendered":"https:\/\/www.nahrungsmittel-intoleranz.com\/imprint\/"},"modified":"2025-08-16T08:03:16","modified_gmt":"2025-08-16T08:03:16","slug":"imprint","status":"publish","type":"page","link":"https:\/\/www.nahrungsmittel-intoleranz.com\/en\/imprint\/","title":{"rendered":"Imprint"},"content":{"rendered":"\n<p><a href=\"https:\/\/www.nahrungsmittel-intoleranz.com\/en\/privacy\/\">Link to the terms of use and privacy policy&#8230;<\/a><\/p>\n\n<h2 class=\"wp-block-heading\" id=\"h-offenlegeung-nach-medien-gesetz-25-abs-5-impressum\">Disclosure in accordance with the Media Act \u00a7 25 para. 5 \/ Imprint<\/h2>\n\n<p><strong>Office address:<\/strong><\/p>\n\n<p>Dr. Michael Zechmann-Khreis e.U. <br\/>MZK-Verlag<br\/>Dr.-Stumpf-Str. 130 | 6020 Innsbruck <br\/>Office address: Unternehmerpark 7, Aldrans near Innsbruck<\/p>\n\n<p><strong>Images<\/strong><br\/>All images are marked accordingly with a copyright notice. Most of the images are generated by AI, from unsplash.com, a free image database or were taken by us.  Purchased images have also been labeled as such. If you discover an image that you believe constitutes an infringement, please let us know so that we can react accordingly and remove the image if necessary.<\/p>\n\n<p><strong><em>Editor-in-Chief<\/em><\/strong><br\/><strong>Mag.rer.nat. Dr. phil. * Michael Zechmann<\/strong><strong>-Khreis<\/strong> &#8211; nutritional biologist (relevant research areas: Food intolerances, public health, gut health); <br\/>Science journalist, non-fiction author; President of the &#8220;Society for Public Health&#8221; (4.3. 2010 &#8211; 30.9.2020)<br\/>Contact: <a href=\"mailto:redaktion@nahrungsmittel-intoleranz.com\">redaktion@nahrungsmittel-intoleranz.com<\/a><\/p>\n\n<p><em>Scientific advice <\/em><br\/><strong>Alexander Osl<\/strong> &#8211; dietician; specialist with medical or health science training;<br\/><strong>Anastasios Sitaridis<\/strong> &#8211; naturopath, certified orthomolecular physician &amp; nutritive physician<br\/><br\/><\/p>\n\n<p><em><strong>* University academic degrees:<\/strong><\/em><br\/>Mag. rer. nat. (Magister\/Magistra rerum naturalium, Magister\/Magistra of Natural Science)<br\/>Dr. phil. (Doctor of Philosophy; Doctor philosophiae)<br\/>Dr. med.<em>(Doctor of Medicine and Medical Science<\/em> ( <em>Dr. med. univ. et scient. med.<\/em>))<\/p>\n\n<h2 class=\"wp-block-heading\" id=\"h-e-mail-adressen\">E-mail addresses<\/h2>\n\n<p>Please note: We cannot, may not and do NOT offer nutritional advice. We cannot and will not answer questions of this kind.<br\/>General inquiries: <a href=\"mailto:infos@nahrungsmittel-intoleranz.com\">infos@nahrungsmittel-intoleranz.com<\/a><\/p>\n\n<p>Inquiries to the editorial office: <a><\/a><a href=\"mailto:redaktion@nahrungsmittel-intoleranz.com\">redaktion@nahrungsmittel-intoleranz.com<\/a><\/p>\n\n<p>Production location: Innsbruck, Tyrol<br\/>Technology: <a href=\"mailto:infos@nahrungsmittel-intoleranz.com\">infos@nahrungsmittel-intoleranz.com<\/a><\/p>\n\n<p>The nmi portal accepts no liability whatsoever for any incorrect cooking recipes or content and any damage or impairment of any kind resulting from following or using them.  <br\/><br\/>Liability claims against the nmi portal or the company Dr. Michael Wolfgang Zechmann-Khreis e.U. (also referred to as the company or MZK-Verlag) relating to material or immaterial damage caused by the use or non-use of the information provided or by the use of incorrect or incomplete information are fundamentally excluded.<br\/>The use of this website does not constitute any contractual relationship, in particular no information contract, between the user and the company. Therefore, there are no contractual or quasi-contractual claims against the company. The nmi team expressly reserves the right to change, supplement or delete parts of the pages or the entire website without prior notice or to cease publication temporarily or permanently.<\/p>\n\n<h3 class=\"wp-block-heading\" id=\"h-wir-danken-folgenden-firmen-fur-die-unterstutzung\">We would like to thank the following companies for their support<\/h3>\n\n<p><a href=\"http:\/\/www.klang-farbe.com\/werbeagentur\/agentur_fuer_webdesign_innsbruck.html\" target=\"_blank\" rel=\"noreferrer noopener\">klangfarbe &#8211; Consulting agency for SEO<\/a><\/p>\n\n<p><a target=\"_blank\" href=\"http:\/\/www.webforum.at\/\" rel=\"noreferrer noopener\">webforum.at <\/a>&#8211; Hosting and server support<\/p>\n","protected":false},"excerpt":{"rendered":"<p>Link to the terms of use and privacy policy&#8230; Disclosure in accordance with the Media Act \u00a7 25 para. 5 \/ Imprint Office address: Dr. Michael Zechmann-Khreis e.U. MZK-VerlagDr.-Stumpf-Str. 130 | 6020 Innsbruck Office address: Unternehmerpark 7, Aldrans near Innsbruck ImagesAll images are marked accordingly with a copyright notice. Most of the images are generated [&hellip;]<\/p>\n","protected":false},"author":2,"featured_media":0,"parent":0,"menu_order":106,"comment_status":"closed","ping_status":"closed","template":"","meta":{"_lmt_disableupdate":"","_lmt_disable":"","wprm-recipe-roundup-name":"","wprm-recipe-roundup-description":"","footnotes":""},"class_list":["post-307714","page","type-page","status-publish","hentry"],"yoast_head":"<!-- This site is optimized with the Yoast SEO Premium plugin v27.4 (Yoast SEO v27.4) - https:\/\/yoast.com\/product\/yoast-seo-premium-wordpress\/ -->\n<title>Imprint &#8211; nmi-Portal \u2013 Ern\u00e4hrung im Fokus<\/title>\n<meta name=\"description\" content=\"Imprint and address of the nmi portal\" \/>\n<meta name=\"robots\" content=\"noindex, follow\" \/>\n<meta property=\"og:locale\" content=\"en_US\" \/>\n<meta property=\"og:type\" content=\"article\" \/>\n<meta property=\"og:title\" content=\"Imprint\" \/>\n<meta property=\"og:description\" content=\"Imprint and address of the nmi portal\" \/>\n<meta property=\"og:url\" content=\"https:\/\/www.nahrungsmittel-intoleranz.com\/en\/imprint\/\" \/>\n<meta property=\"og:site_name\" content=\"nmi-Portal \u2013 Ern\u00e4hrung im Fokus\" \/>\n<meta property=\"article:publisher\" content=\"https:\/\/www.researchgate.net\/profile\/Michael_Zechmann\" \/>\n<meta property=\"article:modified_time\" content=\"2025-08-16T08:03:16+00:00\" \/>\n<meta property=\"og:image\" content=\"https:\/\/www.nahrungsmittel-intoleranz.com\/wp-content\/uploads\/Close-up-extreme-macro-photograph-of-fresh-chicken-tomato-salad-and-a-glass-of-white-wine.-Moody-low-key-lighting-strong-shadows-emphasizing-textures.jpg\" \/>\n\t<meta property=\"og:image:width\" content=\"1024\" \/>\n\t<meta property=\"og:image:height\" content=\"1024\" \/>\n\t<meta property=\"og:image:type\" content=\"image\/jpeg\" \/>\n<meta name=\"twitter:card\" content=\"summary_large_image\" \/>\n<script type=\"application\/ld+json\" class=\"yoast-schema-graph\">{\"@context\":\"https:\\\/\\\/schema.org\",\"@graph\":[{\"@type\":\"Article\",\"@id\":\"https:\\\/\\\/www.nahrungsmittel-intoleranz.com\\\/en\\\/imprint\\\/#article\",\"isPartOf\":{\"@id\":\"https:\\\/\\\/www.nahrungsmittel-intoleranz.com\\\/en\\\/imprint\\\/\"},\"author\":{\"name\":\"Dr. Michael Zechmann-Khreis\",\"@id\":\"https:\\\/\\\/www.nahrungsmittel-intoleranz.com\\\/en\\\/#\\\/schema\\\/person\\\/886bf98ff51d901de32aa6e29968eb8d\"},\"headline\":\"Imprint\",\"datePublished\":\"2019-03-22T21:42:15+00:00\",\"dateModified\":\"2025-08-16T08:03:16+00:00\",\"mainEntityOfPage\":{\"@id\":\"https:\\\/\\\/www.nahrungsmittel-intoleranz.com\\\/en\\\/imprint\\\/\"},\"wordCount\":406,\"publisher\":{\"@id\":\"https:\\\/\\\/www.nahrungsmittel-intoleranz.com\\\/#organization\"},\"inLanguage\":\"en-US\"},{\"@type\":[\"WebPage\",\"MedicalWebPage\"],\"@id\":\"https:\\\/\\\/www.nahrungsmittel-intoleranz.com\\\/en\\\/imprint\\\/\",\"url\":\"https:\\\/\\\/www.nahrungsmittel-intoleranz.com\\\/en\\\/imprint\\\/\",\"name\":\"Imprint &#8211; nmi-Portal \u2013 Ern\u00e4hrung im Fokus\",\"isPartOf\":{\"@id\":\"https:\\\/\\\/www.nahrungsmittel-intoleranz.com\\\/en\\\/#website\"},\"datePublished\":\"2019-03-22T21:42:15+00:00\",\"dateModified\":\"2025-08-16T08:03:16+00:00\",\"description\":\"Imprint and address of the nmi portal\",\"breadcrumb\":{\"@id\":\"https:\\\/\\\/www.nahrungsmittel-intoleranz.com\\\/en\\\/imprint\\\/#breadcrumb\"},\"inLanguage\":\"en-US\",\"potentialAction\":[{\"@type\":\"ReadAction\",\"target\":[\"https:\\\/\\\/www.nahrungsmittel-intoleranz.com\\\/en\\\/imprint\\\/\"]}]},{\"@type\":\"BreadcrumbList\",\"@id\":\"https:\\\/\\\/www.nahrungsmittel-intoleranz.com\\\/en\\\/imprint\\\/#breadcrumb\",\"itemListElement\":[{\"@type\":\"ListItem\",\"position\":1,\"name\":\"Startseite\",\"item\":\"https:\\\/\\\/www.nahrungsmittel-intoleranz.com\\\/en\\\/\"},{\"@type\":\"ListItem\",\"position\":2,\"name\":\"Imprint\"}]},{\"@type\":\"WebSite\",\"@id\":\"https:\\\/\\\/www.nahrungsmittel-intoleranz.com\\\/en\\\/#website\",\"url\":\"https:\\\/\\\/www.nahrungsmittel-intoleranz.com\\\/en\\\/\",\"name\":\"nmi-Portal \u2013 Ern\u00e4hrung im Fokus\",\"description\":\"Laktose, Fruktose, Histaminintoleranz &amp; Darm\",\"publisher\":{\"@id\":\"https:\\\/\\\/www.nahrungsmittel-intoleranz.com\\\/#organization\"},\"alternateName\":\"Portal f\u00fcr Nahrungsmittelintoleranz\",\"potentialAction\":[{\"@type\":\"SearchAction\",\"target\":{\"@type\":\"EntryPoint\",\"urlTemplate\":\"https:\\\/\\\/www.nahrungsmittel-intoleranz.com\\\/en\\\/?s={search_term_string}\"},\"query-input\":{\"@type\":\"PropertyValueSpecification\",\"valueRequired\":true,\"valueName\":\"search_term_string\"}}],\"inLanguage\":\"en-US\"},{\"@type\":\"Person\",\"@id\":\"https:\\\/\\\/www.nahrungsmittel-intoleranz.com\\\/en\\\/#\\\/schema\\\/person\\\/886bf98ff51d901de32aa6e29968eb8d\",\"name\":\"Dr. Michael Zechmann-Khreis\",\"image\":{\"@type\":\"ImageObject\",\"inLanguage\":\"en-US\",\"@id\":\"https:\\\/\\\/www.nahrungsmittel-intoleranz.com\\\/wp-content\\\/uploads\\\/Zechmann__web.jpg\",\"url\":\"https:\\\/\\\/www.nahrungsmittel-intoleranz.com\\\/wp-content\\\/uploads\\\/Zechmann__web.jpg\",\"contentUrl\":\"https:\\\/\\\/www.nahrungsmittel-intoleranz.com\\\/wp-content\\\/uploads\\\/Zechmann__web.jpg\",\"width\":800,\"height\":800,\"caption\":\"Dr. Michael Zechmann-Khreis\"},\"logo\":{\"@id\":\"https:\\\/\\\/www.nahrungsmittel-intoleranz.com\\\/wp-content\\\/uploads\\\/Zechmann__web.jpg\"},\"description\":\"Dr. Michael Zechmann-Khreis ist Ern\u00e4hrungsbiologe und Gr\u00fcnder des nmi-Portals. Er ist Professor an der P\u00e4dagogischen Hochschule Tirol (Professur f\u00fcr Ern\u00e4hrungswissenschaft, Nachhaltigkeit und Gesundheit), ist Autor verschiedener Ern\u00e4hrungsb\u00fccher und bloggt hier \u00fcber seine Erfahrungen als Betroffener (Laktose- und Fruktoseintoleranz) sowie \u00fcber allgemeine Ern\u00e4hrungsthemen.\",\"sameAs\":[\"https:\\\/\\\/scholar.google.com\\\/citations?user=8ZsLoCgAAAAJ&amp;hl=de\",\"https:\\\/\\\/www.researchgate.net\\\/profile\\\/Michael_Zechmann\",\"https:\\\/\\\/orcid.org\\\/0009-0004-7792-935X\",\"https:\\\/\\\/oesterreichwiki.org\\\/wiki\\\/Michael_Zechmann-Khreis\"],\"honorificPrefix\":\"Mag. Dr.\",\"gender\":\"m\u00e4nnlich\",\"knowsLanguage\":[\"Deutsch\",\"Englisch\"],\"worksFor\":{\"@type\":\"Organization\",\"name\":\"P\u00e4dagogische Hochschule Tirol\",\"url\":\"https:\\\/\\\/www.ph-tirol.ac.at\\\/\"},\"url\":\"https:\\\/\\\/www.nahrungsmittel-intoleranz.com\\\/en\\\/author\\\/michaelzechmann\\\/\"}]}<\/script>\n<!-- \/ Yoast SEO Premium plugin. -->","yoast_head_json":{"title":"Imprint &#8211; nmi-Portal \u2013 Ern\u00e4hrung im Fokus","description":"Imprint and address of the nmi portal","robots":{"index":"noindex","follow":"follow"},"og_locale":"en_US","og_type":"article","og_title":"Imprint","og_description":"Imprint and address of the nmi portal","og_url":"https:\/\/www.nahrungsmittel-intoleranz.com\/en\/imprint\/","og_site_name":"nmi-Portal \u2013 Ern\u00e4hrung im Fokus","article_publisher":"https:\/\/www.researchgate.net\/profile\/Michael_Zechmann","article_modified_time":"2025-08-16T08:03:16+00:00","og_image":[{"width":1024,"height":1024,"url":"https:\/\/www.nahrungsmittel-intoleranz.com\/wp-content\/uploads\/Close-up-extreme-macro-photograph-of-fresh-chicken-tomato-salad-and-a-glass-of-white-wine.-Moody-low-key-lighting-strong-shadows-emphasizing-textures.jpg","type":"image\/jpeg"}],"twitter_card":"summary_large_image","schema":{"@context":"https:\/\/schema.org","@graph":[{"@type":"Article","@id":"https:\/\/www.nahrungsmittel-intoleranz.com\/en\/imprint\/#article","isPartOf":{"@id":"https:\/\/www.nahrungsmittel-intoleranz.com\/en\/imprint\/"},"author":{"name":"Dr. Michael Zechmann-Khreis","@id":"https:\/\/www.nahrungsmittel-intoleranz.com\/en\/#\/schema\/person\/886bf98ff51d901de32aa6e29968eb8d"},"headline":"Imprint","datePublished":"2019-03-22T21:42:15+00:00","dateModified":"2025-08-16T08:03:16+00:00","mainEntityOfPage":{"@id":"https:\/\/www.nahrungsmittel-intoleranz.com\/en\/imprint\/"},"wordCount":406,"publisher":{"@id":"https:\/\/www.nahrungsmittel-intoleranz.com\/#organization"},"inLanguage":"en-US"},{"@type":["WebPage","MedicalWebPage"],"@id":"https:\/\/www.nahrungsmittel-intoleranz.com\/en\/imprint\/","url":"https:\/\/www.nahrungsmittel-intoleranz.com\/en\/imprint\/","name":"Imprint &#8211; nmi-Portal \u2013 Ern\u00e4hrung im Fokus","isPartOf":{"@id":"https:\/\/www.nahrungsmittel-intoleranz.com\/en\/#website"},"datePublished":"2019-03-22T21:42:15+00:00","dateModified":"2025-08-16T08:03:16+00:00","description":"Imprint and address of the nmi portal","breadcrumb":{"@id":"https:\/\/www.nahrungsmittel-intoleranz.com\/en\/imprint\/#breadcrumb"},"inLanguage":"en-US","potentialAction":[{"@type":"ReadAction","target":["https:\/\/www.nahrungsmittel-intoleranz.com\/en\/imprint\/"]}]},{"@type":"BreadcrumbList","@id":"https:\/\/www.nahrungsmittel-intoleranz.com\/en\/imprint\/#breadcrumb","itemListElement":[{"@type":"ListItem","position":1,"name":"Startseite","item":"https:\/\/www.nahrungsmittel-intoleranz.com\/en\/"},{"@type":"ListItem","position":2,"name":"Imprint"}]},{"@type":"WebSite","@id":"https:\/\/www.nahrungsmittel-intoleranz.com\/en\/#website","url":"https:\/\/www.nahrungsmittel-intoleranz.com\/en\/","name":"nmi-Portal \u2013 Ern\u00e4hrung im Fokus","description":"Laktose, Fruktose, Histaminintoleranz &amp; Darm","publisher":{"@id":"https:\/\/www.nahrungsmittel-intoleranz.com\/#organization"},"alternateName":"Portal f\u00fcr Nahrungsmittelintoleranz","potentialAction":[{"@type":"SearchAction","target":{"@type":"EntryPoint","urlTemplate":"https:\/\/www.nahrungsmittel-intoleranz.com\/en\/?s={search_term_string}"},"query-input":{"@type":"PropertyValueSpecification","valueRequired":true,"valueName":"search_term_string"}}],"inLanguage":"en-US"},{"@type":"Person","@id":"https:\/\/www.nahrungsmittel-intoleranz.com\/en\/#\/schema\/person\/886bf98ff51d901de32aa6e29968eb8d","name":"Dr. Michael Zechmann-Khreis","image":{"@type":"ImageObject","inLanguage":"en-US","@id":"https:\/\/www.nahrungsmittel-intoleranz.com\/wp-content\/uploads\/Zechmann__web.jpg","url":"https:\/\/www.nahrungsmittel-intoleranz.com\/wp-content\/uploads\/Zechmann__web.jpg","contentUrl":"https:\/\/www.nahrungsmittel-intoleranz.com\/wp-content\/uploads\/Zechmann__web.jpg","width":800,"height":800,"caption":"Dr. Michael Zechmann-Khreis"},"logo":{"@id":"https:\/\/www.nahrungsmittel-intoleranz.com\/wp-content\/uploads\/Zechmann__web.jpg"},"description":"Dr. Michael Zechmann-Khreis ist Ern\u00e4hrungsbiologe und Gr\u00fcnder des nmi-Portals. Er ist Professor an der P\u00e4dagogischen Hochschule Tirol (Professur f\u00fcr Ern\u00e4hrungswissenschaft, Nachhaltigkeit und Gesundheit), ist Autor verschiedener Ern\u00e4hrungsb\u00fccher und bloggt hier \u00fcber seine Erfahrungen als Betroffener (Laktose- und Fruktoseintoleranz) sowie \u00fcber allgemeine Ern\u00e4hrungsthemen.","sameAs":["https:\/\/scholar.google.com\/citations?user=8ZsLoCgAAAAJ&amp;hl=de","https:\/\/www.researchgate.net\/profile\/Michael_Zechmann","https:\/\/orcid.org\/0009-0004-7792-935X","https:\/\/oesterreichwiki.org\/wiki\/Michael_Zechmann-Khreis"],"honorificPrefix":"Mag. Dr.","gender":"m\u00e4nnlich","knowsLanguage":["Deutsch","Englisch"],"worksFor":{"@type":"Organization","name":"P\u00e4dagogische Hochschule Tirol","url":"https:\/\/www.ph-tirol.ac.at\/"},"url":"https:\/\/www.nahrungsmittel-intoleranz.com\/en\/author\/michaelzechmann\/"}]}},"_links":{"self":[{"href":"https:\/\/www.nahrungsmittel-intoleranz.com\/en\/wp-json\/wp\/v2\/pages\/307714","targetHints":{"allow":["GET"]}}],"collection":[{"href":"https:\/\/www.nahrungsmittel-intoleranz.com\/en\/wp-json\/wp\/v2\/pages"}],"about":[{"href":"https:\/\/www.nahrungsmittel-intoleranz.com\/en\/wp-json\/wp\/v2\/types\/page"}],"author":[{"embeddable":true,"href":"https:\/\/www.nahrungsmittel-intoleranz.com\/en\/wp-json\/wp\/v2\/users\/2"}],"replies":[{"embeddable":true,"href":"https:\/\/www.nahrungsmittel-intoleranz.com\/en\/wp-json\/wp\/v2\/comments?post=307714"}],"version-history":[{"count":0,"href":"https:\/\/www.nahrungsmittel-intoleranz.com\/en\/wp-json\/wp\/v2\/pages\/307714\/revisions"}],"wp:attachment":[{"href":"https:\/\/www.nahrungsmittel-intoleranz.com\/en\/wp-json\/wp\/v2\/media?parent=307714"}],"curies":[{"name":"wp","href":"https:\/\/api.w.org\/{rel}","templated":true}]}}